{"id":754,"date":"2021-06-26T09:04:05","date_gmt":"2021-06-26T07:04:05","guid":{"rendered":"https:\/\/ccn-pale.org\/?page_id=754"},"modified":"2021-06-26T09:16:37","modified_gmt":"2021-06-26T07:16:37","slug":"article-18-remuneration","status":"publish","type":"page","link":"https:\/\/ccn-pale.org\/index.php\/ingenieurs-et-cadres\/article-18-remuneration\/","title":{"rendered":"Article 18 \u2013 R\u00e9mun\u00e9ration"},"content":{"rendered":"\n<p class=\"has-text-color\" style=\"color:#037878\"><a><em>(Introduit par l\u2019accord n\u00b0106 du 24 f\u00e9vrier 2017)<\/em><\/a><em><\/em><\/p>\n\n\n\n<p>Le b) et le 1er alin\u00e9a du c) de l\u2019article 21 de la convention nationale du 17 janvier 1952 ne sont pas applicables aux cadres.<\/p>\n\n\n\n<p>Pour un horaire \u00e9quivalent \u00e0 la dur\u00e9e l\u00e9gale hebdomadaire, la r\u00e9mun\u00e9ration mensuelle due au salari\u00e9 se calcule en multipliant son salaire horaire effectif par les 52\/12 de la dur\u00e9e l\u00e9gale hebdomadaire.<\/p>\n\n\n\n<p>Sans pr\u00e9judice des dispositions concernant la modulation et l\u2019annualisation, les r\u00e9mun\u00e9rations mensuelles, effectives, seront adapt\u00e9es \u00e0 l\u2019horaire r\u00e9el.<\/p>\n\n\n\n<div class=\"wp-block-buttons is-layout-flex wp-block-buttons-is-layout-flex\">\n<div class=\"wp-block-button\"><a class=\"wp-block-button__link has-background\" href=\"https:\/\/ccn-pale.org\/index.php\/ingenieurs-et-cadres\/article-17-salaires-minima\/\" style=\"background-color:#037878\">Article pr\u00e9c\u00e9dent<\/a><\/div>\n\n\n\n<div class=\"wp-block-button is-style-outline is-style-outline--1\"><a class=\"wp-block-button__link has-text-color\" href=\"https:\/\/ccn-pale.org\/index.php\/ingenieurs-et-cadres\/article-19-prime-annuelle\/\" style=\"color:#037878\">Article suivant<\/a><\/div>\n<\/div>\n","protected":false},"excerpt":{"rendered":"<p>(Introduit par l\u2019accord n\u00b0106 du 24 f\u00e9vrier 2017) Le b) et le 1er alin\u00e9a du c) de l\u2019article 21 de la convention nationale du 17 janvier 1952 ne sont pas applicables aux cadres. Pour un horaire \u00e9quivalent \u00e0 la dur\u00e9e l\u00e9gale hebdomadaire, la r\u00e9mun\u00e9ration mensuelle &hellip; <\/p>\n","protected":false},"author":1,"featured_media":0,"parent":207,"menu_order":18,"comment_status":"closed","ping_status":"closed","template":"","meta":{"footnotes":""},"class_list":["post-754","page","type-page","status-publish","hentry"],"_links":{"self":[{"href":"https:\/\/ccn-pale.org\/index.php\/wp-json\/wp\/v2\/pages\/754","targetHints":{"allow":["GET"]}}],"collection":[{"href":"https:\/\/ccn-pale.org\/index.php\/wp-json\/wp\/v2\/pages"}],"about":[{"href":"https:\/\/ccn-pale.org\/index.php\/wp-json\/wp\/v2\/types\/page"}],"author":[{"embeddable":true,"href":"https:\/\/ccn-pale.org\/index.php\/wp-json\/wp\/v2\/users\/1"}],"replies":[{"embeddable":true,"href":"https:\/\/ccn-pale.org\/index.php\/wp-json\/wp\/v2\/comments?post=754"}],"version-history":[{"count":2,"href":"https:\/\/ccn-pale.org\/index.php\/wp-json\/wp\/v2\/pages\/754\/revisions"}],"predecessor-version":[{"id":773,"href":"https:\/\/ccn-pale.org\/index.php\/wp-json\/wp\/v2\/pages\/754\/revisions\/773"}],"up":[{"embeddable":true,"href":"https:\/\/ccn-pale.org\/index.php\/wp-json\/wp\/v2\/pages\/207"}],"wp:attachment":[{"href":"https:\/\/ccn-pale.org\/index.php\/wp-json\/wp\/v2\/media?parent=754"}],"curies":[{"name":"wp","href":"https:\/\/api.w.org\/{rel}","templated":true}]}}