{"id":751,"date":"2021-06-26T08:48:59","date_gmt":"2021-06-26T06:48:59","guid":{"rendered":"https:\/\/ccn-pale.org\/?page_id=751"},"modified":"2021-06-26T09:16:13","modified_gmt":"2021-06-26T07:16:13","slug":"article-17-salaires-minima","status":"publish","type":"page","link":"https:\/\/ccn-pale.org\/index.php\/ingenieurs-et-cadres\/article-17-salaires-minima\/","title":{"rendered":"Article 17 \u2013 Salaires minima"},"content":{"rendered":"\n<p class=\"has-text-color\" style=\"color:#037878\"><a><em>(Introduit par l\u2019accord n\u00b0106 du 24 f\u00e9vrier 2017)<\/em><\/a><em><\/em><\/p>\n\n\n\n<p>Il est fix\u00e9 une grille des salaires minima annuels pour les coefficients hi\u00e9rarchiques du 350 au 700. En cas d\u2019arriv\u00e9e ou de d\u00e9part en cours d\u2019ann\u00e9e, le respect du salaire minima se fait au prorata temporis.<\/p>\n\n\n\n<p>Le salaire horaire effectif est d\u00e9fini contractuellement.<\/p>\n\n\n\n<div class=\"wp-block-buttons is-layout-flex wp-block-buttons-is-layout-flex\">\n<div class=\"wp-block-button\"><a class=\"wp-block-button__link has-background\" href=\"https:\/\/ccn-pale.org\/index.php\/ingenieurs-et-cadres\/article-16-mesures-daccompagnement-en-cas-de-changement-de-residence\/\" style=\"background-color:#037878\">Article pr\u00e9c\u00e9dent<\/a><\/div>\n\n\n\n<div class=\"wp-block-button is-style-outline is-style-outline--1\"><a class=\"wp-block-button__link has-text-color\" href=\"https:\/\/ccn-pale.org\/index.php\/ingenieurs-et-cadres\/article-18-remuneration\/\" style=\"color:#037878\">Article suivant<\/a><\/div>\n<\/div>\n","protected":false},"excerpt":{"rendered":"<p>(Introduit par l\u2019accord n\u00b0106 du 24 f\u00e9vrier 2017) Il est fix\u00e9 une grille des salaires minima annuels pour les coefficients hi\u00e9rarchiques du 350 au 700. En cas d\u2019arriv\u00e9e ou de d\u00e9part en cours d\u2019ann\u00e9e, le respect du salaire minima se fait au prorata temporis. Le &hellip; <\/p>\n","protected":false},"author":1,"featured_media":0,"parent":207,"menu_order":17,"comment_status":"closed","ping_status":"closed","template":"","meta":{"footnotes":""},"class_list":["post-751","page","type-page","status-publish","hentry"],"_links":{"self":[{"href":"https:\/\/ccn-pale.org\/index.php\/wp-json\/wp\/v2\/pages\/751","targetHints":{"allow":["GET"]}}],"collection":[{"href":"https:\/\/ccn-pale.org\/index.php\/wp-json\/wp\/v2\/pages"}],"about":[{"href":"https:\/\/ccn-pale.org\/index.php\/wp-json\/wp\/v2\/types\/page"}],"author":[{"embeddable":true,"href":"https:\/\/ccn-pale.org\/index.php\/wp-json\/wp\/v2\/users\/1"}],"replies":[{"embeddable":true,"href":"https:\/\/ccn-pale.org\/index.php\/wp-json\/wp\/v2\/comments?post=751"}],"version-history":[{"count":2,"href":"https:\/\/ccn-pale.org\/index.php\/wp-json\/wp\/v2\/pages\/751\/revisions"}],"predecessor-version":[{"id":772,"href":"https:\/\/ccn-pale.org\/index.php\/wp-json\/wp\/v2\/pages\/751\/revisions\/772"}],"up":[{"embeddable":true,"href":"https:\/\/ccn-pale.org\/index.php\/wp-json\/wp\/v2\/pages\/207"}],"wp:attachment":[{"href":"https:\/\/ccn-pale.org\/index.php\/wp-json\/wp\/v2\/media?parent=751"}],"curies":[{"name":"wp","href":"https:\/\/api.w.org\/{rel}","templated":true}]}}