{"id":738,"date":"2021-06-26T08:33:37","date_gmt":"2021-06-26T06:33:37","guid":{"rendered":"https:\/\/ccn-pale.org\/?page_id=738"},"modified":"2021-06-26T09:14:03","modified_gmt":"2021-06-26T07:14:03","slug":"article-13-depart-a-la-retraite","status":"publish","type":"page","link":"https:\/\/ccn-pale.org\/index.php\/ingenieurs-et-cadres\/article-13-depart-a-la-retraite\/","title":{"rendered":"Article 13 \u2013 D\u00e9part \u00e0 la retraite"},"content":{"rendered":"\n<p class=\"has-text-color\" style=\"color:#037878\"><a><em>(Actualis\u00e9 par l\u2019accord n\u00b084 du 11 f\u00e9vier 2010)<\/em><\/a><em><\/em><\/p>\n\n\n\n<p>Tout ing\u00e9nieur ou cadre, d\u00e8s lors qu\u2019il remplit les conditions pour b\u00e9n\u00e9ficier d\u2019une retraite \u00e0 taux plein au titre du r\u00e9gime g\u00e9n\u00e9ral de la s\u00e9curit\u00e9 sociale, pourra prendre sa retraite apr\u00e8s pr\u00e9avis de 6 mois.<\/p>\n\n\n\n<p>Il percevra \u00e0 cette occasion une indemnit\u00e9 de d\u00e9part en retraite telle que d\u00e9termin\u00e9e dans le tableau ci-dessous&nbsp;:<\/p>\n\n\n\n<figure class=\"wp-block-table\"><table><tbody><tr><td><strong>Anciennet\u00e9 en ann\u00e9es<\/strong><\/td><td><strong>Indemnit\u00e9 en mois<\/strong><\/td><td><strong>Anciennet\u00e9 en ann\u00e9es<\/strong><\/td><td><strong>Indemnit\u00e9 en mois<\/strong><\/td><td><strong>Anciennet\u00e9 en ann\u00e9es<\/strong><\/td><td><strong>Indemnit\u00e9 en mois<\/strong><\/td><\/tr><tr><td>1<\/td><td>0,05<\/td><td>15<\/td><td>2,38<\/td><td>29<\/td><td>4,13<\/td><\/tr><tr><td>2<\/td><td>0,10<\/td><td>16<\/td><td>2,50<\/td><td>30<\/td><td>4,25<\/td><\/tr><tr><td>3<\/td><td>0,15<\/td><td>17<\/td><td>2,63<\/td><td>31<\/td><td>4,38<\/td><\/tr><tr><td>4<\/td><td>0,60<\/td><td>18<\/td><td>2,75<\/td><td>32<\/td><td>4,50<\/td><\/tr><tr><td>5<\/td><td>1,13<\/td><td>19<\/td><td>2,88<\/td><td>33<\/td><td>4,63<\/td><\/tr><tr><td>6<\/td><td>1,25<\/td><td>20<\/td><td>3,00<\/td><td>34<\/td><td>4,75<\/td><\/tr><tr><td>7<\/td><td>1,38<\/td><td>21<\/td><td>3,13<\/td><td>35<\/td><td>4,88<\/td><\/tr><tr><td>8<\/td><td>1,50<\/td><td>22<\/td><td>3,25<\/td><td>36<\/td><td>5,00<\/td><\/tr><tr><td>9<\/td><td>1,63<\/td><td>23<\/td><td>3,38<\/td><td>37<\/td><td>5,13<\/td><\/tr><tr><td>10<\/td><td>1,75<\/td><td>24<\/td><td>3,50<\/td><td>38<\/td><td>5,25<\/td><\/tr><tr><td>11<\/td><td>1,88<\/td><td>25<\/td><td>3,63<\/td><td>39<\/td><td>5,38<\/td><\/tr><tr><td>12<\/td><td>2,00<\/td><td>26<\/td><td>3,75<\/td><td>40<\/td><td>5,50<\/td><\/tr><tr><td>13<\/td><td>2,13<\/td><td>27<\/td><td>3,88<\/td><td>&nbsp;<\/td><td>&nbsp;<\/td><\/tr><tr><td>14<\/td><td>2,25<\/td><td>28<\/td><td>4,00<\/td><td>&nbsp;<\/td><td>&nbsp;<\/td><\/tr><\/tbody><\/table><\/figure>\n\n\n\n<p>L\u2019indemnit\u00e9 est major\u00e9e de 1\/8\u00e8me mois par ann\u00e9e d\u2019anciennet\u00e9 au-del\u00e0 de 40 ans.<\/p>\n\n\n\n<p>Apr\u00e8s un an d\u2019anciennet\u00e9, en cas d\u2019ann\u00e9e incompl\u00e8te, l\u2019indemnit\u00e9 est calcul\u00e9e prorata des mois de pr\u00e9sence.<\/p>\n\n\n\n<p>Le salaire \u00e0 prendre en consid\u00e9ration pour le calcul des indemnit\u00e9s pr\u00e9vues ci-dessus est le douzi\u00e8me de la r\u00e9mun\u00e9ration des douze derniers mois pr\u00e9c\u00e9dant la r\u00e9siliation ou, selon la formule la plus avantageuse pour l\u2019int\u00e9ress\u00e9, le tiers des trois derniers mois, \u00e9tant entendu que, dans ce cas, toute prime ou gratification de caract\u00e8re annuel ou exceptionnel qui aurait \u00e9t\u00e9 vers\u00e9e au salari\u00e9 pendant cette p\u00e9riode ne serait prise en compte au titre de cette p\u00e9riode que pour le quart de son montant.<\/p>\n\n\n\n<div class=\"wp-block-buttons is-layout-flex wp-block-buttons-is-layout-flex\">\n<div class=\"wp-block-button is-style-fill\"><a class=\"wp-block-button__link has-background\" href=\"https:\/\/ccn-pale.org\/index.php\/ingenieurs-et-cadres\/article-12-indemnite-de-licenciement-indemnite-de-rupture-conventionnelle-1\/\" style=\"background-color:#037878\">Article pr\u00e9c\u00e9dent<\/a><\/div>\n\n\n\n<div class=\"wp-block-button is-style-outline is-style-outline--1\"><a class=\"wp-block-button__link has-text-color\" href=\"https:\/\/ccn-pale.org\/index.php\/ingenieurs-et-cadres\/article-14-mise-a-la-retraite\/\" style=\"color:#037878\">Article suivant<\/a><\/div>\n<\/div>\n","protected":false},"excerpt":{"rendered":"<p>(Actualis\u00e9 par l\u2019accord n\u00b084 du 11 f\u00e9vier 2010) Tout ing\u00e9nieur ou cadre, d\u00e8s lors qu\u2019il remplit les conditions pour b\u00e9n\u00e9ficier d\u2019une retraite \u00e0 taux plein au titre du r\u00e9gime g\u00e9n\u00e9ral de la s\u00e9curit\u00e9 sociale, pourra prendre sa retraite apr\u00e8s pr\u00e9avis de 6 mois. Il percevra &hellip; <\/p>\n","protected":false},"author":1,"featured_media":0,"parent":207,"menu_order":13,"comment_status":"closed","ping_status":"closed","template":"","meta":{"footnotes":""},"class_list":["post-738","page","type-page","status-publish","hentry"],"_links":{"self":[{"href":"https:\/\/ccn-pale.org\/index.php\/wp-json\/wp\/v2\/pages\/738","targetHints":{"allow":["GET"]}}],"collection":[{"href":"https:\/\/ccn-pale.org\/index.php\/wp-json\/wp\/v2\/pages"}],"about":[{"href":"https:\/\/ccn-pale.org\/index.php\/wp-json\/wp\/v2\/types\/page"}],"author":[{"embeddable":true,"href":"https:\/\/ccn-pale.org\/index.php\/wp-json\/wp\/v2\/users\/1"}],"replies":[{"embeddable":true,"href":"https:\/\/ccn-pale.org\/index.php\/wp-json\/wp\/v2\/comments?post=738"}],"version-history":[{"count":2,"href":"https:\/\/ccn-pale.org\/index.php\/wp-json\/wp\/v2\/pages\/738\/revisions"}],"predecessor-version":[{"id":768,"href":"https:\/\/ccn-pale.org\/index.php\/wp-json\/wp\/v2\/pages\/738\/revisions\/768"}],"up":[{"embeddable":true,"href":"https:\/\/ccn-pale.org\/index.php\/wp-json\/wp\/v2\/pages\/207"}],"wp:attachment":[{"href":"https:\/\/ccn-pale.org\/index.php\/wp-json\/wp\/v2\/media?parent=738"}],"curies":[{"name":"wp","href":"https:\/\/api.w.org\/{rel}","templated":true}]}}