{"id":729,"date":"2021-06-26T08:09:56","date_gmt":"2021-06-26T06:09:56","guid":{"rendered":"https:\/\/ccn-pale.org\/?page_id=729"},"modified":"2021-06-26T09:12:27","modified_gmt":"2021-06-26T07:12:27","slug":"article-10-prime-danciennete","status":"publish","type":"page","link":"https:\/\/ccn-pale.org\/index.php\/ingenieurs-et-cadres\/article-10-prime-danciennete\/","title":{"rendered":"Article 10 &#8211; Prime d&rsquo;anciennet\u00e9"},"content":{"rendered":"\n<p>Il est attribu\u00e9 aux ing\u00e9nieurs et cadres une prime en fonction de l&rsquo;anciennet\u00e9 continue acquise depuis l&rsquo;entr\u00e9e dans l&rsquo;entreprise. Les absences justifi\u00e9es pr\u00e9vues \u00e0 l&rsquo;article 3 des dispositions g\u00e9n\u00e9rales n&rsquo;affectent pas la continuit\u00e9 de l&rsquo;anciennet\u00e9 dans l&rsquo;entreprise.<\/p>\n\n\n\n<p>Cette prime, ind\u00e9pendante du salaire proprement dit, s&rsquo;ajoute au salaire effectif de l\u2019int\u00e9ress\u00e9.<\/p>\n\n\n\n<p>Pour la part du salaire \u00e9gale au plafond de la s\u00e9curit\u00e9 sociale, cette indemnit\u00e9 est calcul\u00e9e sur ce salaire aux taux respectifs de :<\/p>\n\n\n\n<ul class=\"wp-block-list\"><li>3 p 100 apr\u00e8s 3 ans d&rsquo;anciennet\u00e9 ;<\/li><li>6 p 100 apr\u00e8s 6 ans d&rsquo;anciennet\u00e9 ;<\/li><li>9 p 100 apr\u00e8s 9 ans d&rsquo;anciennet\u00e9 ;<\/li><li>12 p 100 apr\u00e8s 12 ans d&rsquo;anciennet\u00e9 ;<\/li><li>15 p 100 apr\u00e8s 15 ans d&rsquo;anciennet\u00e9 et au-dessus.<\/li><\/ul>\n\n\n\n<p>Pour la part sup\u00e9rieure au plafond de la s\u00e9curit\u00e9 sociale la prime est calcul\u00e9e sur des taux respectivement \u00e9gaux \u00e0 50 p 100 des taux pr\u00e9c\u00e9dents.<\/p>\n\n\n\n<p>Ces dispositions s\u2019appliquent sauf dans les cas r\u00e9sultant de la mise en \u0153uvre des dispositions particuli\u00e8res de l\u2019accord n\u00b048 du 2 d\u00e9cembre 1998.<\/p>\n\n\n\n<div class=\"wp-block-buttons is-layout-flex wp-block-buttons-is-layout-flex\">\n<div class=\"wp-block-button is-style-fill\"><a class=\"wp-block-button__link has-background\" href=\"https:\/\/ccn-pale.org\/index.php\/ingenieurs-et-cadres\/article-9-regime-de-retraite-et-de-prevoyance\/\" style=\"background-color:#037878\">Article pr\u00e9c\u00e9dent<\/a><\/div>\n\n\n\n<div class=\"wp-block-button is-style-outline is-style-outline--1\"><a class=\"wp-block-button__link has-text-color\" href=\"https:\/\/ccn-pale.org\/index.php\/ingenieurs-et-cadres\/article-11-preavis\/\" style=\"color:#037878\">Article suivant<\/a><\/div>\n<\/div>\n","protected":false},"excerpt":{"rendered":"<p>Il est attribu\u00e9 aux ing\u00e9nieurs et cadres une prime en fonction de l&rsquo;anciennet\u00e9 continue acquise depuis l&rsquo;entr\u00e9e dans l&rsquo;entreprise. Les absences justifi\u00e9es pr\u00e9vues \u00e0 l&rsquo;article 3 des dispositions g\u00e9n\u00e9rales n&rsquo;affectent pas la continuit\u00e9 de l&rsquo;anciennet\u00e9 dans l&rsquo;entreprise. Cette prime, ind\u00e9pendante du salaire proprement dit, s&rsquo;ajoute &hellip; <\/p>\n","protected":false},"author":1,"featured_media":0,"parent":207,"menu_order":10,"comment_status":"closed","ping_status":"closed","template":"","meta":{"footnotes":""},"class_list":["post-729","page","type-page","status-publish","hentry"],"_links":{"self":[{"href":"https:\/\/ccn-pale.org\/index.php\/wp-json\/wp\/v2\/pages\/729","targetHints":{"allow":["GET"]}}],"collection":[{"href":"https:\/\/ccn-pale.org\/index.php\/wp-json\/wp\/v2\/pages"}],"about":[{"href":"https:\/\/ccn-pale.org\/index.php\/wp-json\/wp\/v2\/types\/page"}],"author":[{"embeddable":true,"href":"https:\/\/ccn-pale.org\/index.php\/wp-json\/wp\/v2\/users\/1"}],"replies":[{"embeddable":true,"href":"https:\/\/ccn-pale.org\/index.php\/wp-json\/wp\/v2\/comments?post=729"}],"version-history":[{"count":2,"href":"https:\/\/ccn-pale.org\/index.php\/wp-json\/wp\/v2\/pages\/729\/revisions"}],"predecessor-version":[{"id":765,"href":"https:\/\/ccn-pale.org\/index.php\/wp-json\/wp\/v2\/pages\/729\/revisions\/765"}],"up":[{"embeddable":true,"href":"https:\/\/ccn-pale.org\/index.php\/wp-json\/wp\/v2\/pages\/207"}],"wp:attachment":[{"href":"https:\/\/ccn-pale.org\/index.php\/wp-json\/wp\/v2\/media?parent=729"}],"curies":[{"name":"wp","href":"https:\/\/api.w.org\/{rel}","templated":true}]}}