{"id":726,"date":"2021-06-26T08:03:56","date_gmt":"2021-06-26T06:03:56","guid":{"rendered":"https:\/\/ccn-pale.org\/?page_id=726"},"modified":"2025-03-06T14:17:46","modified_gmt":"2025-03-06T13:17:46","slug":"article-9-regime-de-retraite-et-de-prevoyance","status":"publish","type":"page","link":"https:\/\/ccn-pale.org\/index.php\/ingenieurs-et-cadres\/article-9-regime-de-retraite-et-de-prevoyance\/","title":{"rendered":"Article 9 &#8211; R\u00e9gime de retraite et de pr\u00e9voyance"},"content":{"rendered":"\n<p class=\"has-text-color\" style=\"color:#037878\"><a><em>(Actualis\u00e9 par l\u2019accord n\u00b081 du 8 juillet 2009)<\/em><\/a><\/p>\n\n\n\n<p>Outre les avantages pr\u00e9vus par l&rsquo;article 40 des dispositions g\u00e9n\u00e9rales les cadres b\u00e9n\u00e9ficient de droit au r\u00e9gime de retraite et de pr\u00e9voyance institu\u00e9 par la convention collective nationale du 14 mars 1947.<\/p>\n\n\n\n<p>En dehors du r\u00e9gime de retraite obligatoire, les cadres peuvent \u00e9galement adh\u00e9rer, avec l&rsquo;accord et la participation de l&#8217;employeur, au r\u00e9gime suppl\u00e9mentaire institu\u00e9 en vue de permettre aux int\u00e9ress\u00e9s de b\u00e9n\u00e9ficier d&rsquo;un compl\u00e9ment de retraite et \u00e9ventuellement de diverses prestations concernant les risques maladie, d\u00e9c\u00e8s, invalidit\u00e9, etc.<\/p>\n\n\n\n<p>Il est particuli\u00e8rement recommand\u00e9 aux employeurs de faire adh\u00e9rer \u00e0 ce r\u00e9gime suppl\u00e9mentaire tout leur personnel b\u00e9n\u00e9ficiaire de la pr\u00e9sente annexe. <\/p>\n\n\n\n<div class=\"wp-block-buttons is-layout-flex wp-block-buttons-is-layout-flex\">\n<div class=\"wp-block-button is-style-fill\"><a class=\"wp-block-button__link has-background wp-element-button\" href=\"https:\/\/ccn-pale.org\/index.php\/ingenieurs-et-cadres\/article-8-deplacements\/\" style=\"background-color:#037878\">Article pr\u00e9c\u00e9dent<\/a><\/div>\n\n\n\n<div class=\"wp-block-button is-style-outline is-style-outline--1\"><a class=\"wp-block-button__link has-text-color wp-element-button\" href=\"https:\/\/ccn-pale.org\/index.php\/ingenieurs-et-cadres\/article-10-prime-danciennete\/\" style=\"color:#037878\">Article suivant<\/a><\/div>\n<\/div>\n","protected":false},"excerpt":{"rendered":"<p>(Actualis\u00e9 par l\u2019accord n\u00b081 du 8 juillet 2009) Outre les avantages pr\u00e9vus par l&rsquo;article 40 des dispositions g\u00e9n\u00e9rales les cadres b\u00e9n\u00e9ficient de droit au r\u00e9gime de retraite et de pr\u00e9voyance institu\u00e9 par la convention collective nationale du 14 mars 1947. En dehors du r\u00e9gime de &hellip; <\/p>\n","protected":false},"author":1,"featured_media":0,"parent":207,"menu_order":9,"comment_status":"closed","ping_status":"closed","template":"","meta":{"footnotes":""},"class_list":["post-726","page","type-page","status-publish","hentry"],"_links":{"self":[{"href":"https:\/\/ccn-pale.org\/index.php\/wp-json\/wp\/v2\/pages\/726","targetHints":{"allow":["GET"]}}],"collection":[{"href":"https:\/\/ccn-pale.org\/index.php\/wp-json\/wp\/v2\/pages"}],"about":[{"href":"https:\/\/ccn-pale.org\/index.php\/wp-json\/wp\/v2\/types\/page"}],"author":[{"embeddable":true,"href":"https:\/\/ccn-pale.org\/index.php\/wp-json\/wp\/v2\/users\/1"}],"replies":[{"embeddable":true,"href":"https:\/\/ccn-pale.org\/index.php\/wp-json\/wp\/v2\/comments?post=726"}],"version-history":[{"count":4,"href":"https:\/\/ccn-pale.org\/index.php\/wp-json\/wp\/v2\/pages\/726\/revisions"}],"predecessor-version":[{"id":1192,"href":"https:\/\/ccn-pale.org\/index.php\/wp-json\/wp\/v2\/pages\/726\/revisions\/1192"}],"up":[{"embeddable":true,"href":"https:\/\/ccn-pale.org\/index.php\/wp-json\/wp\/v2\/pages\/207"}],"wp:attachment":[{"href":"https:\/\/ccn-pale.org\/index.php\/wp-json\/wp\/v2\/media?parent=726"}],"curies":[{"name":"wp","href":"https:\/\/api.w.org\/{rel}","templated":true}]}}