{"id":723,"date":"2021-06-26T07:59:09","date_gmt":"2021-06-26T05:59:09","guid":{"rendered":"https:\/\/ccn-pale.org\/?page_id=723"},"modified":"2021-06-26T09:11:19","modified_gmt":"2021-06-26T07:11:19","slug":"article-8-deplacements","status":"publish","type":"page","link":"https:\/\/ccn-pale.org\/index.php\/ingenieurs-et-cadres\/article-8-deplacements\/","title":{"rendered":"Article 8 &#8211; D\u00e9placements"},"content":{"rendered":"\n<p>Les frais de voyage et de s\u00e9jour pour les besoins du service sont \u00e0 la charge de l&#8217;employeur.<\/p>\n\n\n\n<p>Les d\u00e9placements effectu\u00e9s par air en accord avec l&#8217;employeur seront couverts par une police d&rsquo;assurance sp\u00e9cialement souscrite par l&#8217;employeur pour un montant \u00e9gal \u00e0 cinq ann\u00e9es du dernier traitement du cadre int\u00e9ress\u00e9.<\/p>\n\n\n\n<div class=\"wp-block-buttons is-layout-flex wp-block-buttons-is-layout-flex\">\n<div class=\"wp-block-button is-style-fill\"><a class=\"wp-block-button__link has-background\" href=\"https:\/\/ccn-pale.org\/index.php\/ingenieurs-et-cadres\/article-7-absences\/\" style=\"background-color:#037878\">Article pr\u00e9c\u00e9dent<\/a><\/div>\n\n\n\n<div class=\"wp-block-button is-style-outline is-style-outline--1\"><a class=\"wp-block-button__link has-text-color\" href=\"https:\/\/ccn-pale.org\/index.php\/ingenieurs-et-cadres\/article-9-regime-de-retraite-et-de-prevoyance\/\" style=\"color:#037878\">Article suivant<\/a><\/div>\n<\/div>\n","protected":false},"excerpt":{"rendered":"<p>Les frais de voyage et de s\u00e9jour pour les besoins du service sont \u00e0 la charge de l&#8217;employeur. Les d\u00e9placements effectu\u00e9s par air en accord avec l&#8217;employeur seront couverts par une police d&rsquo;assurance sp\u00e9cialement souscrite par l&#8217;employeur pour un montant \u00e9gal \u00e0 cinq ann\u00e9es du &hellip; <\/p>\n","protected":false},"author":1,"featured_media":0,"parent":207,"menu_order":8,"comment_status":"closed","ping_status":"closed","template":"","meta":{"footnotes":""},"class_list":["post-723","page","type-page","status-publish","hentry"],"_links":{"self":[{"href":"https:\/\/ccn-pale.org\/index.php\/wp-json\/wp\/v2\/pages\/723","targetHints":{"allow":["GET"]}}],"collection":[{"href":"https:\/\/ccn-pale.org\/index.php\/wp-json\/wp\/v2\/pages"}],"about":[{"href":"https:\/\/ccn-pale.org\/index.php\/wp-json\/wp\/v2\/types\/page"}],"author":[{"embeddable":true,"href":"https:\/\/ccn-pale.org\/index.php\/wp-json\/wp\/v2\/users\/1"}],"replies":[{"embeddable":true,"href":"https:\/\/ccn-pale.org\/index.php\/wp-json\/wp\/v2\/comments?post=723"}],"version-history":[{"count":2,"href":"https:\/\/ccn-pale.org\/index.php\/wp-json\/wp\/v2\/pages\/723\/revisions"}],"predecessor-version":[{"id":763,"href":"https:\/\/ccn-pale.org\/index.php\/wp-json\/wp\/v2\/pages\/723\/revisions\/763"}],"up":[{"embeddable":true,"href":"https:\/\/ccn-pale.org\/index.php\/wp-json\/wp\/v2\/pages\/207"}],"wp:attachment":[{"href":"https:\/\/ccn-pale.org\/index.php\/wp-json\/wp\/v2\/media?parent=723"}],"curies":[{"name":"wp","href":"https:\/\/api.w.org\/{rel}","templated":true}]}}