{"id":718,"date":"2021-06-26T07:51:29","date_gmt":"2021-06-26T05:51:29","guid":{"rendered":"https:\/\/ccn-pale.org\/?page_id=718"},"modified":"2021-06-26T09:10:33","modified_gmt":"2021-06-26T07:10:33","slug":"article-7-absences","status":"publish","type":"page","link":"https:\/\/ccn-pale.org\/index.php\/ingenieurs-et-cadres\/article-7-absences\/","title":{"rendered":"Article 7 &#8211; Absences"},"content":{"rendered":"\n<p>Outre les avantages pr\u00e9vus \u00e0 l\u2019article 40 des dispositions g\u00e9n\u00e9rales, le cadre, dont le contrat se trouve suspendu par suite de maladie ou d&rsquo;accident, apr\u00e8s deux ans d&rsquo;anciennet\u00e9 dans les fonctions de cadre dans l&rsquo;entreprise, continuera \u00e0 percevoir son traitement \u00e0 plein tarif pendant les trois premiers mois et \u00e0 demi-tarif pendant les trois mois suivants, sous d\u00e9duction des indemnit\u00e9s journali\u00e8res vers\u00e9es par la s\u00e9curit\u00e9 sociale et le cas \u00e9ch\u00e9ant par les institutions de pr\u00e9voyance.<\/p>\n\n\n\n<p>Chacune de ces p\u00e9riodes de trois mois sera augment\u00e9e d&rsquo;un mois par cinq ann\u00e9es de pr\u00e9sence, mais ne pourra d\u00e9passer six mois.<\/p>\n\n\n\n<p>Si plusieurs cong\u00e9s de maladie ou d\u2019accident ont lieu au cours d&rsquo;une m\u00eame ann\u00e9e civile, la dur\u00e9e totale d&rsquo;indemnisation ne pourra d\u00e9passer au cours de cette m\u00eame ann\u00e9e la dur\u00e9e \u00e0 laquelle l&rsquo;anciennet\u00e9 de l&rsquo;int\u00e9ress\u00e9 lui donne droit au d\u00e9but du premier cong\u00e9 de ladite ann\u00e9e.<\/p>\n\n\n\n<p>Les traitements vers\u00e9s dans les conditions d\u00e9crites ci-dessus s&rsquo;entendent sous d\u00e9duction des prestations que les int\u00e9ress\u00e9s per\u00e7oivent, soit au titre de la s\u00e9curit\u00e9 sociale ou des r\u00e9gimes compl\u00e9mentaires de retraite et de pr\u00e9voyance des cadres, soit au titre de tout autre r\u00e9gime de pr\u00e9voyance auquel participe l&rsquo;entreprise.<\/p>\n\n\n\n<p>Les ing\u00e9nieurs ou cadres f\u00e9minins ayant plus de deux ans de pr\u00e9sence dans l&rsquo;entreprise b\u00e9n\u00e9ficieront en cas de maternit\u00e9 d&rsquo;une p\u00e9riode de repos aux conditions pr\u00e9vues par l&rsquo;article 36 des dispositions g\u00e9n\u00e9rales. Leurs appointements leur seront pay\u00e9s pendant cette p\u00e9riode sous d\u00e9duction des indemnit\u00e9s journali\u00e8res per\u00e7ues. A l&rsquo;expiration de la p\u00e9riode de repos, des mises en disponibilit\u00e9 pourront \u00eatre fix\u00e9es en accord avec l&#8217;employeur.<\/p>\n\n\n\n<div class=\"wp-block-buttons is-layout-flex wp-block-buttons-is-layout-flex\">\n<div class=\"wp-block-button is-style-fill\"><a class=\"wp-block-button__link has-background\" href=\"https:\/\/ccn-pale.org\/index.php\/ingenieurs-et-cadres\/article-6-contrat-a-duree-determinee-a-objet-defini\/\" style=\"background-color:#037878\">Article pr\u00e9c\u00e9dent<\/a><\/div>\n\n\n\n<div class=\"wp-block-button is-style-outline is-style-outline--1\"><a class=\"wp-block-button__link has-text-color\" href=\"https:\/\/ccn-pale.org\/index.php\/ingenieurs-et-cadres\/article-8-deplacements\/\" style=\"color:#037878\">Article suivant<\/a><\/div>\n<\/div>\n","protected":false},"excerpt":{"rendered":"<p>Outre les avantages pr\u00e9vus \u00e0 l\u2019article 40 des dispositions g\u00e9n\u00e9rales, le cadre, dont le contrat se trouve suspendu par suite de maladie ou d&rsquo;accident, apr\u00e8s deux ans d&rsquo;anciennet\u00e9 dans les fonctions de cadre dans l&rsquo;entreprise, continuera \u00e0 percevoir son traitement \u00e0 plein tarif pendant les &hellip; <\/p>\n","protected":false},"author":1,"featured_media":0,"parent":207,"menu_order":7,"comment_status":"closed","ping_status":"closed","template":"","meta":{"footnotes":""},"class_list":["post-718","page","type-page","status-publish","hentry"],"_links":{"self":[{"href":"https:\/\/ccn-pale.org\/index.php\/wp-json\/wp\/v2\/pages\/718","targetHints":{"allow":["GET"]}}],"collection":[{"href":"https:\/\/ccn-pale.org\/index.php\/wp-json\/wp\/v2\/pages"}],"about":[{"href":"https:\/\/ccn-pale.org\/index.php\/wp-json\/wp\/v2\/types\/page"}],"author":[{"embeddable":true,"href":"https:\/\/ccn-pale.org\/index.php\/wp-json\/wp\/v2\/users\/1"}],"replies":[{"embeddable":true,"href":"https:\/\/ccn-pale.org\/index.php\/wp-json\/wp\/v2\/comments?post=718"}],"version-history":[{"count":3,"href":"https:\/\/ccn-pale.org\/index.php\/wp-json\/wp\/v2\/pages\/718\/revisions"}],"predecessor-version":[{"id":762,"href":"https:\/\/ccn-pale.org\/index.php\/wp-json\/wp\/v2\/pages\/718\/revisions\/762"}],"up":[{"embeddable":true,"href":"https:\/\/ccn-pale.org\/index.php\/wp-json\/wp\/v2\/pages\/207"}],"wp:attachment":[{"href":"https:\/\/ccn-pale.org\/index.php\/wp-json\/wp\/v2\/media?parent=718"}],"curies":[{"name":"wp","href":"https:\/\/api.w.org\/{rel}","templated":true}]}}