{"id":664,"date":"2021-06-25T20:09:05","date_gmt":"2021-06-25T18:09:05","guid":{"rendered":"https:\/\/ccn-pale.org\/?page_id=664"},"modified":"2025-03-06T14:23:43","modified_gmt":"2025-03-06T13:23:43","slug":"article-9-regime-de-retraite","status":"publish","type":"page","link":"https:\/\/ccn-pale.org\/index.php\/tam\/article-9-regime-de-retraite\/","title":{"rendered":"Article 9 &#8211; R\u00e9gime de pr\u00e9voyance"},"content":{"rendered":"\n<p class=\"has-text-color\" style=\"color:#037878\"><a><em>(Actualis\u00e9 par l\u2019accord n\u00b0118 du 4 avril 2024)<\/em><\/a><\/p>\n\n\n\n<p>Les entreprises ont la facult\u00e9 de faire b\u00e9n\u00e9ficier les TAM dont le coefficient est compris entre 205 (inclus) et 295 (inclus) du r\u00e9gime de pr\u00e9voyance pr\u00e9vu par l&rsquo;accord national interprofessionnel du 17 novembre 2017 relatif \u00e0 la pr\u00e9voyance des cadres. Au sein de la fourchette ainsi d\u00e9finie, elles peuvent d\u00e9terminer le coefficient \u00e0 partir duquel l&rsquo;ensemble des TAM compris entre ce dernier et le coefficient 295 (inclus) sont int\u00e9gr\u00e9s au r\u00e9gime de pr\u00e9voyance des cadres. <\/p>\n\n\n\n<p>Les TAM dont le coefficient est compris entre 305 (inclus) et 345 (inclus) b\u00e9n\u00e9ficient du r\u00e9gime de pr\u00e9voyance pr\u00e9vu par l&rsquo;accord national interprofessionnel du 17 novembre 2017 relatif \u00e0 la pr\u00e9voyance des cadres.<\/p>\n\n\n\n<div class=\"wp-block-buttons is-layout-flex wp-block-buttons-is-layout-flex\">\n<div class=\"wp-block-button\"><a class=\"wp-block-button__link has-background wp-element-button\" href=\"https:\/\/ccn-pale.org\/index.php\/tam\/article-8-primes-danciennete\/\" style=\"background-color:#037878\">Article pr\u00e9c\u00e9dent<\/a><\/div>\n\n\n\n<div class=\"wp-block-button is-style-outline is-style-outline--1\"><a class=\"wp-block-button__link has-text-color wp-element-button\" href=\"https:\/\/ccn-pale.org\/index.php\/tam\/article-10-indemnite-de-licenciement-indemnite-de-rupture-conventionnelle-1\/\" style=\"color:#037878\">Article suivant<\/a><\/div>\n<\/div>\n","protected":false},"excerpt":{"rendered":"<p>(Actualis\u00e9 par l\u2019accord n\u00b0118 du 4 avril 2024) Les entreprises ont la facult\u00e9 de faire b\u00e9n\u00e9ficier les TAM dont le coefficient est compris entre 205 (inclus) et 295 (inclus) du r\u00e9gime de pr\u00e9voyance pr\u00e9vu par l&rsquo;accord national interprofessionnel du 17 novembre 2017 relatif \u00e0 la &hellip; <\/p>\n","protected":false},"author":1,"featured_media":0,"parent":230,"menu_order":9,"comment_status":"closed","ping_status":"closed","template":"","meta":{"footnotes":""},"class_list":["post-664","page","type-page","status-publish","hentry"],"_links":{"self":[{"href":"https:\/\/ccn-pale.org\/index.php\/wp-json\/wp\/v2\/pages\/664","targetHints":{"allow":["GET"]}}],"collection":[{"href":"https:\/\/ccn-pale.org\/index.php\/wp-json\/wp\/v2\/pages"}],"about":[{"href":"https:\/\/ccn-pale.org\/index.php\/wp-json\/wp\/v2\/types\/page"}],"author":[{"embeddable":true,"href":"https:\/\/ccn-pale.org\/index.php\/wp-json\/wp\/v2\/users\/1"}],"replies":[{"embeddable":true,"href":"https:\/\/ccn-pale.org\/index.php\/wp-json\/wp\/v2\/comments?post=664"}],"version-history":[{"count":5,"href":"https:\/\/ccn-pale.org\/index.php\/wp-json\/wp\/v2\/pages\/664\/revisions"}],"predecessor-version":[{"id":1194,"href":"https:\/\/ccn-pale.org\/index.php\/wp-json\/wp\/v2\/pages\/664\/revisions\/1194"}],"up":[{"embeddable":true,"href":"https:\/\/ccn-pale.org\/index.php\/wp-json\/wp\/v2\/pages\/230"}],"wp:attachment":[{"href":"https:\/\/ccn-pale.org\/index.php\/wp-json\/wp\/v2\/media?parent=664"}],"curies":[{"name":"wp","href":"https:\/\/api.w.org\/{rel}","templated":true}]}}