{"id":653,"date":"2021-06-25T19:57:46","date_gmt":"2021-06-25T17:57:46","guid":{"rendered":"https:\/\/ccn-pale.org\/?page_id=653"},"modified":"2021-06-26T07:27:25","modified_gmt":"2021-06-26T05:27:25","slug":"article-6-resiliation-du-contrat-de-travail","status":"publish","type":"page","link":"https:\/\/ccn-pale.org\/index.php\/tam\/article-6-resiliation-du-contrat-de-travail\/","title":{"rendered":"Article 6 &#8211; R\u00e9siliation du contrat de travail"},"content":{"rendered":"\n<p>Sauf en cas de faute grave, la dur\u00e9e du pr\u00e9avis r\u00e9ciproque vis\u00e9 \u00e0 l&rsquo;article 26 des dispositions g\u00e9n\u00e9rales est fix\u00e9e \u00e0 deux mois.<\/p>\n\n\n\n<p>Si le salari\u00e9 licenci\u00e9 trouve un autre emploi avant l\u2019expiration du pr\u00e9avis qui lui a \u00e9t\u00e9 notifi\u00e9, il peut occuper imm\u00e9diatement ce nouvel emploi sans \u00eatre redevable d\u2019aucune indemnit\u00e9&nbsp;; le salaire correspondant \u00e0 son temps de pr\u00e9sence effective avant son d\u00e9part lui est pay\u00e9 \u00e0 l\u2019exclusion de toute indemnit\u00e9 pour la partie du pr\u00e9avis restant \u00e0 courir.<\/p>\n\n\n\n<p><\/p>\n\n\n\n<div class=\"wp-block-buttons is-layout-flex wp-block-buttons-is-layout-flex\">\n<div class=\"wp-block-button is-style-fill\"><a class=\"wp-block-button__link has-background\" href=\"https:\/\/ccn-pale.org\/index.php\/tam\/article-5-changement-demploi\/\" style=\"background-color:#037878\">Article pr\u00e9c\u00e9dent<\/a><\/div>\n\n\n\n<div class=\"wp-block-button is-style-outline is-style-outline--1\"><a class=\"wp-block-button__link has-text-color\" href=\"https:\/\/ccn-pale.org\/index.php\/article-7-frais-de-deplacement\/\" style=\"color:#037878\">Article suivant<\/a><\/div>\n<\/div>\n","protected":false},"excerpt":{"rendered":"<p>Sauf en cas de faute grave, la dur\u00e9e du pr\u00e9avis r\u00e9ciproque vis\u00e9 \u00e0 l&rsquo;article 26 des dispositions g\u00e9n\u00e9rales est fix\u00e9e \u00e0 deux mois. Si le salari\u00e9 licenci\u00e9 trouve un autre emploi avant l\u2019expiration du pr\u00e9avis qui lui a \u00e9t\u00e9 notifi\u00e9, il peut occuper imm\u00e9diatement ce &hellip; <\/p>\n","protected":false},"author":1,"featured_media":0,"parent":230,"menu_order":6,"comment_status":"closed","ping_status":"closed","template":"","meta":{"footnotes":""},"class_list":["post-653","page","type-page","status-publish","hentry"],"_links":{"self":[{"href":"https:\/\/ccn-pale.org\/index.php\/wp-json\/wp\/v2\/pages\/653","targetHints":{"allow":["GET"]}}],"collection":[{"href":"https:\/\/ccn-pale.org\/index.php\/wp-json\/wp\/v2\/pages"}],"about":[{"href":"https:\/\/ccn-pale.org\/index.php\/wp-json\/wp\/v2\/types\/page"}],"author":[{"embeddable":true,"href":"https:\/\/ccn-pale.org\/index.php\/wp-json\/wp\/v2\/users\/1"}],"replies":[{"embeddable":true,"href":"https:\/\/ccn-pale.org\/index.php\/wp-json\/wp\/v2\/comments?post=653"}],"version-history":[{"count":4,"href":"https:\/\/ccn-pale.org\/index.php\/wp-json\/wp\/v2\/pages\/653\/revisions"}],"predecessor-version":[{"id":705,"href":"https:\/\/ccn-pale.org\/index.php\/wp-json\/wp\/v2\/pages\/653\/revisions\/705"}],"up":[{"embeddable":true,"href":"https:\/\/ccn-pale.org\/index.php\/wp-json\/wp\/v2\/pages\/230"}],"wp:attachment":[{"href":"https:\/\/ccn-pale.org\/index.php\/wp-json\/wp\/v2\/media?parent=653"}],"curies":[{"name":"wp","href":"https:\/\/api.w.org\/{rel}","templated":true}]}}