{"id":649,"date":"2021-06-25T19:51:52","date_gmt":"2021-06-25T17:51:52","guid":{"rendered":"https:\/\/ccn-pale.org\/?page_id=649"},"modified":"2021-06-26T07:26:56","modified_gmt":"2021-06-26T05:26:56","slug":"article-5-changement-demploi","status":"publish","type":"page","link":"https:\/\/ccn-pale.org\/index.php\/tam\/article-5-changement-demploi\/","title":{"rendered":"Article 5 &#8211; Changement d&#8217;emploi"},"content":{"rendered":"\n<p class=\"has-medium-font-size\"><strong>a) A titre provisoire<\/strong><\/p>\n\n\n\n<p>Lorsque durant les p\u00e9riodes de morte saison, les TAM sont appel\u00e9s \u00e0 effectuer divers travaux diff\u00e9rents de ceux pour lesquels ils ont \u00e9t\u00e9 engag\u00e9s et donnant normalement lieu \u00e0 une r\u00e9mun\u00e9ration inf\u00e9rieure, la classification et la r\u00e9mun\u00e9ration dont ils b\u00e9n\u00e9ficient habituellement ne subiront aucune modification.<\/p>\n\n\n\n<p>Dans le cas o\u00f9 le TAM acceptera d&rsquo;occuper durant une p\u00e9riode fix\u00e9e par avance un poste donnant lieu \u00e0 une classification et \u00e0 un salaire sup\u00e9rieurs \u00e0 ceux dont il b\u00e9n\u00e9ficie normalement, le changement intervenu ne pourra avoir qu&rsquo;un caract\u00e8re provisoire : l&rsquo;int\u00e9ress\u00e9 percevra, durant la p\u00e9riode de remplacement, une prime compensatrice de fonction correspondant \u00e0 la diff\u00e9rence entre son salaire normal et le salaire attribu\u00e9 au TAM (\u00e0 l&rsquo;exclusion des primes d&rsquo;anciennet\u00e9) dont il assure le remplacement. D\u00e8s la reprise de son travail habituel, il recevra \u00e0 nouveau le salaire correspondant \u00e0 sa classification normale.<\/p>\n\n\n\n<p class=\"has-medium-font-size\"><strong>b) A titre d\u00e9finitif<\/strong><\/p>\n\n\n\n<p>Tout changement d&#8217;emploi&nbsp; \u00e0 titre d\u00e9finitif d&rsquo;un TAM fera l&rsquo;objet d&rsquo;une notification \u00e9crite.<\/p>\n\n\n\n<p>En cas de modification d&#8217;emploi comportant d\u00e9classement, le TAM dispose d&rsquo;un d\u00e9lai d\u2019un mois pour faire conna\u00eetre son acceptation ou son refus. A d\u00e9faut de r\u00e9ponse \u00e0 l&rsquo;expiration de ce d\u00e9lai, il sera consid\u00e9r\u00e9 comme ayant accept\u00e9 les nouvelles conditions<em>[1]<\/em>.<\/p>\n\n\n\n<p>Si la modification n&rsquo;est pas accept\u00e9e par le TAM et si l&#8217;employeur, en cons\u00e9quence, envisage la r\u00e9siliation du contrat de travail, il devra respecter la proc\u00e9dure de licenciement, le pr\u00e9avis pr\u00e9vu \u00e0 l&rsquo;article 6, et l&rsquo;allocation de l&rsquo;indemnit\u00e9 de licenciement pr\u00e9vue \u00e0 l&rsquo;article 10.<\/p>\n\n\n\n<p>Au cas o\u00f9 l\u2019introduction de nouvelles technologies, entra\u00eenerait directement la disparition du poste de travail occup\u00e9 jusque-l\u00e0 par un salari\u00e9, l\u2019employeur mettra tout en \u0153uvre pour rechercher dans l\u2019\u00e9tablissement, puis dans l\u2019entreprise, s\u2019il existe un poste disponible \u2013 comportant un classement et un salaire \u00e9quivalents \u00e0 ceux du poste supprim\u00e9 \u2013 o\u00f9 l\u2019int\u00e9ress\u00e9 serait susceptible d\u2019\u00eatre employ\u00e9 apr\u00e8s exploitation des possibilit\u00e9s de formation appropri\u00e9es.<\/p>\n\n\n\n<p>Si, malgr\u00e9 la mise en \u0153uvre des moyens \u00e9voqu\u00e9s \u00e0 l\u2019alin\u00e9a pr\u00e9c\u00e9dent, l\u2019employeur est amen\u00e9 \u00e0 apporter des modifications au contrat de travail d\u2019un salari\u00e9 entra\u00eenant l\u2019occupation d\u2019un emploi disponible d\u2019un niveau ou d\u2019un \u00e9chelon inf\u00e9rieur, l\u2019int\u00e9ress\u00e9 b\u00e9n\u00e9ficiera des garanties suivantes en cas d\u2019acceptation de cette mutation professionnelle.<\/p>\n\n\n\n<p>Dans le cas o\u00f9 la mutation du salari\u00e9 entra\u00eenerait un d\u00e9classement, si la r\u00e9duction de salaire est sup\u00e9rieure \u00e0 5% et qu\u2019il a plus d\u2019un an d\u2019anciennet\u00e9, son ancien salaire (\u00e0 l\u2019exception des primes li\u00e9es au poste de travail) sera maintenu pendant une dur\u00e9e variable selon l\u2019anciennet\u00e9&nbsp;:<\/p>\n\n\n\n<figure class=\"wp-block-table\"><table><tbody><tr><td><strong>Anciennet\u00e9<\/strong><\/td><td><strong>Dur\u00e9e de maintien du salaire<\/strong><\/td><\/tr><tr><td>Inf\u00e9rieure ou \u00e9gale \u00e0 2 ans<\/td><td>2 mois<\/td><\/tr><tr><td>Sup\u00e9rieure \u00e0 2 ans et inf\u00e9rieure \u00e0 3 ans<\/td><td>3 mois<\/td><\/tr><tr><td>Sup\u00e9rieure \u00e0 3 ans et inf\u00e9rieure \u00e0 5 ans<\/td><td>4 mois<\/td><\/tr><tr><td>Sup\u00e9rieure \u00e0 5 ans et inf\u00e9rieure \u00e0 10 ans<\/td><td>5 mois<\/td><\/tr><tr><td>Sup\u00e9rieure \u00e0 10 ans<\/td><td>6 mois<\/td><\/tr><\/tbody><\/table><\/figure>\n\n\n\n<p>A l\u2019expiration des d\u00e9lais pr\u00e9cit\u00e9s, l\u2019int\u00e9ress\u00e9 aura droit, pendant les 8 mois suivants, \u00e0 une indemnit\u00e9 mensuelle temporaire d\u00e9gressive calcul\u00e9e de la mani\u00e8re suivante&nbsp;:<\/p>\n\n\n\n<ul class=\"wp-block-list\"><li>80 % pendant les deux premiers mois&nbsp;;<\/li><li>60 % pendant les troisi\u00e8me et quatri\u00e8me mois&nbsp;;<\/li><li>40 % pendant les cinqui\u00e8me et sixi\u00e8me mois&nbsp;;<\/li><li>20% pendant les septi\u00e8me et huiti\u00e8me mois.<\/li><\/ul>\n\n\n\n<p>Ces taux s\u2019appliquant \u00e0 la diff\u00e9rence entre son ancien et son nouveau salaire.<\/p>\n\n\n\n<p>Les salari\u00e9s concern\u00e9s par de tels d\u00e9classements garderont une priorit\u00e9 d\u2019emploi dans un poste correspondant \u00e0 leur pr\u00e9c\u00e9dente qualification.<\/p>\n\n\n\n<p>En cas de licenciement ou de d\u00e9part en retraite dans les 2 ann\u00e9es suivant leur d\u00e9classement, l\u2019indemnit\u00e9 que percevront les salari\u00e9s ayant 10 ans d\u2019anciennet\u00e9 et plus de 55 ans au moment de la modification de leur contrat sera calcul\u00e9e conform\u00e9ment aux dispositions de l\u2019article 10.<\/p>\n\n\n\n<p>La base de calcul \u00e0 retenir \u00e9tant celle pr\u00e9vue par l\u2019article 10&nbsp;; soit la r\u00e9mun\u00e9ration qu\u2019ils percevaient avant leur d\u00e9classement, soit celle r\u00e9sultant de leur nouvelle position, la formule la plus avantageuse des deux pour le salari\u00e9 devant \u00eatre retenue.<\/p>\n\n\n\n<hr class=\"wp-block-separator\"\/>\n\n\n\n<p><em>[1] <\/em>&#8211; <em>Lors de la r\u00e9union paritaire du 22 octobre 1985, il a \u00e9t\u00e9 pr\u00e9cis\u00e9 que lorsque la notification intervient au cours d&rsquo;une p\u00e9riode de cong\u00e9 pay\u00e9 de l&rsquo;int\u00e9ress\u00e9, le d\u00e9lai commence \u00e0 courir \u00e0 compter de la date d&rsquo;expiration dudit cong\u00e9.<\/em><\/p>\n\n\n\n<div class=\"wp-block-buttons is-layout-flex wp-block-buttons-is-layout-flex\">\n<div class=\"wp-block-button is-style-fill\"><a class=\"wp-block-button__link has-background\" href=\"https:\/\/ccn-pale.org\/index.php\/tam\/article-4-duree-du-travail\/\" style=\"background-color:#037878\">Article pr\u00e9c\u00e9dent<\/a><\/div>\n\n\n\n<div class=\"wp-block-button is-style-outline is-style-outline--1\"><a class=\"wp-block-button__link has-text-color\" href=\"https:\/\/ccn-pale.org\/index.php\/tam\/article-6-resiliation-du-contrat-de-travail\/\" style=\"color:#037878\">Article suivant<\/a><\/div>\n<\/div>\n","protected":false},"excerpt":{"rendered":"<p>a) A titre provisoire Lorsque durant les p\u00e9riodes de morte saison, les TAM sont appel\u00e9s \u00e0 effectuer divers travaux diff\u00e9rents de ceux pour lesquels ils ont \u00e9t\u00e9 engag\u00e9s et donnant normalement lieu \u00e0 une r\u00e9mun\u00e9ration inf\u00e9rieure, la classification et la r\u00e9mun\u00e9ration dont ils b\u00e9n\u00e9ficient habituellement &hellip; <\/p>\n","protected":false},"author":1,"featured_media":0,"parent":230,"menu_order":5,"comment_status":"closed","ping_status":"closed","template":"","meta":{"footnotes":""},"class_list":["post-649","page","type-page","status-publish","hentry"],"_links":{"self":[{"href":"https:\/\/ccn-pale.org\/index.php\/wp-json\/wp\/v2\/pages\/649","targetHints":{"allow":["GET"]}}],"collection":[{"href":"https:\/\/ccn-pale.org\/index.php\/wp-json\/wp\/v2\/pages"}],"about":[{"href":"https:\/\/ccn-pale.org\/index.php\/wp-json\/wp\/v2\/types\/page"}],"author":[{"embeddable":true,"href":"https:\/\/ccn-pale.org\/index.php\/wp-json\/wp\/v2\/users\/1"}],"replies":[{"embeddable":true,"href":"https:\/\/ccn-pale.org\/index.php\/wp-json\/wp\/v2\/comments?post=649"}],"version-history":[{"count":3,"href":"https:\/\/ccn-pale.org\/index.php\/wp-json\/wp\/v2\/pages\/649\/revisions"}],"predecessor-version":[{"id":704,"href":"https:\/\/ccn-pale.org\/index.php\/wp-json\/wp\/v2\/pages\/649\/revisions\/704"}],"up":[{"embeddable":true,"href":"https:\/\/ccn-pale.org\/index.php\/wp-json\/wp\/v2\/pages\/230"}],"wp:attachment":[{"href":"https:\/\/ccn-pale.org\/index.php\/wp-json\/wp\/v2\/media?parent=649"}],"curies":[{"name":"wp","href":"https:\/\/api.w.org\/{rel}","templated":true}]}}