{"id":645,"date":"2021-06-25T19:08:56","date_gmt":"2021-06-25T17:08:56","guid":{"rendered":"https:\/\/ccn-pale.org\/?page_id=645"},"modified":"2021-09-22T17:28:56","modified_gmt":"2021-09-22T15:28:56","slug":"article-4-duree-du-travail","status":"publish","type":"page","link":"https:\/\/ccn-pale.org\/index.php\/tam\/article-4-duree-du-travail\/","title":{"rendered":"Article 4 &#8211; Dur\u00e9e du travail"},"content":{"rendered":"\n<p>L&rsquo;horaire de travail des TAM est \u00e9tabli conform\u00e9ment aux dispositions pr\u00e9vues par la l\u00e9gislation en vigueur, ainsi que par les divers accords pris dans le cadre de notre branche.<\/p>\n\n\n\n<div class=\"wp-block-buttons is-layout-flex wp-block-buttons-is-layout-flex\">\n<div class=\"wp-block-button is-style-fill\"><a class=\"wp-block-button__link has-background\" href=\"https:\/\/ccn-pale.org\/index.php\/tam\/article-3-confirmation-dembauche\/\" style=\"background-color:#037878\">Article pr\u00e9c\u00e9dent<\/a><\/div>\n\n\n\n<div class=\"wp-block-button is-style-outline is-style-outline--1\"><a class=\"wp-block-button__link has-text-color\" href=\"https:\/\/ccn-pale.org\/index.php\/tam\/article-5-changement-demploi\/\" style=\"color:#037878\">Article suivant<\/a><\/div>\n<\/div>\n\n\n\n<p><\/p>\n","protected":false},"excerpt":{"rendered":"<p>L&rsquo;horaire de travail des TAM est \u00e9tabli conform\u00e9ment aux dispositions pr\u00e9vues par la l\u00e9gislation en vigueur, ainsi que par les divers accords pris dans le cadre de notre branche.<\/p>\n","protected":false},"author":1,"featured_media":0,"parent":230,"menu_order":4,"comment_status":"closed","ping_status":"closed","template":"","meta":{"footnotes":""},"class_list":["post-645","page","type-page","status-publish","hentry"],"_links":{"self":[{"href":"https:\/\/ccn-pale.org\/index.php\/wp-json\/wp\/v2\/pages\/645","targetHints":{"allow":["GET"]}}],"collection":[{"href":"https:\/\/ccn-pale.org\/index.php\/wp-json\/wp\/v2\/pages"}],"about":[{"href":"https:\/\/ccn-pale.org\/index.php\/wp-json\/wp\/v2\/types\/page"}],"author":[{"embeddable":true,"href":"https:\/\/ccn-pale.org\/index.php\/wp-json\/wp\/v2\/users\/1"}],"replies":[{"embeddable":true,"href":"https:\/\/ccn-pale.org\/index.php\/wp-json\/wp\/v2\/comments?post=645"}],"version-history":[{"count":7,"href":"https:\/\/ccn-pale.org\/index.php\/wp-json\/wp\/v2\/pages\/645\/revisions"}],"predecessor-version":[{"id":1016,"href":"https:\/\/ccn-pale.org\/index.php\/wp-json\/wp\/v2\/pages\/645\/revisions\/1016"}],"up":[{"embeddable":true,"href":"https:\/\/ccn-pale.org\/index.php\/wp-json\/wp\/v2\/pages\/230"}],"wp:attachment":[{"href":"https:\/\/ccn-pale.org\/index.php\/wp-json\/wp\/v2\/media?parent=645"}],"curies":[{"name":"wp","href":"https:\/\/api.w.org\/{rel}","templated":true}]}}