{"id":641,"date":"2021-06-25T19:01:02","date_gmt":"2021-06-25T17:01:02","guid":{"rendered":"https:\/\/ccn-pale.org\/?page_id=641"},"modified":"2021-06-26T07:26:21","modified_gmt":"2021-06-26T05:26:21","slug":"article-3-confirmation-dembauche","status":"publish","type":"page","link":"https:\/\/ccn-pale.org\/index.php\/tam\/article-3-confirmation-dembauche\/","title":{"rendered":"Article 3 \u2013 Confirmation d\u2019embauche"},"content":{"rendered":"\n<p>Il est recommand\u00e9 \u00e0 l\u2019employeur de faire signer au TAM un contrat de travail \u00e9crit au moment de son embauche.<\/p>\n\n\n\n<p>Toute embauche d\u00e9finitive sera confirm\u00e9e dans les huit jours pr\u00e9c\u00e9dant la fin de la p\u00e9riode d&rsquo;essai par une notification \u00e9crite stipulant en particulier :<\/p>\n\n\n\n<ul class=\"wp-block-list\"><li>la date d&rsquo;entr\u00e9e du salari\u00e9 ;<\/li><li>l&#8217;emploi occup\u00e9 dans la classification et le coefficient ;<\/li><li>le salaire d&#8217;embauche ;<\/li><li>\u00e9ventuellement la dur\u00e9e du pr\u00e9avis si un accord est intervenu sur une dur\u00e9e diff\u00e9rente de celle pr\u00e9vue \u00e0 l&rsquo;article 6 ci-apr\u00e8s ;<\/li><li>le ou les \u00e9tablissements o\u00f9 l&rsquo;int\u00e9ress\u00e9 peut \u00eatre appel\u00e9 \u00e0 travailler.<\/li><\/ul>\n\n\n\n<div class=\"wp-block-buttons is-layout-flex wp-block-buttons-is-layout-flex\">\n<div class=\"wp-block-button is-style-fill\"><a class=\"wp-block-button__link has-background\" href=\"https:\/\/ccn-pale.org\/index.php\/tam\/article-2-periode-dessai\/\" style=\"background-color:#037878\">Article pr\u00e9c\u00e9dent<\/a><\/div>\n\n\n\n<div class=\"wp-block-button is-style-outline is-style-outline--1\"><a class=\"wp-block-button__link has-text-color\" href=\"https:\/\/ccn-pale.org\/index.php\/tam\/article-4-duree-du-travail\/\" style=\"color:#037878\">Article suivant<\/a><\/div>\n<\/div>\n","protected":false},"excerpt":{"rendered":"<p>Il est recommand\u00e9 \u00e0 l\u2019employeur de faire signer au TAM un contrat de travail \u00e9crit au moment de son embauche. Toute embauche d\u00e9finitive sera confirm\u00e9e dans les huit jours pr\u00e9c\u00e9dant la fin de la p\u00e9riode d&rsquo;essai par une notification \u00e9crite stipulant en particulier : la &hellip; <\/p>\n","protected":false},"author":1,"featured_media":0,"parent":230,"menu_order":3,"comment_status":"closed","ping_status":"closed","template":"","meta":{"footnotes":""},"class_list":["post-641","page","type-page","status-publish","hentry"],"_links":{"self":[{"href":"https:\/\/ccn-pale.org\/index.php\/wp-json\/wp\/v2\/pages\/641","targetHints":{"allow":["GET"]}}],"collection":[{"href":"https:\/\/ccn-pale.org\/index.php\/wp-json\/wp\/v2\/pages"}],"about":[{"href":"https:\/\/ccn-pale.org\/index.php\/wp-json\/wp\/v2\/types\/page"}],"author":[{"embeddable":true,"href":"https:\/\/ccn-pale.org\/index.php\/wp-json\/wp\/v2\/users\/1"}],"replies":[{"embeddable":true,"href":"https:\/\/ccn-pale.org\/index.php\/wp-json\/wp\/v2\/comments?post=641"}],"version-history":[{"count":3,"href":"https:\/\/ccn-pale.org\/index.php\/wp-json\/wp\/v2\/pages\/641\/revisions"}],"predecessor-version":[{"id":702,"href":"https:\/\/ccn-pale.org\/index.php\/wp-json\/wp\/v2\/pages\/641\/revisions\/702"}],"up":[{"embeddable":true,"href":"https:\/\/ccn-pale.org\/index.php\/wp-json\/wp\/v2\/pages\/230"}],"wp:attachment":[{"href":"https:\/\/ccn-pale.org\/index.php\/wp-json\/wp\/v2\/media?parent=641"}],"curies":[{"name":"wp","href":"https:\/\/api.w.org\/{rel}","templated":true}]}}