{"id":529,"date":"2021-06-18T11:43:20","date_gmt":"2021-06-18T09:43:20","guid":{"rendered":"https:\/\/ccn-pale.org\/?page_id=529"},"modified":"2021-06-25T18:32:36","modified_gmt":"2021-06-25T16:32:36","slug":"annexe-1-aux-dispositions-generales","status":"publish","type":"page","link":"https:\/\/ccn-pale.org\/index.php\/dispositions-generales\/annexe-1-aux-dispositions-generales\/","title":{"rendered":"Annexe 1 aux dispositions g\u00e9n\u00e9rales"},"content":{"rendered":"\n<p class=\"has-text-align-center\">Acquisition de l\u2019anciennet\u00e9 par les travailleurs<\/p>\n\n\n\n<p class=\"has-text-align-center\">intermittents ant\u00e9rieurement au<\/p>\n\n\n\n<p class=\"has-text-align-center\">11 ao\u00fbt 1986<\/p>\n\n\n\n<p>L\u2019anciennet\u00e9 acquise au 1<sup>er<\/sup> janvier 1968 sera calcul\u00e9e sur la base de 6 mois par ann\u00e9e o\u00f9 le caract\u00e8re intermittent du travail appara\u00eetra.<\/p>\n\n\n\n<p>Pour les p\u00e9riodes post\u00e9rieures l\u2019anciennet\u00e9 est acquise selon les indications du tableau ci-dessous&nbsp;:<\/p>\n\n\n\n<figure class=\"wp-block-table\"><table><tbody><tr><td>Dur\u00e9e du travail au cours de l\u2019ann\u00e9e civile<\/td><td>Du 1<sup>er<\/sup> janvier 1968 au 31 d\u00e9cembre 1972<\/td><td>Du 1<sup>er<\/sup> janvier 1973 au 31 d\u00e9cembre 1981<\/td><td>Du 1<sup>er<\/sup> janvier 1982 au 10 ao\u00fbt 1986<\/td><\/tr><tr><td>1200<\/td><td>6 mois<\/td><td>8 mois<\/td><td>8 mois<\/td><\/tr><tr><td>1300<\/td><td>7 mois<\/td><td>8 mois<\/td><td>8 mois<\/td><\/tr><tr><td>1325<\/td><td>7 mois<\/td><td>8 mois<\/td><td>9 mois<\/td><\/tr><tr><td>1350<\/td><td>7 mois<\/td><td>9 mois<\/td><td>9 mois<\/td><\/tr><tr><td>1400<\/td><td>8 mois<\/td><td>9 mois<\/td><td>9 mois<\/td><\/tr><tr><td>1450<\/td><td>8 mois<\/td><td>9 mois<\/td><td>10 mois<\/td><\/tr><tr><td>1500<\/td><td>9 mois<\/td><td>10 mois<\/td><td>10 mois<\/td><\/tr><tr><td>1575<\/td><td>9 mois<\/td><td>10 mois<\/td><td>11 mois<\/td><\/tr><tr><td>1600<\/td><td>10 mois<\/td><td>10 mois<\/td><td>11 mois<\/td><\/tr><tr><td>1650<\/td><td>10 mois<\/td><td>11 mois<\/td><td>11 mois<\/td><\/tr><tr><td>1700<\/td><td>11 mois<\/td><td>11 mois<\/td><td>12 mois<\/td><\/tr><tr><td>1800<\/td><td>12 mois<\/td><td>12 mois<\/td><td>12 mois<\/td><\/tr><\/tbody><\/table><\/figure>\n","protected":false},"excerpt":{"rendered":"<p>Acquisition de l\u2019anciennet\u00e9 par les travailleurs intermittents ant\u00e9rieurement au 11 ao\u00fbt 1986 L\u2019anciennet\u00e9 acquise au 1er janvier 1968 sera calcul\u00e9e sur la base de 6 mois par ann\u00e9e o\u00f9 le caract\u00e8re intermittent du travail appara\u00eetra. Pour les p\u00e9riodes post\u00e9rieures l\u2019anciennet\u00e9 est acquise selon les indications &hellip; <\/p>\n","protected":false},"author":1,"featured_media":0,"parent":138,"menu_order":42,"comment_status":"closed","ping_status":"closed","template":"","meta":{"footnotes":""},"class_list":["post-529","page","type-page","status-publish","hentry"],"_links":{"self":[{"href":"https:\/\/ccn-pale.org\/index.php\/wp-json\/wp\/v2\/pages\/529","targetHints":{"allow":["GET"]}}],"collection":[{"href":"https:\/\/ccn-pale.org\/index.php\/wp-json\/wp\/v2\/pages"}],"about":[{"href":"https:\/\/ccn-pale.org\/index.php\/wp-json\/wp\/v2\/types\/page"}],"author":[{"embeddable":true,"href":"https:\/\/ccn-pale.org\/index.php\/wp-json\/wp\/v2\/users\/1"}],"replies":[{"embeddable":true,"href":"https:\/\/ccn-pale.org\/index.php\/wp-json\/wp\/v2\/comments?post=529"}],"version-history":[{"count":2,"href":"https:\/\/ccn-pale.org\/index.php\/wp-json\/wp\/v2\/pages\/529\/revisions"}],"predecessor-version":[{"id":637,"href":"https:\/\/ccn-pale.org\/index.php\/wp-json\/wp\/v2\/pages\/529\/revisions\/637"}],"up":[{"embeddable":true,"href":"https:\/\/ccn-pale.org\/index.php\/wp-json\/wp\/v2\/pages\/138"}],"wp:attachment":[{"href":"https:\/\/ccn-pale.org\/index.php\/wp-json\/wp\/v2\/media?parent=529"}],"curies":[{"name":"wp","href":"https:\/\/api.w.org\/{rel}","templated":true}]}}