{"id":497,"date":"2021-06-17T17:28:33","date_gmt":"2021-06-17T15:28:33","guid":{"rendered":"https:\/\/ccn-pale.org\/?page_id=497"},"modified":"2021-06-18T11:42:35","modified_gmt":"2021-06-18T09:42:35","slug":"article-41-prime-annuelle","status":"publish","type":"page","link":"https:\/\/ccn-pale.org\/index.php\/dispositions-generales\/article-41-prime-annuelle\/","title":{"rendered":"Article 41 \u2013 Prime annuelle"},"content":{"rendered":"\n<p>Il est institu\u00e9 dans chaque \u00e9tablissement, pour les salari\u00e9s comptant au moins un an d&rsquo;anciennet\u00e9, une prime annuelle qui se substitue \u00e0 la prime de vacances et de fin d&rsquo;ann\u00e9e, et qui est calcul\u00e9e au prorata du temps de travail effectif de l&rsquo;int\u00e9ress\u00e9 au cours d&rsquo;une p\u00e9riode de r\u00e9f\u00e9rence d\u00e9termin\u00e9e pour l&rsquo;\u00e9tablissement ; le temps de travail pris en consid\u00e9ration comprend les p\u00e9riodes qui lui sont assimil\u00e9es pour le calcul de la dur\u00e9e du cong\u00e9 pay\u00e9.<\/p>\n\n\n\n<p>Cette allocation ne fait pas partie de la r\u00e9mun\u00e9ration totale retenue pour le calcul de l&rsquo;indemnit\u00e9 de cong\u00e9 pay\u00e9. A concurrence de son montant, elle ne se cumule pas avec toutes autres primes, participations (\u00e0 l&rsquo;exclusion de la participation r\u00e9sultant de la loi du 27 d\u00e9cembre 1973 portant modification des ordonnances 59-126, 67-693, 67-694) ou allocations, de caract\u00e8re annuel et non al\u00e9atoire, quelle qu&rsquo;en soit la d\u00e9nomination existant d\u00e9j\u00e0 sur le plan de l&rsquo;\u00e9tablissement, ou r\u00e9int\u00e9gr\u00e9e dans les salaires au cours des deux ann\u00e9es pr\u00e9c\u00e9dant l&rsquo;application de la pr\u00e9sente mesure ; elle s&rsquo;imputerait sur tout avantage de m\u00eame nature pouvant r\u00e9sulter de dispositions l\u00e9gales r\u00e9glementaires ou conventionnelles susceptibles d&rsquo;intervenir ult\u00e9rieurement.<\/p>\n\n\n\n<p>Cette allocation peut \u00eatre vers\u00e9e en une ou plusieurs fois. Ses modalit\u00e9s d&rsquo;application dans l&rsquo;\u00e9tablissement, et notamment la d\u00e9termination de la p\u00e9riode de r\u00e9f\u00e9rence, ainsi que la ou les dates de versement, sont fix\u00e9es en accord avec les repr\u00e9sentants du personnel vis\u00e9s au dernier alin\u00e9a du pr\u00e9ambule de l&rsquo;accord du 3 d\u00e9cembre 1974 sur la mensualisation.<\/p>\n\n\n\n<p>En cas de d\u00e9part en cours d&rsquo;ann\u00e9e, quel qu&rsquo;en soit le motif, le salari\u00e9 re\u00e7oit la fraction de prime qui lui est acquise \u00e0 la date de cessation d&rsquo;effet du contrat.<\/p>\n\n\n\n<p>Cette allocation annuelle est \u00e9gale \u00e0 100 p 100 du salaire de base de l&rsquo;int\u00e9ress\u00e9.<\/p>\n\n\n\n<p>Les avantages pr\u00e9vus par cet article ne pourront \u00eatre la cause de r\u00e9duction des avantages acquis ant\u00e9rieurement \u00e0 sa signature, sans toutefois qu&rsquo;il puisse y avoir cumul avec des avantages d\u00e9j\u00e0 attribu\u00e9s pour le m\u00eame objet (prime de vacances ou prime de fin d&rsquo;ann\u00e9e).<\/p>\n\n\n\n<div class=\"wp-block-buttons is-layout-flex wp-block-buttons-is-layout-flex\">\n<div class=\"wp-block-button is-style-fill\"><a class=\"wp-block-button__link has-white-color has-text-color has-background\" href=\"https:\/\/ccn-pale.org\/index.php\/dispositions-generales\/article-40-maintien-de-salaire-en-cas-dincapacite-temporaire-de-travail-et-garanties-complementaires-de-prevoyance\/\" style=\"background-color:#037878\">Article pr\u00e9c\u00e9dent<\/a><\/div>\n<\/div>\n\n\n\n<p><\/p>\n","protected":false},"excerpt":{"rendered":"<p>Il est institu\u00e9 dans chaque \u00e9tablissement, pour les salari\u00e9s comptant au moins un an d&rsquo;anciennet\u00e9, une prime annuelle qui se substitue \u00e0 la prime de vacances et de fin d&rsquo;ann\u00e9e, et qui est calcul\u00e9e au prorata du temps de travail effectif de l&rsquo;int\u00e9ress\u00e9 au cours &hellip; <\/p>\n","protected":false},"author":1,"featured_media":0,"parent":138,"menu_order":41,"comment_status":"closed","ping_status":"closed","template":"","meta":{"footnotes":""},"class_list":["post-497","page","type-page","status-publish","hentry"],"_links":{"self":[{"href":"https:\/\/ccn-pale.org\/index.php\/wp-json\/wp\/v2\/pages\/497","targetHints":{"allow":["GET"]}}],"collection":[{"href":"https:\/\/ccn-pale.org\/index.php\/wp-json\/wp\/v2\/pages"}],"about":[{"href":"https:\/\/ccn-pale.org\/index.php\/wp-json\/wp\/v2\/types\/page"}],"author":[{"embeddable":true,"href":"https:\/\/ccn-pale.org\/index.php\/wp-json\/wp\/v2\/users\/1"}],"replies":[{"embeddable":true,"href":"https:\/\/ccn-pale.org\/index.php\/wp-json\/wp\/v2\/comments?post=497"}],"version-history":[{"count":2,"href":"https:\/\/ccn-pale.org\/index.php\/wp-json\/wp\/v2\/pages\/497\/revisions"}],"predecessor-version":[{"id":528,"href":"https:\/\/ccn-pale.org\/index.php\/wp-json\/wp\/v2\/pages\/497\/revisions\/528"}],"up":[{"embeddable":true,"href":"https:\/\/ccn-pale.org\/index.php\/wp-json\/wp\/v2\/pages\/138"}],"wp:attachment":[{"href":"https:\/\/ccn-pale.org\/index.php\/wp-json\/wp\/v2\/media?parent=497"}],"curies":[{"name":"wp","href":"https:\/\/api.w.org\/{rel}","templated":true}]}}