{"id":483,"date":"2021-06-15T18:00:41","date_gmt":"2021-06-15T16:00:41","guid":{"rendered":"https:\/\/ccn-pale.org\/?page_id=483"},"modified":"2021-06-26T07:37:44","modified_gmt":"2021-06-26T05:37:44","slug":"article-39-compte-epargne-temps","status":"publish","type":"page","link":"https:\/\/ccn-pale.org\/index.php\/dispositions-generales\/article-39-compte-epargne-temps\/","title":{"rendered":"Article 39 \u2013 Compte \u00e9pargne temps"},"content":{"rendered":"\n<p class=\"has-text-color\" style=\"color:#037878\"><em>(Actualis\u00e9 en dernier lieu par l\u2019accord n\u00b0100 du 23 septembre 2014)<\/em><\/p>\n\n\n\n<p class=\"has-medium-font-size\"><strong>1 \u2013 Objet<\/strong><\/p>\n\n\n\n<p>Le compte \u00e9pargne temps a pour objet de permettre au salari\u00e9 qui le souhaite d&rsquo;accumuler des droits \u00e0 cong\u00e9 r\u00e9mun\u00e9r\u00e9 ou de b\u00e9n\u00e9ficier d\u2019une r\u00e9mun\u00e9ration imm\u00e9diate ou diff\u00e9r\u00e9e.<\/p>\n\n\n\n<p class=\"has-medium-font-size\"><strong>2 \u2013 Salari\u00e9s b\u00e9n\u00e9ficiaires<\/strong><\/p>\n\n\n\n<p>En sont b\u00e9n\u00e9ficiaires tous les salari\u00e9s de l&rsquo;entreprise d\u00e8s lors qu&rsquo;ils sont titulaires d&rsquo;un contrat de travail.<\/p>\n\n\n\n<p class=\"has-medium-font-size\"><strong>3 \u2013 Alimentation du compte<\/strong><\/p>\n\n\n\n<p>II est bien pr\u00e9cis\u00e9 que si les modalit\u00e9s d&rsquo;alimentation du compte \u00e9pargne temps rel\u00e8vent de la volont\u00e9 des partenaires sociaux, l&rsquo;usage de ce dispositif ne peut en aucun cas \u00eatre impos\u00e9 au salari\u00e9.<\/p>\n\n\n\n<p>Le compte \u00e9pargne temps peut \u00eatre aliment\u00e9 par&nbsp;:<\/p>\n\n\n\n<p>&#8211; des temps de repos&nbsp;;<\/p>\n\n\n\n<p>&#8211; des \u00e9l\u00e9ments de r\u00e9mun\u00e9ration.<\/p>\n\n\n\n<p style=\"font-size:18px\"><strong>3.1 \u2013 Alimentation en temps de repos<\/strong><\/p>\n\n\n\n<p>A d\u00e9faut d\u2019un accord d\u2019entreprise d\u00e9terminant un nombre de jours diff\u00e9rent, le nombre de jours de repos pouvant \u00eatre affect\u00e9s au CET ne pourra d\u00e9passer 15 jours par an et 25 jours par an pour les salari\u00e9s \u00e0 compter de 50 ans.<\/p>\n\n\n\n<p>&#8211; Le report de cong\u00e9s pay\u00e9s<\/p>\n\n\n\n<p>Tout salari\u00e9 peut d\u00e9cider de porter sur son compte tout ou partie du cong\u00e9 annuel exc\u00e9dant la dur\u00e9e de 24 jours ouvrables.<\/p>\n\n\n\n<p>La date limite pour prendre une telle d\u00e9cision devra \u00eatre d\u00e9termin\u00e9e par le chef d&rsquo;entreprise, dans le cadre du droit qu&rsquo;il d\u00e9tient, de par l&rsquo;article 32 de la convention collective, de fixer les dates et r\u00e9partition des cong\u00e9s apr\u00e8s consultation du comit\u00e9 d&rsquo;entreprise ou \u00e0 d\u00e9faut des d\u00e9l\u00e9gu\u00e9s du personnel ;<\/p>\n\n\n\n<p><strong>&#8211; L\u2019affectation de jours de repos li\u00e9s \u00e0 la r\u00e9duction du temps de travail (JRTT)<\/strong><\/p>\n\n\n\n<p>Cela concerne les jours de repos li\u00e9s \u00e0 la r\u00e9duction du temps de travail sur une base annuelle ou sur quatre semaines<\/p>\n\n\n\n<p><strong>&#8211;<\/strong> <strong>L&rsquo;affectation des jours de repos <\/strong>des salari\u00e9s soumis \u00e0 une convention de forfait en jours&nbsp;;<\/p>\n\n\n\n<p><strong>&#8211; L&rsquo;affectation des repos compensateurs<\/strong><\/p>\n\n\n\n<p>Peuvent \u00eatre affect\u00e9es les heures acquises au titre de la contrepartie obligatoire en reposainsi que celles acquises au titre du repos compensateur de remplacement instaur\u00e9 en particulier par l&rsquo;article 38 sur la dur\u00e9e et l&rsquo;organisation du temps de travail.<\/p>\n\n\n\n<p>Lorsqu&rsquo;une entreprise d\u00e9compte les jours de cong\u00e9s pay\u00e9s en jours ouvr\u00e9s, l&rsquo;accumulation de 7 heures de repos compensateur acquises au titre des heures suppl\u00e9mentaires et de leurs majorations correspond \u00e0 une journ\u00e9e de cong\u00e9 \u00e0 verser au compte \u00e9pargne temps.<\/p>\n\n\n\n<p>Lorsqu&rsquo;une entreprise d\u00e9compte les jours de cong\u00e9s pay\u00e9s en jours ouvrables (une semaine a 6 jours ouvrables du lundi au samedi inclus), l&rsquo;accumulation de 5,83 heures de repos compensateur acquises au titre des heures suppl\u00e9mentaires et de leurs majorations correspond \u00e0 une journ\u00e9e de cong\u00e9 \u00e0 verser au compte \u00e9pargne temps.<\/p>\n\n\n\n<p style=\"font-size:18px\"><strong>3.2 \u2013 Alimentation en \u00e9l\u00e9ments de salaires<\/strong><\/p>\n\n\n\n<p>&#8211;<strong> Tout salari\u00e9 peut d\u00e9cider d&rsquo;affecter une partie ou la totalit\u00e9 de sa prime annuelle<\/strong> \u00e0 son CET, en fonction des modalit\u00e9s de r\u00e9partition de cette prime en vigueur dans l&rsquo;entreprise (art. 41 de la CCN) ; les jours \u00e9pargn\u00e9s ainsi volontairement par le salari\u00e9 seront abond\u00e9s de 10% par l&rsquo;entreprise.<\/p>\n\n\n\n<p>Tout salari\u00e9 peut \u00e9galement d\u00e9cider d&rsquo;affecter \u00e0 son CET tout ou partie des primes de quelque nature que ce soit dont il b\u00e9n\u00e9ficie \u00e0 titre conventionnel.<\/p>\n\n\n\n<p>La transformation d&rsquo;une prime en heures de cong\u00e9s destin\u00e9es \u00e0 \u00eatre transform\u00e9es en jours de cong\u00e9s et vers\u00e9es au compte \u00e9pargne temps s&rsquo;obtient en divisant la dite prime par le salaire horaire de base de l&rsquo;int\u00e9ress\u00e9 ; ou encore, s&rsquo;il s&rsquo;agit d&rsquo;un salari\u00e9 dont le salaire est mensuel, en divisant le salaire mensuel par 151,67.<\/p>\n\n\n\n<p>Dans l&rsquo;un ou l&rsquo;autre cas, le salaire de base pris en consid\u00e9ration est celui indiqu\u00e9 sur la feuille de paie du salari\u00e9 au moment de la conversion de la prime en heures.<\/p>\n\n\n\n<p>Les bases de transformation des heures en jours de cong\u00e9s sont celles indiqu\u00e9es au paragraphe \u00ab&nbsp;L\u2019affectation des repos compensateurs&nbsp;\u00bb, \u00e0 savoir&nbsp;:<\/p>\n\n\n\n<ul class=\"wp-block-list\"><li>7 heures&nbsp;: 1 jour ouvr\u00e9 pour une semaine de 5 jours ouvr\u00e9s<\/li><li>5,83 heures&nbsp;: 1 jour ouvrable pour une semaine de 6 jours ouvrables<\/li><\/ul>\n\n\n\n<p style=\"font-size:18px\"><strong>3.3 \u2013 Abondement du cong\u00e9 de fin de carri\u00e8re<\/strong><\/p>\n\n\n\n<p>En cas d\u2019utilisation du compte \u00e9pargne temps par un salari\u00e9 senior comme cong\u00e9 de fin de carri\u00e8re, les droits du salari\u00e9 seront major\u00e9s par l\u2019entreprise et exclusivement en temps&nbsp;:<\/p>\n\n\n\n<p>&#8211; de 10% pour les cong\u00e9s inf\u00e9rieurs \u00e0 66 jours ouvr\u00e9s,<\/p>\n\n\n\n<p>&#8211; de 15 % pour les cong\u00e9s compris entre 66 et 132 jours ouvr\u00e9s,<\/p>\n\n\n\n<p>&#8211; de 20% pour les cong\u00e9s sup\u00e9rieurs \u00e0 132 jours ouvr\u00e9s.<\/p>\n\n\n\n<p class=\"has-medium-font-size\"><strong>4 \u2013 Utilisation du compte<\/strong><\/p>\n\n\n\n<p>Les droits affect\u00e9s au compte \u00e9pargne temps doivent \u00eatre utilis\u00e9s dans un d\u00e9lai de 5 ans \u00e0 compter de la date \u00e0 laquelle le salari\u00e9 a accumul\u00e9 un nombre de jours \u00e9quivalent \u00e0 deux mois. Ce d\u00e9lai d\u2019utilisation n\u2019est pas applicable aux salari\u00e9s de cinquante ans et plus.<\/p>\n\n\n\n<p style=\"font-size:18px\"><strong>4.1 \u2013 Financement d\u2019un cong\u00e9<\/strong><\/p>\n\n\n\n<p>Les modalit\u00e9s de la prise d&rsquo;un cong\u00e9, et de la demande d&rsquo;autorisation sont d\u00e9termin\u00e9es par accord d&rsquo;entreprise en tenant compte toutefois de la r\u00e9glementation en vigueur.<\/p>\n\n\n\n<p>A d\u00e9faut d&rsquo;accord, les modalit\u00e9s suivantes sont applicables&nbsp;:<\/p>\n\n\n\n<p>Le compte \u00e9pargne temps a pour vocation de financer la r\u00e9mun\u00e9ration de cong\u00e9s en principe sans solde. Il s\u2019agit notamment du cong\u00e9 parental du cong\u00e9 pour cr\u00e9ation d&rsquo;entreprise,&nbsp; cong\u00e9 sabbatique ou d\u2019un cong\u00e9 de solidarit\u00e9 internationale. Cong\u00e9s pris selon les conditions pr\u00e9vues par le code du travail.<\/p>\n\n\n\n<p>Si le compte est insuffisamment pourvu au regard de la dur\u00e9e du cong\u00e9, le solde pourra \u00eatre pris au titre de cong\u00e9 sans solde.<\/p>\n\n\n\n<p>Le compte \u00e9pargne temps peut \u00e9galement servir \u00e0 un cong\u00e9 pour convenance personnelle, sollicit\u00e9 trois mois \u00e0 l&rsquo;avance par \u00e9crit ; l&#8217;employeur devra r\u00e9pondre dans un d\u00e9lai d&rsquo;un mois ; tout d\u00e9faut de r\u00e9ponse sera consid\u00e9r\u00e9 comme une acceptation, tout refus devra \u00eatre motiv\u00e9. Le salari\u00e9 dont la demande a fait l&rsquo;objet d&rsquo;un refus peut de nouveau solliciter une demande de cong\u00e9 qui ne peut alors \u00eatre refus\u00e9e.<\/p>\n\n\n\n<p>Seule peut \u00eatre envisag\u00e9e la prise d&rsquo;un cong\u00e9 \u00e0 temps complet et ininterrompu d&rsquo;une dur\u00e9e minimum de deux mois.<\/p>\n\n\n\n<p>4.1.1 \u2013 La r\u00e9mun\u00e9ration du cong\u00e9<\/p>\n\n\n\n<p>Les sommes vers\u00e9es au salari\u00e9 \u00e0 l&rsquo;occasion de la prise d&rsquo;un cong\u00e9 sont calcul\u00e9es sur la base du salaire per\u00e7u par l&rsquo;int\u00e9ress\u00e9 au moment de son d\u00e9part en cong\u00e9.<\/p>\n\n\n\n<p>Les versements sont effectu\u00e9s en une seule fois sauf si ce versement \u00e9tait n\u00e9faste \u00e0 l&rsquo;\u00e9quilibre de l&rsquo;entreprise auquel cas celle-ci serait fond\u00e9e \u00e0 organiser des versements \u00e9chelonn\u00e9s.<\/p>\n\n\n\n<p>Le nombre de jours capitalis\u00e9s en compte est donc multipli\u00e9 par le taux de salaire journalier calcul\u00e9 sur la base de son salaire au moment de la prise du cong\u00e9.<\/p>\n\n\n\n<p>Le cong\u00e9 pris par le salari\u00e9 peut n&rsquo;\u00eatre r\u00e9mun\u00e9r\u00e9 que partiellement. Tel est le cas lorsque par exemple un salari\u00e9 n&rsquo;ayant capitalis\u00e9 que trois mois de cong\u00e9 prend un cong\u00e9 de six mois.<\/p>\n\n\n\n<p>Cette r\u00e9mun\u00e9ration est soumise \u00e0 cotisations sociales \u00e0 l&rsquo;occasion de chaque versement, dans les conditions du droit commun.<\/p>\n\n\n\n<p>4.1.2 \u2013 Droit \u00e0 r\u00e9int\u00e9gration au terme du cong\u00e9<\/p>\n\n\n\n<p>Le contrat de travail est suspendu pendant la dur\u00e9e du cong\u00e9.<\/p>\n\n\n\n<p>A l&rsquo;issue de ce cong\u00e9, le salari\u00e9 est r\u00e9int\u00e9gr\u00e9 dans son pr\u00e9c\u00e9dent emploi. A d\u00e9faut, il lui sera propos\u00e9 un emploi similaire assorti d&rsquo;une r\u00e9mun\u00e9ration au moins \u00e9quivalente.<\/p>\n\n\n\n<p style=\"font-size:18px\"><strong>4.2 &#8211; Indemnisation<\/strong><\/p>\n\n\n\n<p>Le compte \u00e9pargne temps peut \u00eatre utilis\u00e9 pour indemnis\u00e9 des heures non travaill\u00e9es r\u00e9sultant du passage \u00e0 un temps partiel choisi ou d\u2019un temps partiel dans le cadre d\u2019un cong\u00e9 parental.<\/p>\n\n\n\n<p>Le compte \u00e9pargne temps peut \u00eatre aussi utilis\u00e9 dans le cadre d&rsquo;un d\u00e9part am\u00e9nag\u00e9 en retraite, ou d&rsquo;un cong\u00e9 de fin de carri\u00e8re d&rsquo;au moins deux mois, selon le nombre de jours capitalis\u00e9s ; il est accord\u00e9 sans autres conditions.<\/p>\n\n\n\n<p style=\"font-size:18px\"><strong>4.3 &#8211; Autres affectations<\/strong><\/p>\n\n\n\n<p>Tout salari\u00e9 peut renoncer volontairement \u00e0 ses droits \u00e0 cong\u00e9s port\u00e9s au compte et obtenir le versement automatique d&rsquo;une indemnit\u00e9 correspondant \u00e0 l&rsquo;\u00e9pargne capitalis\u00e9e. Le d\u00e9blocage est automatique lorsqu&rsquo;il s&rsquo;inscrit dans le cadre d&rsquo;une rupture du contrat de travail dans les conditions fix\u00e9es par le point 5 du pr\u00e9sent article.<\/p>\n\n\n\n<p>Le salari\u00e9 peut sur sa demande et en accord avec son employeur, utiliser les droits affect\u00e9s sur le CET pour compl\u00e9ter sa r\u00e9mun\u00e9ration. Tout salari\u00e9 peut \u00e9galement d\u00e9bloquer ses droits port\u00e9s au compte, quelle que soit la nature de l&rsquo;utilisation envisag\u00e9e, d\u00e8s lors qu&rsquo;il est titulaire d&rsquo;un compte d&rsquo;\u00e9pargne temps depuis au moins 5 ans \u00e0 compter de l&rsquo;ouverture du compte.<\/p>\n\n\n\n<p>Il est rappel\u00e9 que, selon les dispositions du code du travail, la valorisation p\u00e9cuniaire des droits affect\u00e9s au CET au titre du cong\u00e9 annuel n\u2019est possible que pour ceux vers\u00e9s qui exc\u00e8dent la dur\u00e9e de 30 jours.<\/p>\n\n\n\n<p>S&rsquo;agissant des personnes ne remplissant pas la condition d\u2019anciennet\u00e9, elles ne peuvent d\u00e9bloquer leurs droits que dans les hypoth\u00e8ses suivantes&nbsp;:<\/p>\n\n\n\n<ul class=\"wp-block-list\"><li>mariage de l&rsquo;int\u00e9ress\u00e9 ou conclusion d\u2019un pacte civil de solidarit\u00e9 par l\u2019int\u00e9ress\u00e9 ;<\/li><li>naissance, ou arriv\u00e9e au foyer en vue de son adoption, d&rsquo;un troisi\u00e8me enfant, puis de chaque enfant suivant ;<\/li><li>divorce, s\u00e9paration ou dissolution d\u2019un pacte civil de solidarit\u00e9 lorsqu\u2019 ils sont assortis d\u2019un jugement pr\u00e9voyant la r\u00e9sidence habituelle unique ou partag\u00e9e d\u2019au moins un enfant au domicile de l\u2019int\u00e9ress\u00e9&nbsp;;<\/li><li>invalidit\u00e9 du salari\u00e9, de ses enfants, de son conjoint ou de la personne qui lui est li\u00e9e par un pacte civil de solidarit\u00e9, cette invalidit\u00e9 s\u2019appr\u00e9ciant au sens des 2\u00b0 et 3\u00b0 de l\u2019article L 341-4 du Code de la S\u00e9curit\u00e9 sociale&nbsp;;<\/li><li>d\u00e9c\u00e8s du b\u00e9n\u00e9ficiaire, de son conjoint ou de la personne li\u00e9e au b\u00e9n\u00e9ficiaire par un pacte civil de solidarit\u00e9&nbsp;;<\/li><li>cr\u00e9ation ou reprise par le b\u00e9n\u00e9ficiaire, son conjoint ou la personne li\u00e9e au b\u00e9n\u00e9ficiaire par un pacte civil de solidarit\u00e9, d&rsquo;une entreprise industrielle, commerciale, artisanale ou agricole, soit \u00e0 titre individuel, soit sous la forme d\u2019une soci\u00e9t\u00e9, \u00e0 condition d\u2019en exercer effectivement le contr\u00f4le au sens de l\u2019article R. 5141-2 du code du travail, \u00e0 l\u2019installation en vue de l\u2019exercice d\u2019une autre profession non salari\u00e9e, ou \u00e0 l\u2019acquisition de parts sociales d\u2019une soci\u00e9t\u00e9 coop\u00e9rative de production&nbsp;(hypoth\u00e8se o\u00f9 l&rsquo;int\u00e9ress\u00e9 ne remplirait pas les conditions pour b\u00e9n\u00e9ficier d&rsquo;un cong\u00e9 sp\u00e9cifique \u00e0 la cr\u00e9ation d&rsquo;entreprise)&nbsp;;<\/li><li>\u00e0 l\u2019acquisition ou \u00e0 l\u2019agrandissement de la r\u00e9sidence principale sous r\u00e9serve de l\u2019existence d\u2019un permis de construire ou d\u2019une d\u00e9claration pr\u00e9alable de travaux ou \u00e0 la remise en \u00e9tat de la r\u00e9sidence endommag\u00e9e \u00e0 la suite d\u2019une catastrophe naturelle reconnue par arr\u00eat\u00e9 minist\u00e9riel&nbsp;;<\/li><li>situation de surendettement du salari\u00e9, d\u00e9finie \u00e0 l\u2019article L 331-2 du Code de la Consommation<\/li><li>cas de catastrophe naturelle.<\/li><li>Alimentation d\u2019un plan d\u2019\u00e9pargne (PEE, PEI, PERCO, PERCOI)<\/li><li>Financer des prestations de retraites suppl\u00e9mentaires \u00e0 caract\u00e8re collectif<\/li><li>Proc\u00e9d\u00e9 au rachat de cotisations d\u2019assurances vieillesses (rachat d\u2019ann\u00e9es incompl\u00e8tes ou de p\u00e9riodes d\u2019\u00e9tudes (L.351-14-1 CSS)).<\/li><\/ul>\n\n\n\n<p class=\"has-medium-font-size\"><strong>5 \u2013Transf\u00e9rabilit\u00e9 des droits et renonciation des droits \u00e0 cong\u00e9<\/strong><\/p>\n\n\n\n<p>Les droits \u00e0 cong\u00e9s sont maintenus lorsque le contrat de travail fait l&rsquo;objet d&rsquo;un transfert \u00e0 une autre soci\u00e9t\u00e9 du m\u00eame groupe. II en sera de m\u00eame en cas de fusion, d&rsquo;absorption ou de scission de la soci\u00e9t\u00e9 d\u00e8s lors que les engagements de l&rsquo;entreprise au regard du compte \u00e9pargne temps sont effectivement repris par le trait\u00e9 d&rsquo;apport.<\/p>\n\n\n\n<p>Dans le cas contraire, comme en cas de rupture du contrat de travail ou de renoncement \u00e0 la prise d\u2019un cong\u00e9, l&rsquo;int\u00e9ress\u00e9 a droit au versement d&rsquo;une indemnit\u00e9 correspondant aux droits acquis au moment de la r\u00e9mun\u00e9ration ou de la rupture du contrat.<\/p>\n\n\n\n<p>Cette indemnit\u00e9 sera vers\u00e9e en une seule fois&nbsp;:<\/p>\n\n\n\n<ul class=\"wp-block-list\"><li>soit trois mois apr\u00e8s la renonciation \u00e0 la prise d&rsquo;un cong\u00e9 ;<\/li><li>soit d\u00e8s la fin du contrat de travail en cas de rupture de ce contrat (c&rsquo;est-\u00e0-dire au plus tard \u00e0 la fin du pr\u00e9avis).&nbsp;<\/li><\/ul>\n\n\n\n<p class=\"has-medium-font-size\"><em><strong>6 \u2013 Plafond des droits acquis<\/strong><\/em><\/p>\n\n\n\n<p>A d\u00e9faut d\u2019un accord collectif d\u2019entreprise ayant pour objet de garantir la fraction des droits acquis, convertis en unit\u00e9 mon\u00e9taire, qui exc\u00e8de le plafond garantie par l\u2019Association pour la Gestion du r\u00e9gime d\u2019assurance des cr\u00e9ances des Salari\u00e9s(AGS), lorsque les droits \u00e9pargn\u00e9s sur le CET, convertis en unit\u00e9s mon\u00e9taires, exc\u00e8dent le plafond maximum garanti par l\u2019AGS une indemnit\u00e9 correspondant \u00e0 la conversion mon\u00e9taire de l\u2019ensemble des droits acquis est vers\u00e9e au salari\u00e9<em>.<\/em><\/p>\n\n\n\n<div class=\"wp-block-buttons is-layout-flex wp-block-buttons-is-layout-flex\">\n<div class=\"wp-block-button\"><a class=\"wp-block-button__link has-background\" href=\"https:\/\/ccn-pale.org\/index.php\/historique-de-la-ccn\/article-38-duree-et-organisation-du-temps-de-travail\/\" style=\"background-color:#037878\">Article pr\u00e9c\u00e9dent<\/a><\/div>\n\n\n\n<div class=\"wp-block-button is-style-outline is-style-outline--1\"><a class=\"wp-block-button__link has-text-color\" href=\"https:\/\/ccn-pale.org\/index.php\/dispositions-generales\/article-40-maintien-de-salaire-en-cas-dincapacite-temporaire-de-travail-et-garanties-complementaires-de-prevoyance\/\" style=\"color:#037878\">Article suivant<\/a><\/div>\n<\/div>\n","protected":false},"excerpt":{"rendered":"<p>(Actualis\u00e9 en dernier lieu par l\u2019accord n\u00b0100 du 23 septembre 2014) 1 \u2013 Objet Le compte \u00e9pargne temps a pour objet de permettre au salari\u00e9 qui le souhaite d&rsquo;accumuler des droits \u00e0 cong\u00e9 r\u00e9mun\u00e9r\u00e9 ou de b\u00e9n\u00e9ficier d\u2019une r\u00e9mun\u00e9ration imm\u00e9diate ou diff\u00e9r\u00e9e. 2 \u2013 Salari\u00e9s &hellip; <\/p>\n","protected":false},"author":1,"featured_media":0,"parent":138,"menu_order":39,"comment_status":"closed","ping_status":"closed","template":"","meta":{"footnotes":""},"class_list":["post-483","page","type-page","status-publish","hentry"],"_links":{"self":[{"href":"https:\/\/ccn-pale.org\/index.php\/wp-json\/wp\/v2\/pages\/483","targetHints":{"allow":["GET"]}}],"collection":[{"href":"https:\/\/ccn-pale.org\/index.php\/wp-json\/wp\/v2\/pages"}],"about":[{"href":"https:\/\/ccn-pale.org\/index.php\/wp-json\/wp\/v2\/types\/page"}],"author":[{"embeddable":true,"href":"https:\/\/ccn-pale.org\/index.php\/wp-json\/wp\/v2\/users\/1"}],"replies":[{"embeddable":true,"href":"https:\/\/ccn-pale.org\/index.php\/wp-json\/wp\/v2\/comments?post=483"}],"version-history":[{"count":6,"href":"https:\/\/ccn-pale.org\/index.php\/wp-json\/wp\/v2\/pages\/483\/revisions"}],"predecessor-version":[{"id":712,"href":"https:\/\/ccn-pale.org\/index.php\/wp-json\/wp\/v2\/pages\/483\/revisions\/712"}],"up":[{"embeddable":true,"href":"https:\/\/ccn-pale.org\/index.php\/wp-json\/wp\/v2\/pages\/138"}],"wp:attachment":[{"href":"https:\/\/ccn-pale.org\/index.php\/wp-json\/wp\/v2\/media?parent=483"}],"curies":[{"name":"wp","href":"https:\/\/api.w.org\/{rel}","templated":true}]}}