{"id":414,"date":"2021-06-15T11:42:21","date_gmt":"2021-06-15T09:42:21","guid":{"rendered":"https:\/\/ccn-pale.org\/?page_id=414"},"modified":"2021-09-24T13:44:15","modified_gmt":"2021-09-24T11:44:15","slug":"article-2-periode-dessai","status":"publish","type":"page","link":"https:\/\/ccn-pale.org\/index.php\/tam\/article-2-periode-dessai\/","title":{"rendered":"Article 2 &#8211; P\u00e9riode d&rsquo;essai"},"content":{"rendered":"\n<p class=\"has-text-color\" style=\"color:#037878\"><a><em>(Actualis\u00e9 par l\u2019accord n\u00b084 du 11 f\u00e9vrier 2010)<\/em><\/a><em><\/em><\/p>\n\n\n\n<p>La dur\u00e9e de la p\u00e9riode d\u2019essai est de deux mois. La lettre d\u2019engagement ou le contrat de travail peut pr\u00e9voir le renouvellement de la p\u00e9riode d\u2019essai pour une dur\u00e9e de un mois. Dans ce cas, la dur\u00e9e de la p\u00e9riode d\u2019essai, renouvellement compris, ne pourra exc\u00e9der trois mois.<\/p>\n\n\n\n<p>En cas de rupture du contrat de travail en cours ou au terme de la p\u00e9riode d\u2019essai, les d\u00e9lais suivants devront \u00eatre respect\u00e9s&nbsp;:<\/p>\n\n\n\n<p>&#8211; 24 heures en de\u00e7\u00e0 de huit jours de pr\u00e9sence&nbsp;;<\/p>\n\n\n\n<p>&#8211; 48 heures entre huit jours et un mois de pr\u00e9sence&nbsp;;<\/p>\n\n\n\n<p>&#8211; Deux semaines apr\u00e8s un mois de pr\u00e9sence&nbsp;;<\/p>\n\n\n\n<p>&#8211; Un mois apr\u00e8s trois mois de pr\u00e9sence.<\/p>\n\n\n\n<p>Lorsqu\u2019il est mis fin par le salari\u00e9 \u00e0 la p\u00e9riode d\u2019essai, les d\u00e9lais suivants devront \u00eatre respect\u00e9s&nbsp;:<\/p>\n\n\n\n<p>&#8211; 24 heures en de\u00e7\u00e0 de 8 jours de pr\u00e9sence&nbsp;;<\/p>\n\n\n\n<p>&#8211; 48 heures au-del\u00e0 de 8 jours de pr\u00e9sence.<\/p>\n\n\n\n<p>La p\u00e9riode d\u2019essai des contrats \u00e0 dur\u00e9e d\u00e9termin\u00e9e, renouvellement \u00e9ventuel compris, est de 1 jour par semaine avec un maximum de 2 semaines pour les contrats dont la dur\u00e9e est inf\u00e9rieure \u00e0 6 mois et un maximum d\u2019un mois pour les contrats dont la dur\u00e9e est sup\u00e9rieure \u00e0 6 mois.<\/p>\n\n\n\n<p><\/p>\n\n\n\n<div class=\"wp-block-buttons is-layout-flex wp-block-buttons-is-layout-flex\">\n<div class=\"wp-block-button is-style-fill\"><a class=\"wp-block-button__link has-background\" href=\"https:\/\/ccn-pale.org\/index.php\/ingenieurs-et-cadres\/article-1-champ-dapplication\/\" style=\"background-color:#037878\">Article pr\u00e9c\u00e9dent<\/a><\/div>\n\n\n\n<div class=\"wp-block-button is-style-outline is-style-outline--1\"><a class=\"wp-block-button__link has-text-color\" href=\"https:\/\/ccn-pale.org\/index.php\/article-3-confirmation-dembauche\/\" style=\"color:#037878\">Article suivant<\/a><\/div>\n<\/div>\n","protected":false},"excerpt":{"rendered":"<p>(Actualis\u00e9 par l\u2019accord n\u00b084 du 11 f\u00e9vrier 2010) La dur\u00e9e de la p\u00e9riode d\u2019essai est de deux mois. La lettre d\u2019engagement ou le contrat de travail peut pr\u00e9voir le renouvellement de la p\u00e9riode d\u2019essai pour une dur\u00e9e de un mois. Dans ce cas, la dur\u00e9e &hellip; <\/p>\n","protected":false},"author":1,"featured_media":0,"parent":230,"menu_order":2,"comment_status":"closed","ping_status":"closed","template":"","meta":{"footnotes":""},"class_list":["post-414","page","type-page","status-publish","hentry"],"_links":{"self":[{"href":"https:\/\/ccn-pale.org\/index.php\/wp-json\/wp\/v2\/pages\/414","targetHints":{"allow":["GET"]}}],"collection":[{"href":"https:\/\/ccn-pale.org\/index.php\/wp-json\/wp\/v2\/pages"}],"about":[{"href":"https:\/\/ccn-pale.org\/index.php\/wp-json\/wp\/v2\/types\/page"}],"author":[{"embeddable":true,"href":"https:\/\/ccn-pale.org\/index.php\/wp-json\/wp\/v2\/users\/1"}],"replies":[{"embeddable":true,"href":"https:\/\/ccn-pale.org\/index.php\/wp-json\/wp\/v2\/comments?post=414"}],"version-history":[{"count":6,"href":"https:\/\/ccn-pale.org\/index.php\/wp-json\/wp\/v2\/pages\/414\/revisions"}],"predecessor-version":[{"id":1033,"href":"https:\/\/ccn-pale.org\/index.php\/wp-json\/wp\/v2\/pages\/414\/revisions\/1033"}],"up":[{"embeddable":true,"href":"https:\/\/ccn-pale.org\/index.php\/wp-json\/wp\/v2\/pages\/230"}],"wp:attachment":[{"href":"https:\/\/ccn-pale.org\/index.php\/wp-json\/wp\/v2\/media?parent=414"}],"curies":[{"name":"wp","href":"https:\/\/api.w.org\/{rel}","templated":true}]}}