{"id":369,"date":"2021-06-14T16:00:49","date_gmt":"2021-06-14T14:00:49","guid":{"rendered":"https:\/\/ccn-pale.org\/?page_id=369"},"modified":"2026-02-12T10:03:46","modified_gmt":"2026-02-12T09:03:46","slug":"historique-de-la-ccn","status":"publish","type":"page","link":"https:\/\/ccn-pale.org\/index.php\/historique-de-la-ccn\/","title":{"rendered":"Historique de la CCN"},"content":{"rendered":"\n<p class=\"has-text-color\" style=\"color:#037878\"><strong>Dispositions g\u00e9n\u00e9rales<\/strong><\/p>\n\n\n\n<ul class=\"wp-block-list\">\n<li><strong>Convention collective nationale de travail pour les industries de la conserve du 17 janvier 1952<\/strong><\/li>\n\n\n\n<li>Avenant du 13 d\u00e9cembre 1956<\/li>\n\n\n\n<li>Avenant du 27 mars 1957<\/li>\n\n\n\n<li>Avenant du 25 avril 1963<\/li>\n\n\n\n<li>Avenant du 3 juillet 1963<\/li>\n\n\n\n<li>Deux avenants du 11 septembre 1964<\/li>\n\n\n\n<li>Avenant du 12 mars 1968<\/li>\n\n\n\n<li>Avenant du 5 juillet 1968<\/li>\n\n\n\n<li>Avenant du 22 novembre 1968<\/li>\n\n\n\n<li>Avenant du 20 mai 1969<\/li>\n\n\n\n<li>Avenant du 17 juin 1969<\/li>\n\n\n\n<li>Avenant du 16 juillet 1969<\/li>\n\n\n\n<li>Avenant du 30 juillet 1969<\/li>\n\n\n\n<li>Avenant du 25 novembre 1969<\/li>\n\n\n\n<li>Avenant du 13 mai 1970<\/li>\n\n\n\n<li>Avenant du 25 novembre 1971<\/li>\n\n\n\n<li>Avenant du 21 d\u00e9cembre 1971<\/li>\n\n\n\n<li>Avenant du 30 mars 1973<\/li>\n\n\n\n<li>Avenant du 18 d\u00e9cembre 1973<\/li>\n\n\n\n<li>Avenant du 4 f\u00e9vrier 1974<\/li>\n\n\n\n<li>Avenant du 19 juin 1974<\/li>\n\n\n\n<li>Avenant du 2 juillet 1974<\/li>\n\n\n\n<li>Avenant n\u00b01 du 19 d\u00e9cembre 1974 (<em>d\u00e9but de la num\u00e9rotation des avenants et accords)<\/em><\/li>\n\n\n\n<li>Avenant n\u00b02 du 13 f\u00e9vrier 1975<\/li>\n\n\n\n<li>Avenant n\u00b03 du 26 f\u00e9vrier 1976<\/li>\n\n\n\n<li>Avenant n\u00b04 du 20 mai 1976<\/li>\n\n\n\n<li>Avenant n\u00b05 du 15 f\u00e9vrier 1977<\/li>\n\n\n\n<li>Avenant n\u00b06 du 13 juin 1977<\/li>\n\n\n\n<li>Avenant n\u00b07 du 9 d\u00e9cembre 1977<\/li>\n\n\n\n<li>Avenant n\u00b08 du 15 f\u00e9vrier 1980<\/li>\n\n\n\n<li>Avenant n\u00b09 du 1<sup>er<\/sup> juillet 1981<\/li>\n\n\n\n<li>Avenant n\u00b010 du 1<sup>er<\/sup> juillet 1981<\/li>\n\n\n\n<li>Avenant n\u00b012 du 11 ao\u00fbt 1981<\/li>\n\n\n\n<li>Deux accords du 4 f\u00e9vrier 1985<\/li>\n\n\n\n<li><strong>Accord du 22 octobre 1985 relatif \u00e0 la mise \u00e0 jour de la CCN<\/strong><\/li>\n\n\n\n<li>Avenant n\u00b015 du 1<sup>er<\/sup> avril 1987<\/li>\n\n\n\n<li>Avenant n\u00b016 du 1<sup>er<\/sup> avril 1987<\/li>\n\n\n\n<li>Avenant n\u00b017 du 2 septembre 1987<\/li>\n\n\n\n<li>Avenant du 30 octobre 1987 (modification de l\u2019avenant n\u00b015)<\/li>\n\n\n\n<li>Avenant du 3 mars 1988 (modification avenant n\u00b017)<\/li>\n\n\n\n<li>Avenant n\u00b020 du 1<sup>er<\/sup> juillet 1988<\/li>\n\n\n\n<li>Avenant du 20 d\u00e9cembre 1988 (modification avenant n\u00b020)<\/li>\n\n\n\n<li>Avenant n\u00b024 du 31 janvier 1990<\/li>\n\n\n\n<li>Avenant n\u00b025 du 31 janvier 1990<\/li>\n\n\n\n<li>Accord n\u00b027 du 28 mai 1991<\/li>\n\n\n\n<li>Accord n\u00b031 du 23 f\u00e9vrier 1993<\/li>\n\n\n\n<li>Avenant n\u00b035 du 6 avril 1995<\/li>\n\n\n\n<li>Accord n\u00b038 du 20 juin 1996<\/li>\n\n\n\n<li>Avenant n\u00b039 du 20 juin 1996<\/li>\n\n\n\n<li>Accord n\u00b042 du 30 septembre 1997<\/li>\n\n\n\n<li>Accord n\u00b043 du 30 septembre 1997<\/li>\n\n\n\n<li>Avenant n\u00b045 du 24 f\u00e9vrier 1998<\/li>\n\n\n\n<li>Avenant n\u00b046 du 2 d\u00e9cembre 1998<\/li>\n\n\n\n<li>Accord n\u00b064 du 21 novembre 2002 relatif au changement de nom de la CCN<\/li>\n\n\n\n<li>Accord n\u00b067 du 4 d\u00e9cembre 2003<\/li>\n\n\n\n<li><strong>Accord n\u00b070 du 17 d\u00e9cembre 2004 \u2013 relatif \u00e0 l\u2019actualisation des dispositions de la CCN<\/strong><\/li>\n\n\n\n<li>Accord n\u00b071 du 17 d\u00e9cembre 2004<\/li>\n\n\n\n<li>Accord n\u00b073 du 9 mai 2006<\/li>\n\n\n\n<li>Accord n\u00b074 du 21 juin 2007<\/li>\n\n\n\n<li>Accord n\u00b075 du 21 juin 2007<\/li>\n\n\n\n<li>Accord n\u00b076 du 31 octobre 2007<\/li>\n\n\n\n<li>Accord n\u00b077 du 28 f\u00e9vrier 2008<\/li>\n\n\n\n<li>Accord n\u00b078 du 28 f\u00e9vrier 2008<\/li>\n\n\n\n<li>Accord n\u00b079 du 8 juillet 2009<\/li>\n\n\n\n<li>Pas d\u2019accord n\u00b080<\/li>\n\n\n\n<li>Accord n\u00b081 du 8 juillet 2009<\/li>\n\n\n\n<li>Accord n\u00b082 du 28 octobre 2009<\/li>\n\n\n\n<li>Accord n\u00b083 du 26 novembre 2010<\/li>\n\n\n\n<li>Accord n\u00b084 du 11 f\u00e9vrier 2010<\/li>\n\n\n\n<li>Accord n\u00b085 du 11 f\u00e9vrier 2010<\/li>\n\n\n\n<li>Accord n\u00b086 du 11 f\u00e9vrier 2010<\/li>\n\n\n\n<li>Accord n\u00b087 du 11 f\u00e9vrier 2010<\/li>\n\n\n\n<li>Accord n\u00b088 du 1<sup>er<\/sup> avril 2010<\/li>\n\n\n\n<li>Accord n\u00b089 du 1<sup>er<\/sup> avril 2010<\/li>\n\n\n\n<li>Accord n\u00b090 du 22 septembre 2010<\/li>\n\n\n\n<li>Accord n\u00b091 du 24 f\u00e9vrier 2011<\/li>\n\n\n\n<li>Accord n\u00b092 du 24 f\u00e9vrier 2011<\/li>\n\n\n\n<li>Accord n\u00b093 du 20 septembre 2011<\/li>\n\n\n\n<li>Accord n\u00b094 du 20 septembre 2011<\/li>\n\n\n\n<li>Accord n\u00b095 du 28 juin 2012<\/li>\n\n\n\n<li>Accord n\u00b096 du 28 juin 2012<\/li>\n\n\n\n<li>Accord n\u00b097 du 19 septembre 2012<\/li>\n\n\n\n<li>Accord n\u00b098 du 16 janvier 2014<\/li>\n\n\n\n<li>Accord n\u00b099 du 13 mars 2014<\/li>\n\n\n\n<li>Accord n\u00b0100 du 23 septembre 2014<\/li>\n\n\n\n<li>Accord n\u00b0101 du 21 janvier 2015<\/li>\n\n\n\n<li>Accord n\u00b0102 du 16 juin 2015<\/li>\n\n\n\n<li>Accord n\u00b0103 du 12 octobre 2016<\/li>\n\n\n\n<li>Accord n\u00b0104 du 16 d\u00e9cembre 2016<\/li>\n\n\n\n<li>Accord n\u00b0105 du 24 f\u00e9vrier 2017<\/li>\n\n\n\n<li>Accord n\u00b0106 du 24 f\u00e9vrier 2017<\/li>\n\n\n\n<li>Accord n\u00b0107 du 13 d\u00e9cembre 2017<\/li>\n\n\n\n<li>Accord n\u00b0109 du 31 janvier 2018<\/li>\n\n\n\n<li>Accord n\u00b0110 du 14 juin 2018<\/li>\n\n\n\n<li>Accord n\u00b0111 du 6 mars 2019<\/li>\n\n\n\n<li>Accord n\u00b0112 du 28 f\u00e9vrier 2020<\/li>\n\n\n\n<li>Accord n\u00b0113 du 12 juillet 2022<\/li>\n\n\n\n<li>Accord n\u00b0114 du 11 janvier 2023<\/li>\n\n\n\n<li>Accord n\u00b0115 du 3 novembre 2023<\/li>\n\n\n\n<li>Accord n\u00b0116 du 17 janvier 2024<\/li>\n\n\n\n<li>Accord n\u00b0117 du 17 janvier 2024<\/li>\n\n\n\n<li>Accord n\u00b0118 du 4 avril 2024<\/li>\n\n\n\n<li>Accord n\u00b0119 du 24 janvier 2025<\/li>\n\n\n\n<li>Accord n\u00b0120 du 17 juin 2025<\/li>\n\n\n\n<li>Accord n\u00b0121 du 9 septembre 2025<\/li>\n\n\n\n<li>Accord n\u00b0122 du 18 d\u00e9cembre 2025<\/li>\n\n\n\n<li>Accord n\u00b0123 du 30 janvier 2026<\/li>\n<\/ul>\n\n\n\n<p class=\"has-text-color\" style=\"color:#037878\"><strong>Dispositions visant les ing\u00e9nieurs et cadres<\/strong><\/p>\n\n\n\n<ul class=\"wp-block-list\">\n<li><strong>Accord du 25 avril 1956<\/strong><\/li>\n\n\n\n<li>Avenant du 1<sup>er<\/sup> juillet 1981<\/li>\n\n\n\n<li>Avenant n\u00b010 du 1<sup>er<\/sup> juillet 1981<\/li>\n\n\n\n<li>Accord du 4 f\u00e9vrier 1982<\/li>\n\n\n\n<li>Accord du 22 octobre 1985<\/li>\n\n\n\n<li>Avenant n\u00b017 du 2 septembre 1987<\/li>\n\n\n\n<li>Avenant du 3 mars 1988 (modifiant l\u2019avenant n\u00b017)<\/li>\n\n\n\n<li>Avenant n\u00b021 du 1<sup>er<\/sup> juillet 1988<\/li>\n\n\n\n<li>Accord n\u00b027 du 28 mai 1991<\/li>\n\n\n\n<li>Accord n\u00b070 du 17 d\u00e9cembre 2004<\/li>\n\n\n\n<li>Accord n\u00b084 du 11 f\u00e9vrier 2010<\/li>\n\n\n\n<li>Accord n\u00b0106 du 24 f\u00e9vrier 2017<\/li>\n<\/ul>\n\n\n\n<p class=\"has-text-color\" style=\"color:#037878\"> <strong>Dispositions visant les techniciens et agents de ma\u00eetrise (TAM)<\/strong><\/p>\n\n\n\n<ul class=\"wp-block-list\">\n<li><strong>Accord du 5 avril 1959<\/strong><\/li>\n\n\n\n<li>Avenant du 25 avril 1963<\/li>\n\n\n\n<li>Avenant n\u00b010 du 1<sup>er<\/sup> juillet 1981<\/li>\n\n\n\n<li>Accord du 4 f\u00e9vrier 1982<\/li>\n\n\n\n<li>Accord du 22 octobre 1985<\/li>\n\n\n\n<li>Avenant n\u00b017 du 2 septembre 1987<\/li>\n\n\n\n<li>Avenant du 3 mars 1988 (modifiant l\u2019avenant n\u00b017)<\/li>\n\n\n\n<li>Accord n\u00b027 du 28 mai 1991<\/li>\n\n\n\n<li>Accord n\u00b070 du 17 d\u00e9cembre 2004<\/li>\n\n\n\n<li>Accord n\u00b084 du 11 f\u00e9vrier 2010<\/li>\n<\/ul>\n","protected":false},"excerpt":{"rendered":"<p>Dispositions g\u00e9n\u00e9rales Dispositions visant les ing\u00e9nieurs et cadres Dispositions visant les techniciens et agents de ma\u00eetrise (TAM)<\/p>\n","protected":false},"author":1,"featured_media":0,"parent":0,"menu_order":0,"comment_status":"closed","ping_status":"closed","template":"","meta":{"footnotes":""},"class_list":["post-369","page","type-page","status-publish","hentry"],"_links":{"self":[{"href":"https:\/\/ccn-pale.org\/index.php\/wp-json\/wp\/v2\/pages\/369","targetHints":{"allow":["GET"]}}],"collection":[{"href":"https:\/\/ccn-pale.org\/index.php\/wp-json\/wp\/v2\/pages"}],"about":[{"href":"https:\/\/ccn-pale.org\/index.php\/wp-json\/wp\/v2\/types\/page"}],"author":[{"embeddable":true,"href":"https:\/\/ccn-pale.org\/index.php\/wp-json\/wp\/v2\/users\/1"}],"replies":[{"embeddable":true,"href":"https:\/\/ccn-pale.org\/index.php\/wp-json\/wp\/v2\/comments?post=369"}],"version-history":[{"count":8,"href":"https:\/\/ccn-pale.org\/index.php\/wp-json\/wp\/v2\/pages\/369\/revisions"}],"predecessor-version":[{"id":1207,"href":"https:\/\/ccn-pale.org\/index.php\/wp-json\/wp\/v2\/pages\/369\/revisions\/1207"}],"wp:attachment":[{"href":"https:\/\/ccn-pale.org\/index.php\/wp-json\/wp\/v2\/media?parent=369"}],"curies":[{"name":"wp","href":"https:\/\/api.w.org\/{rel}","templated":true}]}}