{"id":367,"date":"2021-06-14T15:58:30","date_gmt":"2021-06-14T13:58:30","guid":{"rendered":"https:\/\/ccn-pale.org\/?page_id=367"},"modified":"2026-04-17T15:21:49","modified_gmt":"2026-04-17T13:21:49","slug":"ccn-lessentiel","status":"publish","type":"page","link":"https:\/\/ccn-pale.org\/index.php\/ccn-lessentiel\/","title":{"rendered":"CCN l&rsquo;Essentiel"},"content":{"rendered":"\n<p><a href=\"https:\/\/ccn-pale.org\/wp-content\/uploads\/2026\/04\/20260417_LEssentiel-CCN_Maj10_Pacta.pdf\" data-type=\"attachment\" data-id=\"1239\">T\u00e9l\u00e9charger la derni\u00e8re version<\/a> &#8211; Actualisation d&rsquo;avril 2026<\/p>\n\n\n\n<p><\/p>\n","protected":false},"excerpt":{"rendered":"<p>T\u00e9l\u00e9charger la derni\u00e8re version &#8211; Actualisation d&rsquo;avril 2026<\/p>\n","protected":false},"author":1,"featured_media":0,"parent":0,"menu_order":0,"comment_status":"closed","ping_status":"closed","template":"","meta":{"footnotes":""},"class_list":["post-367","page","type-page","status-publish","hentry"],"_links":{"self":[{"href":"https:\/\/ccn-pale.org\/index.php\/wp-json\/wp\/v2\/pages\/367","targetHints":{"allow":["GET"]}}],"collection":[{"href":"https:\/\/ccn-pale.org\/index.php\/wp-json\/wp\/v2\/pages"}],"about":[{"href":"https:\/\/ccn-pale.org\/index.php\/wp-json\/wp\/v2\/types\/page"}],"author":[{"embeddable":true,"href":"https:\/\/ccn-pale.org\/index.php\/wp-json\/wp\/v2\/users\/1"}],"replies":[{"embeddable":true,"href":"https:\/\/ccn-pale.org\/index.php\/wp-json\/wp\/v2\/comments?post=367"}],"version-history":[{"count":8,"href":"https:\/\/ccn-pale.org\/index.php\/wp-json\/wp\/v2\/pages\/367\/revisions"}],"predecessor-version":[{"id":1240,"href":"https:\/\/ccn-pale.org\/index.php\/wp-json\/wp\/v2\/pages\/367\/revisions\/1240"}],"wp:attachment":[{"href":"https:\/\/ccn-pale.org\/index.php\/wp-json\/wp\/v2\/media?parent=367"}],"curies":[{"name":"wp","href":"https:\/\/api.w.org\/{rel}","templated":true}]}}