{"id":354,"date":"2021-06-10T11:32:58","date_gmt":"2021-06-10T09:32:58","guid":{"rendered":"https:\/\/ccn-pale.org\/?page_id=354"},"modified":"2024-02-09T19:15:52","modified_gmt":"2024-02-09T18:15:52","slug":"dg31","status":"publish","type":"page","link":"https:\/\/ccn-pale.org\/index.php\/dispositions-generales\/dg31\/","title":{"rendered":"Article 31 &#8211; Prime d&rsquo;anciennet\u00e9"},"content":{"rendered":"\n<p class=\"has-medium-font-size\"><em>(Actualis\u00e9 en dernier lieu par l&rsquo;accord n\u00b0117 du 17 janvier 2024 qui a align\u00e9 l&rsquo;assiette de la prime d&rsquo;anciennet\u00e9 des ouvriers sur celle des employ\u00e9s)<\/em><\/p>\n\n\n\n<p>Il est attribu\u00e9 au personnel de la cat\u00e9gorie \u00ab\u00a0Ouvriers\/Employ\u00e9s\u00a0\u00bb une prime en fonction de la pr\u00e9sence continue dans l\u2019entreprise (article 3 a)).<\/p>\n\n\n\n<p>Cette prime ind\u00e9pendante du salaire proprement dit, s\u2019ajoute au salaire effectif. Elle est calcul\u00e9e sur la r\u00e9mun\u00e9ration mensuelle effective de l\u2019int\u00e9ress\u00e9 telle que d\u00e9finie \u00e0 l\u2019article 21 et aux taux respectifs de&nbsp;:<\/p>\n\n\n\n<ul class=\"wp-block-list\">\n<li>3 % apr\u00e8s trois ans d\u2019anciennet\u00e9,<\/li>\n\n\n\n<li>6 % apr\u00e8s six ans d\u2019anciennet\u00e9,<\/li>\n\n\n\n<li>9 % apr\u00e8s neuf ans d\u2019anciennet\u00e9,<\/li>\n\n\n\n<li>12 % apr\u00e8s douze ans d\u2019anciennet\u00e9,<\/li>\n\n\n\n<li>15 % apr\u00e8s quinze ans et au-dessus.<\/li>\n<\/ul>\n\n\n\n<p>Le montant de la prime d\u2019anciennet\u00e9 est adapt\u00e9 \u00e0 l\u2019horaire de travail et supporte de ce fait les majorations pour heures suppl\u00e9mentaires.<\/p>\n\n\n\n<p>La prime d\u2019anciennet\u00e9 doit figurer \u00e0 part sur la feuille de paie mensuelle.<\/p>\n\n\n\n<p>Ces dispositions s\u2019appliquent sauf dans les cas r\u00e9sultant de la mise en \u0153uvre des dispositions particuli\u00e8res de l\u2019accord n\u00b048 du 2 d\u00e9cembre 1998.<\/p>\n\n\n\n<div class=\"wp-block-buttons is-layout-flex wp-block-buttons-is-layout-flex\">\n<div class=\"wp-block-button\"><a class=\"wp-block-button__link has-background wp-element-button\" href=\"https:\/\/ccn-pale.org\/index.php\/dispositions-generales\/dg30\/\" style=\"background-color:#037878\">Article pr\u00e9c\u00e9dent<\/a><\/div>\n\n\n\n<div class=\"wp-block-button is-style-outline is-style-outline--1\"><a class=\"wp-block-button__link has-text-color wp-element-button\" href=\"https:\/\/ccn-pale.org\/index.php\/dispositions-generales\/article-32-conges-payes\/\" style=\"color:#037878\">Article suivant<\/a><\/div>\n<\/div>\n","protected":false},"excerpt":{"rendered":"<p>(Actualis\u00e9 en dernier lieu par l&rsquo;accord n\u00b0117 du 17 janvier 2024 qui a align\u00e9 l&rsquo;assiette de la prime d&rsquo;anciennet\u00e9 des ouvriers sur celle des employ\u00e9s) Il est attribu\u00e9 au personnel de la cat\u00e9gorie \u00ab\u00a0Ouvriers\/Employ\u00e9s\u00a0\u00bb une prime en fonction de la pr\u00e9sence continue dans l\u2019entreprise (article &hellip; <\/p>\n","protected":false},"author":1,"featured_media":0,"parent":138,"menu_order":31,"comment_status":"closed","ping_status":"closed","template":"","meta":{"footnotes":""},"class_list":["post-354","page","type-page","status-publish","hentry"],"_links":{"self":[{"href":"https:\/\/ccn-pale.org\/index.php\/wp-json\/wp\/v2\/pages\/354","targetHints":{"allow":["GET"]}}],"collection":[{"href":"https:\/\/ccn-pale.org\/index.php\/wp-json\/wp\/v2\/pages"}],"about":[{"href":"https:\/\/ccn-pale.org\/index.php\/wp-json\/wp\/v2\/types\/page"}],"author":[{"embeddable":true,"href":"https:\/\/ccn-pale.org\/index.php\/wp-json\/wp\/v2\/users\/1"}],"replies":[{"embeddable":true,"href":"https:\/\/ccn-pale.org\/index.php\/wp-json\/wp\/v2\/comments?post=354"}],"version-history":[{"count":3,"href":"https:\/\/ccn-pale.org\/index.php\/wp-json\/wp\/v2\/pages\/354\/revisions"}],"predecessor-version":[{"id":1157,"href":"https:\/\/ccn-pale.org\/index.php\/wp-json\/wp\/v2\/pages\/354\/revisions\/1157"}],"up":[{"embeddable":true,"href":"https:\/\/ccn-pale.org\/index.php\/wp-json\/wp\/v2\/pages\/138"}],"wp:attachment":[{"href":"https:\/\/ccn-pale.org\/index.php\/wp-json\/wp\/v2\/media?parent=354"}],"curies":[{"name":"wp","href":"https:\/\/api.w.org\/{rel}","templated":true}]}}