{"id":337,"date":"2021-06-09T12:11:44","date_gmt":"2021-06-09T10:11:44","guid":{"rendered":"https:\/\/ccn-pale.org\/?page_id=337"},"modified":"2021-06-25T17:21:44","modified_gmt":"2021-06-25T15:21:44","slug":"dg30","status":"publish","type":"page","link":"https:\/\/ccn-pale.org\/index.php\/dispositions-generales\/dg30\/","title":{"rendered":"Article 30 &#8211; Absences"},"content":{"rendered":"\n<p>Les absences motiv\u00e9es par l\u2019incapacit\u00e9 r\u00e9sultant de maladie ou d\u2019accident et notifi\u00e9es par l\u2019int\u00e9ress\u00e9 dans les quarante-huit heures, sauf cas de force majeure, ne constituent pas une cause de rupture du contrat de travail. Ces absences devront \u00eatre justifi\u00e9es par certificat m\u00e9dical ou par d\u00e9claration \u00e0 la S\u00e9curit\u00e9 Sociale.<\/p>\n\n\n\n<p>En dehors des absences dues \u00e0 des accidents de travail et maladies professionnelles ayant eu leur origine dans l\u2019entreprise, l\u2019employeur serait fond\u00e9, sous certaines conditions, \u00e0 rompre le contrat de travail en respectant la proc\u00e9dure de licenciement au cas o\u00f9 l\u2019absence pour la maladie ou l\u2019accident se prolongerait&nbsp;:<\/p>\n\n\n\n<ul class=\"wp-block-list\"><li>au-del\u00e0 de six mois pour les salari\u00e9s dont l\u2019anciennet\u00e9 est inf\u00e9rieure \u00e0 cinq ans&nbsp;;<\/li><li>au-del\u00e0 de huit mois pour les salari\u00e9s dont l\u2019anciennet\u00e9 dans l\u2019entreprise est comprise entre cinq et dix ans&nbsp;;<\/li><li>au-del\u00e0 de dix mois pour les salari\u00e9s dont l\u2019anciennet\u00e9 dans l\u2019entreprise est comprise entre dix et quinze ans&nbsp;;<\/li><li>au-del\u00e0 d\u2019un an pour les salari\u00e9s dont l\u2019anciennet\u00e9 est sup\u00e9rieure \u00e0 quinze ans.<\/li><\/ul>\n\n\n\n<p>En cas de rupture du contrat de travail \u00e0 l\u2019expiration des d\u00e9lais pr\u00e9vus ci-dessus, l\u2019int\u00e9ress\u00e9 b\u00e9n\u00e9ficie de l\u2019indemnit\u00e9 de licenciement institu\u00e9e \u00e0 l\u2019article 29 de la pr\u00e9sente Convention.<\/p>\n\n\n\n<p>D\u2019autre part, au cas o\u00f9 l\u2019emploi du salari\u00e9 absent ne pourrait \u00eatre laiss\u00e9 vacant pendant la dur\u00e9e des d\u00e9lais susvis\u00e9s et o\u00f9 il s\u2019av\u00e9rerait impossible de trouver un rempla\u00e7ant provisoire, l\u2019int\u00e9ress\u00e9 serait avis\u00e9 par lettre recommand\u00e9e de son remplacement effectif et la rupture du contrat ne deviendrait d\u00e9finitive qu\u2019\u00e0 l\u2019expiration de la proc\u00e9dure&nbsp;de licenciement.<\/p>\n\n\n\n<p>Toutefois, le salari\u00e9 ainsi remplac\u00e9 b\u00e9n\u00e9ficie pendant une dur\u00e9e de 2 ans apr\u00e8s la fin de son indisponibilit\u00e9 d\u2019une priorit\u00e9 de r\u00e9embauchage dans la mesure o\u00f9 son ancien emploi ou un emploi similaire correspondant \u00e0 ses aptitudes, deviendrait disponible.<\/p>\n\n\n\n<p>Le salari\u00e9 qui d\u00e9sirerait b\u00e9n\u00e9ficier de cette priorit\u00e9 devrait en avertir son ancien employeur au moment de la fin de son indisponibilit\u00e9.<\/p>\n\n\n\n<p>Les absences dues \u00e0 un cas fortuit et grave d\u00fbment constat\u00e9 et port\u00e9 d\u00e8s que possible \u00e0 la connaissance de l\u2019employeur (tel que, notamment, incendie du domicile, d\u00e9c\u00e8s, accident, maladie grave du conjoint, d\u2019un ascendant ou d\u2019un descendant \u2026) ne constituent pas, non plus, une cause de rupture du contrat de travail pourvu que la dur\u00e9e de l\u2019absence soit en rapport avec l\u2019\u00e9v\u00e9nement qui l\u2019a motiv\u00e9e.<\/p>\n\n\n\n<div class=\"wp-block-buttons is-layout-flex wp-block-buttons-is-layout-flex\">\n<div class=\"wp-block-button\"><a class=\"wp-block-button__link has-background\" href=\"https:\/\/ccn-pale.org\/index.php\/dispositions-generales\/dg29\/\" style=\"background-color:#037878\">Article pr\u00e9c\u00e9dent<\/a><\/div>\n\n\n\n<div class=\"wp-block-button is-style-outline is-style-outline--1\"><a class=\"wp-block-button__link has-text-color\" href=\"https:\/\/ccn-pale.org\/index.php\/dispositions-generales\/dg31\/\" style=\"color:#037878\">Article suivant<\/a><\/div>\n<\/div>\n","protected":false},"excerpt":{"rendered":"<p>Les absences motiv\u00e9es par l\u2019incapacit\u00e9 r\u00e9sultant de maladie ou d\u2019accident et notifi\u00e9es par l\u2019int\u00e9ress\u00e9 dans les quarante-huit heures, sauf cas de force majeure, ne constituent pas une cause de rupture du contrat de travail. Ces absences devront \u00eatre justifi\u00e9es par certificat m\u00e9dical ou par d\u00e9claration &hellip; <\/p>\n","protected":false},"author":1,"featured_media":0,"parent":138,"menu_order":30,"comment_status":"closed","ping_status":"closed","template":"","meta":{"footnotes":""},"class_list":["post-337","page","type-page","status-publish","hentry"],"_links":{"self":[{"href":"https:\/\/ccn-pale.org\/index.php\/wp-json\/wp\/v2\/pages\/337","targetHints":{"allow":["GET"]}}],"collection":[{"href":"https:\/\/ccn-pale.org\/index.php\/wp-json\/wp\/v2\/pages"}],"about":[{"href":"https:\/\/ccn-pale.org\/index.php\/wp-json\/wp\/v2\/types\/page"}],"author":[{"embeddable":true,"href":"https:\/\/ccn-pale.org\/index.php\/wp-json\/wp\/v2\/users\/1"}],"replies":[{"embeddable":true,"href":"https:\/\/ccn-pale.org\/index.php\/wp-json\/wp\/v2\/comments?post=337"}],"version-history":[{"count":2,"href":"https:\/\/ccn-pale.org\/index.php\/wp-json\/wp\/v2\/pages\/337\/revisions"}],"predecessor-version":[{"id":596,"href":"https:\/\/ccn-pale.org\/index.php\/wp-json\/wp\/v2\/pages\/337\/revisions\/596"}],"up":[{"embeddable":true,"href":"https:\/\/ccn-pale.org\/index.php\/wp-json\/wp\/v2\/pages\/138"}],"wp:attachment":[{"href":"https:\/\/ccn-pale.org\/index.php\/wp-json\/wp\/v2\/media?parent=337"}],"curies":[{"name":"wp","href":"https:\/\/api.w.org\/{rel}","templated":true}]}}