{"id":335,"date":"2021-06-09T12:10:09","date_gmt":"2021-06-09T10:10:09","guid":{"rendered":"https:\/\/ccn-pale.org\/?page_id=335"},"modified":"2021-06-25T18:16:58","modified_gmt":"2021-06-25T16:16:58","slug":"dg29","status":"publish","type":"page","link":"https:\/\/ccn-pale.org\/index.php\/dispositions-generales\/dg29\/","title":{"rendered":"Article 29 &#8211; Licenciement &#8211; Mise \u00e0 la retraite &#8211; D\u00e9part &#8211; Rupture conventionnelle"},"content":{"rendered":"\n<p class=\"has-text-color\" style=\"color:#037878\"><em>(Actualis\u00e9 par l\u2019accord n\u00b084 du 11 f\u00e9vrier 2010)<\/em>[1]<\/p>\n\n\n\n<p class=\"has-medium-font-size\"><strong>a) Indemnit\u00e9 de licenciement<\/strong><\/p>\n\n\n\n<p>Une indemnit\u00e9 est attribu\u00e9e au salari\u00e9 qui compte au moins un an d&rsquo;anciennet\u00e9 licenci\u00e9 pour un motif ne reposant pas sur la faute grave ou lourde ou dont le contrat de travail est conventionnellement rompu.<\/p>\n\n\n\n<p>Le montant de cette indemnit\u00e9 ne peut \u00eatre inf\u00e9rieur \u00e0 un cinqui\u00e8me de mois par ann\u00e9e d&rsquo;anciennet\u00e9 auquel s&rsquo;ajoutent deux quinzi\u00e8mes de mois par ann\u00e9e au-del\u00e0 de dix ans d&rsquo;anciennet\u00e9.<\/p>\n\n\n\n<p>Lorsque l\u2019int\u00e9ress\u00e9 a d\u00e9j\u00e0 per\u00e7u de l\u2019\u00e9tablissement une indemnit\u00e9 de licenciement \u00e0 l\u2019occasion de la rupture d\u2019un contrat ant\u00e9rieur, l\u2019indemnit\u00e9 de licenciement est calcul\u00e9e sur le nombre de dixi\u00e8mes ou de cinqui\u00e8mes de mois correspondant \u00e0 l\u2019anciennet\u00e9 totale, diminu\u00e9e du nombre de dixi\u00e8mes ou de cinqui\u00e8mes de mois sur lequel a \u00e9t\u00e9 calcul\u00e9e l\u2019indemnit\u00e9 de licenciement per\u00e7ue lors du pr\u00e9c\u00e9dent licenciement.<\/p>\n\n\n\n<p>En cas de licenciement collectif, le paiement de l\u2019indemnit\u00e9 de licenciement pouvant constituer pour un \u00e9tablissement une charge particuli\u00e8rement lourde, l\u2019employeur aura la facult\u00e9 de proc\u00e9der par versements \u00e9chelonn\u00e9s sur une p\u00e9riode de trois mois au maximum.<\/p>\n\n\n\n<p class=\"has-medium-font-size\"><strong>b) Indemnit\u00e9 de mise \u00e0 la retraite<\/strong><\/p>\n\n\n\n<p>Le montant de cette indemnit\u00e9 est similaire \u00e0 celui de l&rsquo;indemnit\u00e9 de licenciement lorsque la r\u00e9siliation du contrat de travail, selon les conditions pr\u00e9vues par le code du travail, intervient \u00e0 partir de soixante-cinq ans, ou de soixante ans en cas d&rsquo;inaptitude au travail reconnue par le m\u00e9decin du travail.<\/p>\n\n\n\n<p class=\"has-medium-font-size\"><strong>c) D\u00e9part \u00e0 la retraite<\/strong><\/p>\n\n\n\n<p>Le salari\u00e9, d\u00e8s lors qu\u2019il remplit les conditions pour b\u00e9n\u00e9ficier d\u2019une retraite \u00e0 taux plein au titre du r\u00e9gime g\u00e9n\u00e9ral de la s\u00e9curit\u00e9 sociale, qui, de sa propre initiative, r\u00e9silie son contrat de travail pour prendre sa retraite, a droit \u00e0 une indemnit\u00e9 de d\u00e9part en retraite telle que d\u00e9termin\u00e9e dans le tableau ci-dessous&nbsp;:<\/p>\n\n\n\n<figure class=\"wp-block-table is-style-stripes\"><table><tbody><tr><td><strong>Anciennet\u00e9 en ann\u00e9es<\/strong><\/td><td><strong>Indemnit\u00e9 en mois<\/strong><\/td><td><strong>Anciennet\u00e9 en ann\u00e9es<\/strong><\/td><td><strong>Indemnit\u00e9 en mois<\/strong><\/td><td><strong>Anciennet\u00e9 en ann\u00e9es<\/strong><\/td><td><strong>Indemnit\u00e9 en mois<\/strong><\/td><\/tr><tr><td>1<\/td><td>0,05<\/td><td>15<\/td><td>1,50<\/td><td>29<\/td><td>2,90<\/td><\/tr><tr><td>2<\/td><td>0,10<\/td><td>16<\/td><td>1,60<\/td><td>30<\/td><td>3,00<\/td><\/tr><tr><td>3<\/td><td>0,15<\/td><td>17<\/td><td>1,70<\/td><td>31<\/td><td>3,10<\/td><\/tr><tr><td>4<\/td><td>0,20<\/td><td>18<\/td><td>1,80<\/td><td>32<\/td><td>3,20<\/td><\/tr><tr><td>5<\/td><td>0,50<\/td><td>19<\/td><td>1,90<\/td><td>33<\/td><td>3,30<\/td><\/tr><tr><td>6<\/td><td>0,60<\/td><td>20<\/td><td>2,00<\/td><td>34<\/td><td>3,40<\/td><\/tr><tr><td>7<\/td><td>0,70<\/td><td>21<\/td><td>2,10<\/td><td>35<\/td><td>3,50<\/td><\/tr><tr><td>8<\/td><td>0,80<\/td><td>22<\/td><td>2,20<\/td><td>36<\/td><td>3,60<\/td><\/tr><tr><td>9<\/td><td>0,90<\/td><td>23<\/td><td>2,30<\/td><td>37<\/td><td>3,70<\/td><\/tr><tr><td>10<\/td><td>1,00<\/td><td>24<\/td><td>2,40<\/td><td>38<\/td><td>3,80<\/td><\/tr><tr><td>11<\/td><td>1,10<\/td><td>25<\/td><td>2,50<\/td><td>39<\/td><td>3,90<\/td><\/tr><tr><td>12<\/td><td>1,20<\/td><td>26<\/td><td>2,60<\/td><td>40<\/td><td>4,00<\/td><\/tr><tr><td>13<\/td><td>1,30<\/td><td>27<\/td><td>2,70<\/td><td>&nbsp;<\/td><td>&nbsp;<\/td><\/tr><tr><td>14<\/td><td>1,40<\/td><td>28<\/td><td>2,80<\/td><td>&nbsp;<\/td><td>&nbsp;<\/td><\/tr><\/tbody><\/table><\/figure>\n\n\n\n<p>L\u2019indemnit\u00e9 est major\u00e9e de 1\/10<sup>\u00e8me<\/sup> mois par ann\u00e9e d\u2019anciennet\u00e9 au-del\u00e0 de 40 ans.<\/p>\n\n\n\n<p>Apr\u00e8s un an d\u2019anciennet\u00e9, en cas d\u2019ann\u00e9e&nbsp; incompl\u00e8te, l\u2019indemnit\u00e9 est calcul\u00e9e prorata des mois de pr\u00e9sence.<\/p>\n\n\n\n<p>Le salaire \u00e0 prendre en consid\u00e9ration pour le calcul des indemnit\u00e9s pr\u00e9vues ci-dessus est le douzi\u00e8me de la r\u00e9mun\u00e9ration des douze derniers mois pr\u00e9c\u00e9dant la r\u00e9siliation ou, selon la formule la plus avantageuse pour l\u2019int\u00e9ress\u00e9, le tiers des trois derniers mois, \u00e9tant entendu que, dans ce cas, toute prime ou gratification de caract\u00e8re annuel ou exceptionnel qui aurait \u00e9t\u00e9 vers\u00e9e au salari\u00e9 pendant cette p\u00e9riode ne serait prise en compte au titre de cette p\u00e9riode que pour le quart de son montant.&nbsp;<\/p>\n\n\n\n<hr class=\"wp-block-separator\"\/>\n\n\n\n<p>[1]<em> &#8211; \u00c9tendus sous r\u00e9serve de l&rsquo;application des dispositions de l&rsquo;article L. 1237-13 du code travail qui, selon l&rsquo;interpr\u00e9tation de l\u2019administration, ne conditionnent pas comme cela est pr\u00e9vu pour l&rsquo;indemnit\u00e9 de licenciement le versement d&rsquo;une indemnit\u00e9 en cas de rupture conventionnelle \u00e0 une anciennet\u00e9 de un an.<\/em><\/p>\n\n\n\n<div class=\"wp-block-buttons is-layout-flex wp-block-buttons-is-layout-flex\">\n<div class=\"wp-block-button\"><a class=\"wp-block-button__link has-background\" href=\"https:\/\/ccn-pale.org\/index.php\/dispositions-generales\/dg28\/\" style=\"background-color:#037878\">Article pr\u00e9c\u00e9dent<\/a><\/div>\n\n\n\n<div class=\"wp-block-button is-style-outline is-style-outline--1\"><a class=\"wp-block-button__link has-text-color\" href=\"https:\/\/ccn-pale.org\/index.php\/dispositions-generales\/dg30\/\" style=\"color:#037878\">Article suivant<\/a><\/div>\n<\/div>\n","protected":false},"excerpt":{"rendered":"<p>(Actualis\u00e9 par l\u2019accord n\u00b084 du 11 f\u00e9vrier 2010)[1] a) Indemnit\u00e9 de licenciement Une indemnit\u00e9 est attribu\u00e9e au salari\u00e9 qui compte au moins un an d&rsquo;anciennet\u00e9 licenci\u00e9 pour un motif ne reposant pas sur la faute grave ou lourde ou dont le contrat de travail est &hellip; <\/p>\n","protected":false},"author":1,"featured_media":0,"parent":138,"menu_order":29,"comment_status":"closed","ping_status":"closed","template":"","meta":{"footnotes":""},"class_list":["post-335","page","type-page","status-publish","hentry"],"_links":{"self":[{"href":"https:\/\/ccn-pale.org\/index.php\/wp-json\/wp\/v2\/pages\/335","targetHints":{"allow":["GET"]}}],"collection":[{"href":"https:\/\/ccn-pale.org\/index.php\/wp-json\/wp\/v2\/pages"}],"about":[{"href":"https:\/\/ccn-pale.org\/index.php\/wp-json\/wp\/v2\/types\/page"}],"author":[{"embeddable":true,"href":"https:\/\/ccn-pale.org\/index.php\/wp-json\/wp\/v2\/users\/1"}],"replies":[{"embeddable":true,"href":"https:\/\/ccn-pale.org\/index.php\/wp-json\/wp\/v2\/comments?post=335"}],"version-history":[{"count":3,"href":"https:\/\/ccn-pale.org\/index.php\/wp-json\/wp\/v2\/pages\/335\/revisions"}],"predecessor-version":[{"id":624,"href":"https:\/\/ccn-pale.org\/index.php\/wp-json\/wp\/v2\/pages\/335\/revisions\/624"}],"up":[{"embeddable":true,"href":"https:\/\/ccn-pale.org\/index.php\/wp-json\/wp\/v2\/pages\/138"}],"wp:attachment":[{"href":"https:\/\/ccn-pale.org\/index.php\/wp-json\/wp\/v2\/media?parent=335"}],"curies":[{"name":"wp","href":"https:\/\/api.w.org\/{rel}","templated":true}]}}