{"id":331,"date":"2021-06-09T12:03:13","date_gmt":"2021-06-09T10:03:13","guid":{"rendered":"https:\/\/ccn-pale.org\/?page_id=331"},"modified":"2021-06-25T17:19:11","modified_gmt":"2021-06-25T15:19:11","slug":"dg27","status":"publish","type":"page","link":"https:\/\/ccn-pale.org\/index.php\/dispositions-generales\/dg27\/","title":{"rendered":"Article 27 &#8211; Recherche d&rsquo;un nouvel emploi"},"content":{"rendered":"\n<p>Pendant l\u2019int\u00e9gralit\u00e9 du pr\u00e9avis travaill\u00e9, lorsque celui-ci est sup\u00e9rieur \u00e0 huit jours, l\u2019int\u00e9ress\u00e9 est autoris\u00e9, afin de chercher un nouvel emploi, et jusqu\u2019\u00e0 ce qu\u2019il l\u2019ai trouv\u00e9, \u00e0 s\u2019absenter chaque jour pendant une dur\u00e9e de deux heures.<\/p>\n\n\n\n<p>Par ailleurs, dans le cadre d\u2019un contrat \u00e0 dur\u00e9e d\u00e9termin\u00e9e de date \u00e0 date d\u2019une dur\u00e9e minimum de 2 mois comportant une clause de renouvellement dont il n\u2019a pas \u00e9t\u00e9 fait usage, le salari\u00e9 b\u00e9n\u00e9ficiera d\u2019une autorisation d\u2019absence de deux heures par jour afin de chercher un nouvel emploi et ceci pendant 7 jours ouvrables.<\/p>\n\n\n\n<p>Le moment de la journ\u00e9e o\u00f9 se placent ces absences peut \u00eatre fix\u00e9 alternativement un jour au gr\u00e9 de l\u2019int\u00e9ress\u00e9, un jour au gr\u00e9 de l\u2019employeur&nbsp;; toutefois, elles peuvent \u00eatre group\u00e9es selon des modalit\u00e9s fix\u00e9es d\u2019un commun accord.<\/p>\n\n\n\n<p>Ces absences sont r\u00e9mun\u00e9r\u00e9es, sauf en cas de d\u00e9part volontaire.<\/p>\n\n\n\n<div class=\"wp-block-buttons is-layout-flex wp-block-buttons-is-layout-flex\">\n<div class=\"wp-block-button\"><a class=\"wp-block-button__link has-background\" href=\"https:\/\/ccn-pale.org\/index.php\/dispositions-generales\/dg26\/\" style=\"background-color:#037878\">Article pr\u00e9c\u00e9dent<\/a><\/div>\n\n\n\n<div class=\"wp-block-button is-style-outline is-style-outline--1\"><a class=\"wp-block-button__link has-text-color\" href=\"https:\/\/ccn-pale.org\/index.php\/dispositions-generales\/dg28\/\" style=\"color:#037878\">Article suivant<\/a><\/div>\n<\/div>\n","protected":false},"excerpt":{"rendered":"<p>Pendant l\u2019int\u00e9gralit\u00e9 du pr\u00e9avis travaill\u00e9, lorsque celui-ci est sup\u00e9rieur \u00e0 huit jours, l\u2019int\u00e9ress\u00e9 est autoris\u00e9, afin de chercher un nouvel emploi, et jusqu\u2019\u00e0 ce qu\u2019il l\u2019ai trouv\u00e9, \u00e0 s\u2019absenter chaque jour pendant une dur\u00e9e de deux heures. Par ailleurs, dans le cadre d\u2019un contrat \u00e0 &hellip; <\/p>\n","protected":false},"author":1,"featured_media":0,"parent":138,"menu_order":27,"comment_status":"closed","ping_status":"closed","template":"","meta":{"footnotes":""},"class_list":["post-331","page","type-page","status-publish","hentry"],"_links":{"self":[{"href":"https:\/\/ccn-pale.org\/index.php\/wp-json\/wp\/v2\/pages\/331","targetHints":{"allow":["GET"]}}],"collection":[{"href":"https:\/\/ccn-pale.org\/index.php\/wp-json\/wp\/v2\/pages"}],"about":[{"href":"https:\/\/ccn-pale.org\/index.php\/wp-json\/wp\/v2\/types\/page"}],"author":[{"embeddable":true,"href":"https:\/\/ccn-pale.org\/index.php\/wp-json\/wp\/v2\/users\/1"}],"replies":[{"embeddable":true,"href":"https:\/\/ccn-pale.org\/index.php\/wp-json\/wp\/v2\/comments?post=331"}],"version-history":[{"count":2,"href":"https:\/\/ccn-pale.org\/index.php\/wp-json\/wp\/v2\/pages\/331\/revisions"}],"predecessor-version":[{"id":592,"href":"https:\/\/ccn-pale.org\/index.php\/wp-json\/wp\/v2\/pages\/331\/revisions\/592"}],"up":[{"embeddable":true,"href":"https:\/\/ccn-pale.org\/index.php\/wp-json\/wp\/v2\/pages\/138"}],"wp:attachment":[{"href":"https:\/\/ccn-pale.org\/index.php\/wp-json\/wp\/v2\/media?parent=331"}],"curies":[{"name":"wp","href":"https:\/\/api.w.org\/{rel}","templated":true}]}}