{"id":323,"date":"2021-06-09T11:53:46","date_gmt":"2021-06-09T09:53:46","guid":{"rendered":"https:\/\/ccn-pale.org\/?page_id=323"},"modified":"2021-09-24T11:58:56","modified_gmt":"2021-09-24T09:58:56","slug":"dg23-professionnelle","status":"publish","type":"page","link":"https:\/\/ccn-pale.org\/index.php\/dispositions-generales\/dg23-professionnelle\/","title":{"rendered":"Article 23 &#8211; Apprentissage &#8211; Formation professionnelle"},"content":{"rendered":"\n<p>La formation professionnelle peut \u00eatre assur\u00e9e par l\u2019apprentissage, le perfectionnement en usine des salari\u00e9s de l\u2019entreprise, la formation professionnelle continue. Ces formations sont assur\u00e9es conform\u00e9ment aux dispositions r\u00e9glementaires et\/ou conventionnelles en vigueur.<\/p>\n\n\n\n<p>Les signataires rappellent que l\u2019apprentissage doit comporter une formation technique professionnelle de base alli\u00e9e \u00e0 une \u00e9ducation g\u00e9n\u00e9rale suffisante.<\/p>\n\n\n\n<p>Ils s\u2019engagent \u00e0 favoriser dans toute la mesure du possible l\u2019apprentissage, la formation professionnelle et la promotion ouvri\u00e8re en utilisant au maximum les moyens qui pourraient \u00eatre mis \u00e0 leur disposition.<\/p>\n\n\n\n<p>Par ailleurs, conform\u00e9ment \u00e0 l\u2019accord interbranches du 20 octobre 2004, les entreprises sont tenues de verser une partie de leur participation \u00e0 la formation professionnelle continue \u00e0 l\u2019AGEFAFORIA.<\/p>\n\n\n\n<p><\/p>\n\n\n\n<div class=\"wp-block-buttons is-layout-flex wp-block-buttons-is-layout-flex\">\n<div class=\"wp-block-button\"><a class=\"wp-block-button__link has-background\" href=\"https:\/\/ccn-pale.org\/index.php\/dispositions-generales\/dg22\/\" style=\"background-color:#037878\">Article pr\u00e9c\u00e9dent<\/a><\/div>\n\n\n\n<div class=\"wp-block-button is-style-outline is-style-outline--1\"><a class=\"wp-block-button__link has-text-color\" href=\"https:\/\/ccn-pale.org\/index.php\/dispositions-generales\/article-24-travailleurs-intermittents\/\" style=\"color:#037878\">Article suivant<\/a><\/div>\n<\/div>\n\n\n\n<p><\/p>\n","protected":false},"excerpt":{"rendered":"<p>La formation professionnelle peut \u00eatre assur\u00e9e par l\u2019apprentissage, le perfectionnement en usine des salari\u00e9s de l\u2019entreprise, la formation professionnelle continue. Ces formations sont assur\u00e9es conform\u00e9ment aux dispositions r\u00e9glementaires et\/ou conventionnelles en vigueur. Les signataires rappellent que l\u2019apprentissage doit comporter une formation technique professionnelle de base &hellip; <\/p>\n","protected":false},"author":1,"featured_media":0,"parent":138,"menu_order":13,"comment_status":"closed","ping_status":"closed","template":"","meta":{"footnotes":""},"class_list":["post-323","page","type-page","status-publish","hentry"],"_links":{"self":[{"href":"https:\/\/ccn-pale.org\/index.php\/wp-json\/wp\/v2\/pages\/323","targetHints":{"allow":["GET"]}}],"collection":[{"href":"https:\/\/ccn-pale.org\/index.php\/wp-json\/wp\/v2\/pages"}],"about":[{"href":"https:\/\/ccn-pale.org\/index.php\/wp-json\/wp\/v2\/types\/page"}],"author":[{"embeddable":true,"href":"https:\/\/ccn-pale.org\/index.php\/wp-json\/wp\/v2\/users\/1"}],"replies":[{"embeddable":true,"href":"https:\/\/ccn-pale.org\/index.php\/wp-json\/wp\/v2\/comments?post=323"}],"version-history":[{"count":4,"href":"https:\/\/ccn-pale.org\/index.php\/wp-json\/wp\/v2\/pages\/323\/revisions"}],"predecessor-version":[{"id":1026,"href":"https:\/\/ccn-pale.org\/index.php\/wp-json\/wp\/v2\/pages\/323\/revisions\/1026"}],"up":[{"embeddable":true,"href":"https:\/\/ccn-pale.org\/index.php\/wp-json\/wp\/v2\/pages\/138"}],"wp:attachment":[{"href":"https:\/\/ccn-pale.org\/index.php\/wp-json\/wp\/v2\/media?parent=323"}],"curies":[{"name":"wp","href":"https:\/\/api.w.org\/{rel}","templated":true}]}}