{"id":313,"date":"2021-06-09T11:31:51","date_gmt":"2021-06-09T09:31:51","guid":{"rendered":"https:\/\/ccn-pale.org\/?page_id=313"},"modified":"2021-06-25T17:11:58","modified_gmt":"2021-06-25T15:11:58","slug":"dg18","status":"publish","type":"page","link":"https:\/\/ccn-pale.org\/index.php\/dispositions-generales\/dg18\/","title":{"rendered":"Article 18 &#8211; Comit\u00e9s d&rsquo;entreprise et d&rsquo;\u00e9tablissements"},"content":{"rendered":"\n<p>Dans toutes les entreprises ou \u00e9tablissements relevant de la pr\u00e9sente Convention et occupant au moins 50 salari\u00e9s, il est constitu\u00e9 des comit\u00e9s d\u2019entreprise et d\u2019\u00e9tablissements, conform\u00e9ment \u00e0 la l\u00e9gislation en vigueur.<\/p>\n\n\n\n<p>Dans les entreprises dont l\u2019effectif est compris entre 50 et moins de 200 salari\u00e9s, les d\u00e9l\u00e9gu\u00e9s du personnel peuvent constituer la d\u00e9l\u00e9gation du personnel au comit\u00e9 d\u2019entreprise (d\u00e9l\u00e9gation unique).<\/p>\n\n\n\n<div class=\"wp-block-buttons is-layout-flex wp-block-buttons-is-layout-flex\">\n<div class=\"wp-block-button\"><a class=\"wp-block-button__link has-background\" href=\"https:\/\/ccn-pale.org\/index.php\/dispositions-generales\/article-17-temps-devolu-aux-delegues-du-personnel-pour-lexercice-de-leurs-fonctions\/\" style=\"background-color:#037878\">Article pr\u00e9c\u00e9dent<\/a><\/div>\n\n\n\n<div class=\"wp-block-button is-style-outline is-style-outline--1\"><a class=\"wp-block-button__link has-text-color\" href=\"https:\/\/ccn-pale.org\/index.php\/dispositions-generales\/dg19\/\" style=\"color:#037878\">Article suivant<\/a><\/div>\n<\/div>\n\n\n\n<p><\/p>\n","protected":false},"excerpt":{"rendered":"<p>Dans toutes les entreprises ou \u00e9tablissements relevant de la pr\u00e9sente Convention et occupant au moins 50 salari\u00e9s, il est constitu\u00e9 des comit\u00e9s d\u2019entreprise et d\u2019\u00e9tablissements, conform\u00e9ment \u00e0 la l\u00e9gislation en vigueur. Dans les entreprises dont l\u2019effectif est compris entre 50 et moins de 200 salari\u00e9s, &hellip; <\/p>\n","protected":false},"author":1,"featured_media":0,"parent":138,"menu_order":18,"comment_status":"closed","ping_status":"closed","template":"","meta":{"footnotes":""},"class_list":["post-313","page","type-page","status-publish","hentry"],"_links":{"self":[{"href":"https:\/\/ccn-pale.org\/index.php\/wp-json\/wp\/v2\/pages\/313","targetHints":{"allow":["GET"]}}],"collection":[{"href":"https:\/\/ccn-pale.org\/index.php\/wp-json\/wp\/v2\/pages"}],"about":[{"href":"https:\/\/ccn-pale.org\/index.php\/wp-json\/wp\/v2\/types\/page"}],"author":[{"embeddable":true,"href":"https:\/\/ccn-pale.org\/index.php\/wp-json\/wp\/v2\/users\/1"}],"replies":[{"embeddable":true,"href":"https:\/\/ccn-pale.org\/index.php\/wp-json\/wp\/v2\/comments?post=313"}],"version-history":[{"count":2,"href":"https:\/\/ccn-pale.org\/index.php\/wp-json\/wp\/v2\/pages\/313\/revisions"}],"predecessor-version":[{"id":583,"href":"https:\/\/ccn-pale.org\/index.php\/wp-json\/wp\/v2\/pages\/313\/revisions\/583"}],"up":[{"embeddable":true,"href":"https:\/\/ccn-pale.org\/index.php\/wp-json\/wp\/v2\/pages\/138"}],"wp:attachment":[{"href":"https:\/\/ccn-pale.org\/index.php\/wp-json\/wp\/v2\/media?parent=313"}],"curies":[{"name":"wp","href":"https:\/\/api.w.org\/{rel}","templated":true}]}}