{"id":307,"date":"2021-06-08T15:09:13","date_gmt":"2021-06-08T13:09:13","guid":{"rendered":"https:\/\/ccn-pale.org\/?page_id=307"},"modified":"2021-06-25T18:12:09","modified_gmt":"2021-06-25T16:12:09","slug":"article-17-temps-devolu-aux-delegues-du-personnel-pour-lexercice-de-leurs-fonctions","status":"publish","type":"page","link":"https:\/\/ccn-pale.org\/index.php\/dispositions-generales\/article-17-temps-devolu-aux-delegues-du-personnel-pour-lexercice-de-leurs-fonctions\/","title":{"rendered":"Article 17 &#8211; Temps d\u00e9volu aux d\u00e9l\u00e9gu\u00e9s du personnel pour l&rsquo;exercice de leurs fonctions"},"content":{"rendered":"\n<p class=\"has-text-color\" style=\"color:#037878\"><em>(Actualis\u00e9 par l\u2019accord n\u00b081 du 8 juillet 2009)<\/em><\/p>\n\n\n\n<p>Chaque d\u00e9l\u00e9gu\u00e9 continuera \u00e0 travailler normalement dans son emploi. Son horaire de travail ne pourra \u00eatre diff\u00e9rent de celui en vigueur dans son atelier.<\/p>\n\n\n\n<p>Toutefois, le chef d\u2019\u00e9tablissement est tenu de laisser aux d\u00e9l\u00e9gu\u00e9s du personnel, dans la limite d\u2019une dur\u00e9e qui, sauf circonstances exceptionnelles, notamment lorsqu\u2019ils sont appel\u00e9s \u00e0 si\u00e9ger \u00e8s qualit\u00e9 \u00e0 des r\u00e9unions paritaires (pour la partie de ces r\u00e9unions paritaires co\u00efncidant avec l\u2019horaire du travail), ne peut exc\u00e9der quinze heures par mois, le temps n\u00e9cessaire \u00e0 l\u2019exercice de leurs fonctions. Ce temps leur sera pay\u00e9 comme temps de travail.<\/p>\n\n\n\n<p>Des dispositions sont prises par les directeurs d\u2019\u00e9tablissements et les repr\u00e9sentants des Organisations syndicales pour permettre l\u2019exercice normal des fonctions des divers repr\u00e9sentants du personnel, sans que les absences de ceux-ci aient des cons\u00e9quences directes ou indirectes vis-\u00e0-vis d\u2019eux-m\u00eames ou de leurs coll\u00e8gues de travail.<\/p>\n\n\n\n<p>Lorsqu\u2019ils exercent les attributions \u00e9conomiques du Comit\u00e9 d\u2019entreprise dans les conditions pr\u00e9vues \u00e0 l\u2019article L 2313-13, ils b\u00e9n\u00e9ficient en outre d\u2019un cr\u00e9dit de 20 heures par mois.<\/p>\n\n\n\n<div class=\"wp-block-buttons is-layout-flex wp-block-buttons-is-layout-flex\">\n<div class=\"wp-block-button\"><a class=\"wp-block-button__link has-background\" href=\"https:\/\/ccn-pale.org\/index.php\/dispositions-generales\/article-16-reception-des-delegues-du-personnel\/\" style=\"background-color:#037878\">Article pr\u00e9c\u00e9dent<\/a><\/div>\n\n\n\n<div class=\"wp-block-button is-style-outline is-style-outline--1\"><a class=\"wp-block-button__link has-text-color\" href=\"https:\/\/ccn-pale.org\/index.php\/dispositions-generales\/dg18\/\" style=\"color:#037878\">Article suivant<\/a><\/div>\n<\/div>\n","protected":false},"excerpt":{"rendered":"<p>(Actualis\u00e9 par l\u2019accord n\u00b081 du 8 juillet 2009) Chaque d\u00e9l\u00e9gu\u00e9 continuera \u00e0 travailler normalement dans son emploi. Son horaire de travail ne pourra \u00eatre diff\u00e9rent de celui en vigueur dans son atelier. Toutefois, le chef d\u2019\u00e9tablissement est tenu de laisser aux d\u00e9l\u00e9gu\u00e9s du personnel, dans &hellip; <\/p>\n","protected":false},"author":1,"featured_media":0,"parent":138,"menu_order":17,"comment_status":"closed","ping_status":"closed","template":"","meta":{"footnotes":""},"class_list":["post-307","page","type-page","status-publish","hentry"],"_links":{"self":[{"href":"https:\/\/ccn-pale.org\/index.php\/wp-json\/wp\/v2\/pages\/307","targetHints":{"allow":["GET"]}}],"collection":[{"href":"https:\/\/ccn-pale.org\/index.php\/wp-json\/wp\/v2\/pages"}],"about":[{"href":"https:\/\/ccn-pale.org\/index.php\/wp-json\/wp\/v2\/types\/page"}],"author":[{"embeddable":true,"href":"https:\/\/ccn-pale.org\/index.php\/wp-json\/wp\/v2\/users\/1"}],"replies":[{"embeddable":true,"href":"https:\/\/ccn-pale.org\/index.php\/wp-json\/wp\/v2\/comments?post=307"}],"version-history":[{"count":3,"href":"https:\/\/ccn-pale.org\/index.php\/wp-json\/wp\/v2\/pages\/307\/revisions"}],"predecessor-version":[{"id":617,"href":"https:\/\/ccn-pale.org\/index.php\/wp-json\/wp\/v2\/pages\/307\/revisions\/617"}],"up":[{"embeddable":true,"href":"https:\/\/ccn-pale.org\/index.php\/wp-json\/wp\/v2\/pages\/138"}],"wp:attachment":[{"href":"https:\/\/ccn-pale.org\/index.php\/wp-json\/wp\/v2\/media?parent=307"}],"curies":[{"name":"wp","href":"https:\/\/api.w.org\/{rel}","templated":true}]}}