{"id":303,"date":"2021-06-08T15:03:33","date_gmt":"2021-06-08T13:03:33","guid":{"rendered":"https:\/\/ccn-pale.org\/?page_id=303"},"modified":"2021-08-03T16:03:13","modified_gmt":"2021-08-03T14:03:13","slug":"article-16-reception-des-delegues-du-personnel","status":"publish","type":"page","link":"https:\/\/ccn-pale.org\/index.php\/dispositions-generales\/article-16-reception-des-delegues-du-personnel\/","title":{"rendered":"Article 16 &#8211; R\u00e9ception des d\u00e9l\u00e9gu\u00e9s du personnel"},"content":{"rendered":"\n<p>L\u2019ensemble des d\u00e9l\u00e9gu\u00e9s titulaires et suppl\u00e9ants est re\u00e7u collectivement par le chef d\u2019entreprise ou ses repr\u00e9sentants au moins une fois par mois. Ils sont, en outre, re\u00e7us collectivement, en cas d\u2019urgence, sur leur demande ou sur celle de la direction.<\/p>\n\n\n\n<p>Ces r\u00e9unions auront lieu, en principe, pendant les heures de travail.<\/p>\n\n\n\n<p>Les d\u00e9l\u00e9gu\u00e9s du personnel peuvent, sur leur demande, se faire assister d\u2019un repr\u00e9sentant d\u2019une organisation syndicale repr\u00e9sentative. De m\u00eame, la direction de l\u2019entreprise pourra se faire assister d\u2019un repr\u00e9sentant de son organisation syndicale.<\/p>\n\n\n\n<p>S&rsquo;il s&rsquo;agit d&rsquo;une entreprise constitu\u00e9e en soci\u00e9t\u00e9 anonyme et si les d\u00e9l\u00e9gu\u00e9s ont des r\u00e9clamations \u00e0 pr\u00e9senter auxquelles il ne pourrait \u00eatre donn\u00e9 suite qu&rsquo;apr\u00e8s d\u00e9lib\u00e9ration du conseil d&rsquo;administration, ils devront \u00eatre re\u00e7us par celui-ci, sur leur demande, en pr\u00e9sence du directeur ou de son repr\u00e9sentant ayant connaissance des r\u00e9clamations pr\u00e9sent\u00e9es.<\/p>\n\n\n\n<p>Les d\u00e9l\u00e9gu\u00e9s remettent au chef d\u2019\u00e9tablissement, sauf cas d\u2019urgence, deux jours avant la date o\u00f9 ils doivent \u00eatre re\u00e7us une note \u00e9crite exposant sommairement l\u2019objet de leur demande. Copie de cette note est transcrite par les soins du chef d\u2019\u00e9tablissement sur un registre sp\u00e9cial sur lequel doit \u00eatre \u00e9galement mentionn\u00e9e, dans un d\u00e9lai n\u2019exc\u00e9dant pas six jours, la r\u00e9ponse \u00e0 cette note.<\/p>\n\n\n\n<p>De m\u00eame, lorsque le chef d\u2019entreprise convoque les d\u00e9l\u00e9gu\u00e9s, il leur remet deux jours avant, sauf cas d\u2019urgence, une note \u00e9crite exposant sommairement l\u2019objet de la r\u00e9union envisag\u00e9e.<\/p>\n\n\n\n<div class=\"wp-block-buttons is-layout-flex wp-block-buttons-is-layout-flex\">\n<div class=\"wp-block-button\"><a class=\"wp-block-button__link has-background\" href=\"https:\/\/ccn-pale.org\/index.php\/dispositions-generales\/dg15\/\" style=\"background-color:#037878\">Article pr\u00e9c\u00e9dent<\/a><\/div>\n\n\n\n<div class=\"wp-block-button is-style-outline is-style-outline--1\"><a class=\"wp-block-button__link has-text-color\" href=\"https:\/\/ccn-pale.org\/index.php\/dispositions-generales\/article-17-temps-devolu-aux-delegues-du-personnel-pour-lexercice-de-leurs-fonctions\/\" style=\"color:#037878\">Article suivant<\/a><\/div>\n<\/div>\n","protected":false},"excerpt":{"rendered":"<p>L\u2019ensemble des d\u00e9l\u00e9gu\u00e9s titulaires et suppl\u00e9ants est re\u00e7u collectivement par le chef d\u2019entreprise ou ses repr\u00e9sentants au moins une fois par mois. Ils sont, en outre, re\u00e7us collectivement, en cas d\u2019urgence, sur leur demande ou sur celle de la direction. Ces r\u00e9unions auront lieu, en &hellip; <\/p>\n","protected":false},"author":1,"featured_media":0,"parent":138,"menu_order":16,"comment_status":"closed","ping_status":"closed","template":"","meta":{"footnotes":""},"class_list":["post-303","page","type-page","status-publish","hentry"],"_links":{"self":[{"href":"https:\/\/ccn-pale.org\/index.php\/wp-json\/wp\/v2\/pages\/303","targetHints":{"allow":["GET"]}}],"collection":[{"href":"https:\/\/ccn-pale.org\/index.php\/wp-json\/wp\/v2\/pages"}],"about":[{"href":"https:\/\/ccn-pale.org\/index.php\/wp-json\/wp\/v2\/types\/page"}],"author":[{"embeddable":true,"href":"https:\/\/ccn-pale.org\/index.php\/wp-json\/wp\/v2\/users\/1"}],"replies":[{"embeddable":true,"href":"https:\/\/ccn-pale.org\/index.php\/wp-json\/wp\/v2\/comments?post=303"}],"version-history":[{"count":4,"href":"https:\/\/ccn-pale.org\/index.php\/wp-json\/wp\/v2\/pages\/303\/revisions"}],"predecessor-version":[{"id":951,"href":"https:\/\/ccn-pale.org\/index.php\/wp-json\/wp\/v2\/pages\/303\/revisions\/951"}],"up":[{"embeddable":true,"href":"https:\/\/ccn-pale.org\/index.php\/wp-json\/wp\/v2\/pages\/138"}],"wp:attachment":[{"href":"https:\/\/ccn-pale.org\/index.php\/wp-json\/wp\/v2\/media?parent=303"}],"curies":[{"name":"wp","href":"https:\/\/api.w.org\/{rel}","templated":true}]}}