{"id":301,"date":"2021-06-08T15:01:35","date_gmt":"2021-06-08T13:01:35","guid":{"rendered":"https:\/\/ccn-pale.org\/?page_id=301"},"modified":"2021-06-25T17:09:17","modified_gmt":"2021-06-25T15:09:17","slug":"dg15","status":"publish","type":"page","link":"https:\/\/ccn-pale.org\/index.php\/dispositions-generales\/dg15\/","title":{"rendered":"Article 15 &#8211; Op\u00e9rations \u00e9lectorales"},"content":{"rendered":"\n<p>Les modalit\u00e9s des op\u00e9rations \u00e9lectorales seront d\u00e9termin\u00e9es dans l\u2019\u00e9tablissement par la direction avec les organisations syndicales repr\u00e9sentatives, sous la forme d\u2019un protocole d\u2019accord pr\u00e9\u00e9lectoral.<\/p>\n\n\n\n<div class=\"wp-block-buttons is-layout-flex wp-block-buttons-is-layout-flex\">\n<div class=\"wp-block-button\"><a class=\"wp-block-button__link has-background\" href=\"https:\/\/ccn-pale.org\/index.php\/dispositions-generales\/article-14-duree-du-mandat\/\" style=\"background-color:#037878\">Article pr\u00e9c\u00e9dent<\/a><\/div>\n\n\n\n<div class=\"wp-block-button is-style-outline is-style-outline--1\"><a class=\"wp-block-button__link has-text-color\" href=\"https:\/\/ccn-pale.org\/index.php\/dispositions-generales\/article-16-reception-des-delegues-du-personnel\/\" style=\"color:#037878\">Article suivant<\/a><\/div>\n<\/div>\n\n\n\n<p><\/p>\n","protected":false},"excerpt":{"rendered":"<p>Les modalit\u00e9s des op\u00e9rations \u00e9lectorales seront d\u00e9termin\u00e9es dans l\u2019\u00e9tablissement par la direction avec les organisations syndicales repr\u00e9sentatives, sous la forme d\u2019un protocole d\u2019accord pr\u00e9\u00e9lectoral.<\/p>\n","protected":false},"author":1,"featured_media":0,"parent":138,"menu_order":15,"comment_status":"closed","ping_status":"closed","template":"","meta":{"footnotes":""},"class_list":["post-301","page","type-page","status-publish","hentry"],"_links":{"self":[{"href":"https:\/\/ccn-pale.org\/index.php\/wp-json\/wp\/v2\/pages\/301","targetHints":{"allow":["GET"]}}],"collection":[{"href":"https:\/\/ccn-pale.org\/index.php\/wp-json\/wp\/v2\/pages"}],"about":[{"href":"https:\/\/ccn-pale.org\/index.php\/wp-json\/wp\/v2\/types\/page"}],"author":[{"embeddable":true,"href":"https:\/\/ccn-pale.org\/index.php\/wp-json\/wp\/v2\/users\/1"}],"replies":[{"embeddable":true,"href":"https:\/\/ccn-pale.org\/index.php\/wp-json\/wp\/v2\/comments?post=301"}],"version-history":[{"count":2,"href":"https:\/\/ccn-pale.org\/index.php\/wp-json\/wp\/v2\/pages\/301\/revisions"}],"predecessor-version":[{"id":580,"href":"https:\/\/ccn-pale.org\/index.php\/wp-json\/wp\/v2\/pages\/301\/revisions\/580"}],"up":[{"embeddable":true,"href":"https:\/\/ccn-pale.org\/index.php\/wp-json\/wp\/v2\/pages\/138"}],"wp:attachment":[{"href":"https:\/\/ccn-pale.org\/index.php\/wp-json\/wp\/v2\/media?parent=301"}],"curies":[{"name":"wp","href":"https:\/\/api.w.org\/{rel}","templated":true}]}}