{"id":288,"date":"2021-06-08T14:35:30","date_gmt":"2021-06-08T12:35:30","guid":{"rendered":"https:\/\/ccn-pale.org\/?page_id=288"},"modified":"2026-04-17T14:19:41","modified_gmt":"2026-04-17T12:19:41","slug":"accords-formation","status":"publish","type":"page","link":"https:\/\/ccn-pale.org\/index.php\/accords-formation\/","title":{"rendered":"Accords formation"},"content":{"rendered":"\n<!--nextpage-->\n\n\n\n<p><a rel=\"noreferrer noopener\" href=\"https:\/\/ccn-pale.org\/wp-content\/uploads\/2021\/06\/001-ACCORD-N51-CCP.pdf\" target=\"_blank\">Accord n\u00b051 du 10 juin 1999 \u2013 Certificat de comp\u00e9tences professionnelles \u2013 Description de l\u2019emploi ouvrier de production en industries alimentaires<\/a><\/p>\n\n\n\n<p><a rel=\"noreferrer noopener\" href=\"https:\/\/ccn-pale.org\/wp-content\/uploads\/2021\/06\/002-ACCORD-N52-OQNI.pdf\" target=\"_blank\">Accord n\u00b0 52 du 10 juin 1999 \u2013 CQP ouvrier qualifi\u00e9 de nettoyage industriel<\/a><\/p>\n\n\n\n<p><a rel=\"noreferrer noopener\" href=\"https:\/\/ccn-pale.org\/wp-content\/uploads\/2021\/06\/003ACCORD-N\u00b057.pdf\" target=\"_blank\">Accord n\u00b057 relatif \u00e0 l\u2019\u00e9laboration et \u00e0 l\u2019adaptation des certificats de qualification professionnelle (CQP)<\/a><\/p>\n\n\n\n<p><a rel=\"noreferrer noopener\" href=\"https:\/\/ccn-pale.org\/wp-content\/uploads\/2021\/06\/005ACCORD-N\u00b059.pdf\" target=\"_blank\">Accord n\u00b059 du 12 d\u00e9cembre 2001 relatif \u00e0 la validation des certificats de qualification professionnelle (CQP)<\/a><\/p>\n\n\n\n<p><a rel=\"noreferrer noopener\" href=\"https:\/\/ccn-pale.org\/wp-content\/uploads\/2021\/06\/006Accord-n\u00b068.pdf\" target=\"_blank\">Accord n\u00b068 du 29 janvier 2004 relatif \u00e0 la modification de trois certificats de qualification professionnelle (CQP) et \u00e0 l\u2019adoption de deux nouveaux CQP (<em>Pr\u00e9parateur, conducteur de machine, conducteur de ligne, agent de ma\u00eetrise maintenance de niveau A et B)<\/em><\/a><\/p>\n\n\n\n<p><a rel=\"noreferrer noopener\" href=\"https:\/\/ccn-pale.org\/wp-content\/uploads\/2021\/09\/007_20041206_ACCORD-OBSERVATOIRE_et_Avenants.pdf\" data-type=\"URL\" data-id=\"https:\/\/ccn-pale.org\/wp-content\/uploads\/2021\/09\/007_20041206_ACCORD-OBSERVATOIRE_et_Avenants.pdf\" target=\"_blank\">Accord interbranches du 6 d\u00e9cembre 2004 relatif \u00e0 la cr\u00e9ation d&rsquo;un observatoire prospectif des m\u00e9tiers et des qualification et ses avenants<\/a><\/p>\n\n\n\n<p><a rel=\"noreferrer noopener\" href=\"https:\/\/ccn-pale.org\/wp-content\/uploads\/2021\/09\/008_20070620_Accord-CQP-copie.pdf\" data-type=\"URL\" data-id=\"https:\/\/ccn-pale.org\/wp-content\/uploads\/2021\/09\/008_20070620_Accord-CQP-copie.pdf\" target=\"_blank\">Accord interbranches du 20 juin 2007 relatif \u00e0 la reconnaissance des CQP IA dans diverses branches des industries alimentaires<\/a><\/p>\n\n\n\n<p><a rel=\"noreferrer noopener\" href=\"https:\/\/ccn-pale.org\/wp-content\/uploads\/2021\/09\/010_20171122_ACC_IFRIA-Annexe-Statuts-type-FINAL.pdf\" data-type=\"URL\" data-id=\"https:\/\/ccn-pale.org\/wp-content\/uploads\/2021\/09\/010_20171122_ACC_IFRIA-Annexe-Statuts-type-FINAL.pdf\" target=\"_blank\">Accord du 22 novembre 2017 relatif au d\u00e9veloppement de l\u2019apprentissage (IFRIA)<\/a><\/p>\n\n\n\n<p><a href=\"https:\/\/ccn-pale.org\/wp-content\/uploads\/2022\/02\/14_20220113_Accords-CQP_Signe.pdf\" data-type=\"URL\" data-id=\"https:\/\/ccn-pale.org\/wp-content\/uploads\/2022\/02\/14_20220113_Accords-CQP_Signe.pdf\" target=\"_blank\" rel=\"noreferrer noopener\">Accord multibranches du secteur alimentaire du 13 janvier 2022 relatif \u00e0 la reconnaissance des CQP transversaux du secteur alimentaire<\/a><\/p>\n\n\n\n<p><a href=\"https:\/\/ccn-pale.org\/wp-content\/uploads\/2022\/02\/15_20220113_Accord-CPNEFPI_Signe.pdf\" data-type=\"URL\" data-id=\"https:\/\/ccn-pale.org\/wp-content\/uploads\/2022\/02\/15_20220113_Accord-CPNEFPI_Signe.pdf\" target=\"_blank\" rel=\"noreferrer noopener\">Accord multibranches du secteur alimentaire du 13 janvier 2022 portant cr\u00e9ation d&rsquo;une commission paritaire nationale de l&#8217;emploi et de la formation professionnelle interbranche du secteur alimentaire (CPNEFPI-SA)<\/a><\/p>\n\n\n\n<p><a href=\"https:\/\/ccn-pale.org\/wp-content\/uploads\/2026\/04\/16C_Accord-formation-secteur-alimentaire_19.09.2025_versiondefetsignee.pdf\" data-type=\"attachment\" data-id=\"1229\">Accord multibranches du 19 septembre 2025 relatif \u00e0 la formation professionnelle et l\u2019apprentissage dans diverses branches du secteur alimentaire<\/a><\/p>\n\n\n\n<p><\/p>\n","protected":false},"excerpt":{"rendered":"<p>Accord n\u00b051 du 10 juin 1999 \u2013 Certificat de comp\u00e9tences professionnelles \u2013 Description de l\u2019emploi ouvrier de production en industries alimentaires Accord n\u00b0 52 du 10 juin 1999 \u2013 CQP ouvrier qualifi\u00e9 de nettoyage industriel Accord n\u00b057 relatif \u00e0 l\u2019\u00e9laboration et \u00e0 l\u2019adaptation des certificats &hellip; <\/p>\n","protected":false},"author":1,"featured_media":0,"parent":0,"menu_order":0,"comment_status":"closed","ping_status":"closed","template":"","meta":{"footnotes":""},"class_list":["post-288","page","type-page","status-publish","hentry"],"_links":{"self":[{"href":"https:\/\/ccn-pale.org\/index.php\/wp-json\/wp\/v2\/pages\/288","targetHints":{"allow":["GET"]}}],"collection":[{"href":"https:\/\/ccn-pale.org\/index.php\/wp-json\/wp\/v2\/pages"}],"about":[{"href":"https:\/\/ccn-pale.org\/index.php\/wp-json\/wp\/v2\/types\/page"}],"author":[{"embeddable":true,"href":"https:\/\/ccn-pale.org\/index.php\/wp-json\/wp\/v2\/users\/1"}],"replies":[{"embeddable":true,"href":"https:\/\/ccn-pale.org\/index.php\/wp-json\/wp\/v2\/comments?post=288"}],"version-history":[{"count":20,"href":"https:\/\/ccn-pale.org\/index.php\/wp-json\/wp\/v2\/pages\/288\/revisions"}],"predecessor-version":[{"id":1231,"href":"https:\/\/ccn-pale.org\/index.php\/wp-json\/wp\/v2\/pages\/288\/revisions\/1231"}],"wp:attachment":[{"href":"https:\/\/ccn-pale.org\/index.php\/wp-json\/wp\/v2\/media?parent=288"}],"curies":[{"name":"wp","href":"https:\/\/api.w.org\/{rel}","templated":true}]}}