{"id":283,"date":"2021-06-08T14:33:32","date_gmt":"2021-06-08T12:33:32","guid":{"rendered":"https:\/\/ccn-pale.org\/?page_id=283"},"modified":"2021-09-24T11:44:12","modified_gmt":"2021-09-24T09:44:12","slug":"article-14-duree-du-mandat","status":"publish","type":"page","link":"https:\/\/ccn-pale.org\/index.php\/dispositions-generales\/article-14-duree-du-mandat\/","title":{"rendered":"Article 14 &#8211; Dur\u00e9e du mandat"},"content":{"rendered":"\n<p class=\"has-text-color\" style=\"color:#037878\"><em>(Actualis\u00e9 par l\u2019accord n\u00b081 du 8 juillet 2009)<\/em><\/p>\n\n\n\n<p>Les d\u00e9l\u00e9gu\u00e9s du personnel sont \u00e9lus pour une dur\u00e9e de quatre ans et sont r\u00e9\u00e9ligibles.<\/p>\n\n\n\n<p>Un accord d\u2019entreprise pourra fixer une dur\u00e9e diff\u00e9rente comprise entre 2 et 4 ans.<\/p>\n\n\n\n<div class=\"wp-block-buttons is-layout-flex wp-block-buttons-is-layout-flex\">\n<div class=\"wp-block-button\"><a class=\"wp-block-button__link has-background\" href=\"https:\/\/ccn-pale.org\/index.php\/dispositions-generales\/dg13\/\" style=\"background-color:#037878\">Article pr\u00e9c\u00e9dent<\/a><\/div>\n\n\n\n<div class=\"wp-block-button is-style-outline is-style-outline--1\"><a class=\"wp-block-button__link has-text-color\" href=\"https:\/\/ccn-pale.org\/index.php\/dispositions-generales\/dg15\/\" style=\"color:#037878\">Article suivant<\/a><\/div>\n<\/div>\n\n\n\n<p><\/p>\n","protected":false},"excerpt":{"rendered":"<p>(Actualis\u00e9 par l\u2019accord n\u00b081 du 8 juillet 2009) Les d\u00e9l\u00e9gu\u00e9s du personnel sont \u00e9lus pour une dur\u00e9e de quatre ans et sont r\u00e9\u00e9ligibles. Un accord d\u2019entreprise pourra fixer une dur\u00e9e diff\u00e9rente comprise entre 2 et 4 ans.<\/p>\n","protected":false},"author":1,"featured_media":0,"parent":138,"menu_order":14,"comment_status":"closed","ping_status":"closed","template":"","meta":{"footnotes":""},"class_list":["post-283","page","type-page","status-publish","hentry"],"_links":{"self":[{"href":"https:\/\/ccn-pale.org\/index.php\/wp-json\/wp\/v2\/pages\/283","targetHints":{"allow":["GET"]}}],"collection":[{"href":"https:\/\/ccn-pale.org\/index.php\/wp-json\/wp\/v2\/pages"}],"about":[{"href":"https:\/\/ccn-pale.org\/index.php\/wp-json\/wp\/v2\/types\/page"}],"author":[{"embeddable":true,"href":"https:\/\/ccn-pale.org\/index.php\/wp-json\/wp\/v2\/users\/1"}],"replies":[{"embeddable":true,"href":"https:\/\/ccn-pale.org\/index.php\/wp-json\/wp\/v2\/comments?post=283"}],"version-history":[{"count":3,"href":"https:\/\/ccn-pale.org\/index.php\/wp-json\/wp\/v2\/pages\/283\/revisions"}],"predecessor-version":[{"id":1023,"href":"https:\/\/ccn-pale.org\/index.php\/wp-json\/wp\/v2\/pages\/283\/revisions\/1023"}],"up":[{"embeddable":true,"href":"https:\/\/ccn-pale.org\/index.php\/wp-json\/wp\/v2\/pages\/138"}],"wp:attachment":[{"href":"https:\/\/ccn-pale.org\/index.php\/wp-json\/wp\/v2\/media?parent=283"}],"curies":[{"name":"wp","href":"https:\/\/api.w.org\/{rel}","templated":true}]}}