{"id":279,"date":"2021-06-08T14:28:25","date_gmt":"2021-06-08T12:28:25","guid":{"rendered":"https:\/\/ccn-pale.org\/?page_id=279"},"modified":"2021-09-24T11:41:36","modified_gmt":"2021-09-24T09:41:36","slug":"dg12","status":"publish","type":"page","link":"https:\/\/ccn-pale.org\/index.php\/dispositions-generales\/dg12\/","title":{"rendered":"Article 12 &#8211; \u00c9lecteurs"},"content":{"rendered":"\n<p>Sont \u00e9lecteurs les salari\u00e9s \u00e2g\u00e9s de 16 ans r\u00e9volus pr\u00e9sents de fa\u00e7on continue dans l\u2019entreprise \u00e0 la date des \u00e9lections depuis trois mois au moins, et n\u2019ayant encouru aucune des condamnations pr\u00e9vues par les articles L. 5 et L. 6 du Code \u00e9lectoral.<\/p>\n\n\n\n<div class=\"wp-block-buttons is-layout-flex wp-block-buttons-is-layout-flex\">\n<div class=\"wp-block-button\"><a class=\"wp-block-button__link has-background\" href=\"https:\/\/ccn-pale.org\/index.php\/dispositions-generales\/dg11\/\" style=\"background-color:#037878\" target=\"_blank\" rel=\"noreferrer noopener\">Article pr\u00e9c\u00e9dent<\/a><\/div>\n\n\n\n<div class=\"wp-block-button is-style-outline is-style-outline--1\"><a class=\"wp-block-button__link has-text-color\" href=\"https:\/\/ccn-pale.org\/index.php\/dispositions-generales\/dg13\/\" style=\"color:#037878\">Article suivant<\/a><\/div>\n<\/div>\n\n\n\n<p id=\"DG12\"><\/p>\n","protected":false},"excerpt":{"rendered":"<p>Sont \u00e9lecteurs les salari\u00e9s \u00e2g\u00e9s de 16 ans r\u00e9volus pr\u00e9sents de fa\u00e7on continue dans l\u2019entreprise \u00e0 la date des \u00e9lections depuis trois mois au moins, et n\u2019ayant encouru aucune des condamnations pr\u00e9vues par les articles L. 5 et L. 6 du Code \u00e9lectoral.<\/p>\n","protected":false},"author":1,"featured_media":0,"parent":138,"menu_order":12,"comment_status":"closed","ping_status":"closed","template":"","meta":{"footnotes":""},"class_list":["post-279","page","type-page","status-publish","hentry"],"_links":{"self":[{"href":"https:\/\/ccn-pale.org\/index.php\/wp-json\/wp\/v2\/pages\/279","targetHints":{"allow":["GET"]}}],"collection":[{"href":"https:\/\/ccn-pale.org\/index.php\/wp-json\/wp\/v2\/pages"}],"about":[{"href":"https:\/\/ccn-pale.org\/index.php\/wp-json\/wp\/v2\/types\/page"}],"author":[{"embeddable":true,"href":"https:\/\/ccn-pale.org\/index.php\/wp-json\/wp\/v2\/users\/1"}],"replies":[{"embeddable":true,"href":"https:\/\/ccn-pale.org\/index.php\/wp-json\/wp\/v2\/comments?post=279"}],"version-history":[{"count":5,"href":"https:\/\/ccn-pale.org\/index.php\/wp-json\/wp\/v2\/pages\/279\/revisions"}],"predecessor-version":[{"id":1022,"href":"https:\/\/ccn-pale.org\/index.php\/wp-json\/wp\/v2\/pages\/279\/revisions\/1022"}],"up":[{"embeddable":true,"href":"https:\/\/ccn-pale.org\/index.php\/wp-json\/wp\/v2\/pages\/138"}],"wp:attachment":[{"href":"https:\/\/ccn-pale.org\/index.php\/wp-json\/wp\/v2\/media?parent=279"}],"curies":[{"name":"wp","href":"https:\/\/api.w.org\/{rel}","templated":true}]}}