{"id":273,"date":"2021-06-08T14:17:13","date_gmt":"2021-06-08T12:17:13","guid":{"rendered":"https:\/\/ccn-pale.org\/?page_id=273"},"modified":"2021-06-25T17:07:38","modified_gmt":"2021-06-25T15:07:38","slug":"dg10","status":"publish","type":"page","link":"https:\/\/ccn-pale.org\/index.php\/dispositions-generales\/dg10\/","title":{"rendered":"Article 10 &#8211; Nombre de d\u00e9l\u00e9gu\u00e9s du personnel"},"content":{"rendered":"\n<p>En fonction de l\u2019effectif de l\u2019\u00e9tablissement, calcul\u00e9 conform\u00e9ment au Code du travail, le nombre des d\u00e9l\u00e9gu\u00e9s du personnel \u00e0 \u00e9lire dans un \u00e9tablissement est fix\u00e9 comme suit :<\/p>\n\n\n\n<ul class=\"wp-block-list\"><li>de 6 \u00e0 25 salari\u00e9s : un d\u00e9l\u00e9gu\u00e9 titulaire, un d\u00e9l\u00e9gu\u00e9 suppl\u00e9ant,<\/li><li>de 26 \u00e0 49 salari\u00e9s : deux d\u00e9l\u00e9gu\u00e9s titulaires, deux d\u00e9l\u00e9gu\u00e9s suppl\u00e9ants,<\/li><li>de 50 \u00e0 99 salari\u00e9s : trois d\u00e9l\u00e9gu\u00e9s titulaires, trois d\u00e9l\u00e9gu\u00e9s suppl\u00e9ants,<\/li><li>de 100 \u00e0 174 salari\u00e9s : cinq d\u00e9l\u00e9gu\u00e9s titulaires, cinq d\u00e9l\u00e9gu\u00e9s suppl\u00e9ants,<\/li><li>de 175 \u00e0 249 salari\u00e9s : six d\u00e9l\u00e9gu\u00e9s titulaires, six d\u00e9l\u00e9gu\u00e9s suppl\u00e9ants,<\/li><li>de 250 \u00e0 499 salari\u00e9s : sept d\u00e9l\u00e9gu\u00e9s titulaires, sept d\u00e9l\u00e9gu\u00e9s suppl\u00e9ants,<\/li><li>de 500 \u00e0 999 salari\u00e9s : neuf d\u00e9l\u00e9gu\u00e9s titulaires, neuf d\u00e9l\u00e9gu\u00e9s suppl\u00e9ants.<\/li><\/ul>\n\n\n\n<p>Au-dessus de 1 000 salari\u00e9s, il y aura un d\u00e9l\u00e9gu\u00e9 titulaire et un d\u00e9l\u00e9gu\u00e9 suppl\u00e9ant par tranche suppl\u00e9mentaire ou fraction de tranche de 250 salari\u00e9s.<\/p>\n\n\n\n<p>Dans les cas d\u00e9finis au premier alin\u00e9a de l\u2019article L.431-3 et \u00e0 la deuxi\u00e8me phrase du deuxi\u00e8me alin\u00e9a de l\u2019article L.236-1, le nombre de d\u00e9l\u00e9gu\u00e9s ci-dessus pr\u00e9vu est modifi\u00e9, pendant la dur\u00e9e de la p\u00e9riode o\u00f9 il n\u2019y a pas de comit\u00e9 d\u2019entreprise ou de comit\u00e9 d\u2019hygi\u00e8ne, de s\u00e9curit\u00e9 et des conditions de travail, dans les conditions suivantes :<\/p>\n\n\n\n<ul class=\"wp-block-list\"><li>de 50 \u00e0 99 salari\u00e9s : quatre titulaires et quatre suppl\u00e9ants,<\/li><li>de 100 \u00e0 124 salari\u00e9s&nbsp;: cinq titulaires et cinq suppl\u00e9ants,<\/li><li>de 125 \u00e0 149 salari\u00e9s&nbsp;: six titulaires et six suppl\u00e9ants,<\/li><li>de 150 \u00e0 174 salari\u00e9s&nbsp;: sept titulaires et sept suppl\u00e9ants,<\/li><li>de 175 \u00e0 199 salari\u00e9s&nbsp;: huit titulaires et huit suppl\u00e9ants.<\/li><\/ul>\n\n\n\n<div class=\"wp-block-buttons is-layout-flex wp-block-buttons-is-layout-flex\">\n<div class=\"wp-block-button\"><a class=\"wp-block-button__link has-background\" href=\"https:\/\/ccn-pale.org\/index.php\/dispositions-generales\/article-9-delegues-du-personnel\/\" style=\"background-color:#037878\">Article pr\u00e9c\u00e9dent<\/a><\/div>\n\n\n\n<div class=\"wp-block-button is-style-outline is-style-outline--1\"><a class=\"wp-block-button__link has-text-color\" href=\"https:\/\/ccn-pale.org\/index.php\/dispositions-generales\/dg11\/\" style=\"color:#037878\">Article suivant<\/a><\/div>\n<\/div>\n","protected":false},"excerpt":{"rendered":"<p>En fonction de l\u2019effectif de l\u2019\u00e9tablissement, calcul\u00e9 conform\u00e9ment au Code du travail, le nombre des d\u00e9l\u00e9gu\u00e9s du personnel \u00e0 \u00e9lire dans un \u00e9tablissement est fix\u00e9 comme suit : de 6 \u00e0 25 salari\u00e9s : un d\u00e9l\u00e9gu\u00e9 titulaire, un d\u00e9l\u00e9gu\u00e9 suppl\u00e9ant, de 26 \u00e0 49 salari\u00e9s &hellip; <\/p>\n","protected":false},"author":1,"featured_media":0,"parent":138,"menu_order":10,"comment_status":"closed","ping_status":"closed","template":"","meta":{"footnotes":""},"class_list":["post-273","page","type-page","status-publish","hentry"],"_links":{"self":[{"href":"https:\/\/ccn-pale.org\/index.php\/wp-json\/wp\/v2\/pages\/273","targetHints":{"allow":["GET"]}}],"collection":[{"href":"https:\/\/ccn-pale.org\/index.php\/wp-json\/wp\/v2\/pages"}],"about":[{"href":"https:\/\/ccn-pale.org\/index.php\/wp-json\/wp\/v2\/types\/page"}],"author":[{"embeddable":true,"href":"https:\/\/ccn-pale.org\/index.php\/wp-json\/wp\/v2\/users\/1"}],"replies":[{"embeddable":true,"href":"https:\/\/ccn-pale.org\/index.php\/wp-json\/wp\/v2\/comments?post=273"}],"version-history":[{"count":6,"href":"https:\/\/ccn-pale.org\/index.php\/wp-json\/wp\/v2\/pages\/273\/revisions"}],"predecessor-version":[{"id":576,"href":"https:\/\/ccn-pale.org\/index.php\/wp-json\/wp\/v2\/pages\/273\/revisions\/576"}],"up":[{"embeddable":true,"href":"https:\/\/ccn-pale.org\/index.php\/wp-json\/wp\/v2\/pages\/138"}],"wp:attachment":[{"href":"https:\/\/ccn-pale.org\/index.php\/wp-json\/wp\/v2\/media?parent=273"}],"curies":[{"name":"wp","href":"https:\/\/api.w.org\/{rel}","templated":true}]}}