{"id":258,"date":"2021-06-08T13:48:57","date_gmt":"2021-06-08T11:48:57","guid":{"rendered":"https:\/\/ccn-pale.org\/?page_id=258"},"modified":"2021-06-25T20:33:38","modified_gmt":"2021-06-25T18:33:38","slug":"article-2-promotion-embauchage-periode-dessai","status":"publish","type":"page","link":"https:\/\/ccn-pale.org\/index.php\/ingenieurs-et-cadres\/article-2-promotion-embauchage-periode-dessai\/","title":{"rendered":"Article 2 &#8211; Promotion &#8211; Embauchage &#8211; P\u00e9riode d&rsquo;essai"},"content":{"rendered":"\n<p class=\"has-text-color\" style=\"color:#037878\">(<em>Actualis\u00e9 par l\u2019accord n\u00b084 du 11 f\u00e9vrier 2010)<\/em><\/p>\n\n\n\n<p>Pour pourvoir un emploi vacant ou nouvellement cr\u00e9\u00e9, le chef d&rsquo;entreprise fera appel de pr\u00e9f\u00e9rence aux cadres occupant dans l&rsquo;entreprise une fonction similaire ou inf\u00e9rieure et qu&rsquo;il reconna\u00eetrait aptes \u00e0 occuper le poste vacant ou cr\u00e9\u00e9. Le cadre ainsi promu en re\u00e7oit notification \u00e9crite.<\/p>\n\n\n\n<p>La dur\u00e9e de la p\u00e9riode d&rsquo;essai est de trois mois. La lettre d&rsquo;engagement ou le contrat de travail peut pr\u00e9voir le renouvellement de la p\u00e9riode d&rsquo;essai. Dans ce cas, la dur\u00e9e de la p\u00e9riode d&rsquo;essai, renouvellement compris ne pourra exc\u00e9der six mois.<\/p>\n\n\n\n<p>En cas de rupture du contrat de travail en cours ou au terme de la p\u00e9riode d&rsquo;essai, les d\u00e9lais suivants devront \u00eatre respect\u00e9s :<\/p>\n\n\n\n<p>&#8211; 24 heures en de\u00e7\u00e0 de huit jours de pr\u00e9sence ;<\/p>\n\n\n\n<div class=\"wp-block-group\"><div class=\"wp-block-group__inner-container is-layout-flow wp-block-group-is-layout-flow\">\n<p>&#8211; 48 heures entre huit jours et un mois de pr\u00e9sence ;<\/p>\n\n\n\n<p>&#8211; Deux semaines apr\u00e8s un mois de pr\u00e9sence ;<\/p>\n\n\n\n<p>&#8211; Un mois apr\u00e8s trois mois de pr\u00e9sence.<\/p>\n<\/div><\/div>\n\n\n\n<p>Lorsqu&rsquo;il est mis fin par le salari\u00e9 \u00e0 la p\u00e9riode d&rsquo;essai, les d\u00e9lais suivants devront \u00eatre respect\u00e9s :<\/p>\n\n\n\n<p>&#8211; 24 heures en de\u00e7\u00e0 de 8 jours de pr\u00e9sence ;<\/p>\n\n\n\n<p>&#8211; 48 heures au-del\u00e0 de 8 jours de pr\u00e9sence.<\/p>\n\n\n\n<div class=\"wp-block-buttons is-layout-flex wp-block-buttons-is-layout-flex\">\n<div class=\"wp-block-button\" id=\"IG2\"><a class=\"wp-block-button__link has-background\" href=\"https:\/\/ccn-pale.org\/index.php\/ingenieurs-et-cadres\/article-1-champ-dapplication\/\" style=\"background-color:#037878\">Article pr\u00e9c\u00e9dent<\/a><\/div>\n\n\n\n<div class=\"wp-block-button is-style-outline is-style-outline--1\"><a class=\"wp-block-button__link has-text-color\" href=\"https:\/\/ccn-pale.org\/index.php\/ingenieurs-et-cadres\/ig3\/\" style=\"color:#037878\">Article suivant<\/a><\/div>\n<\/div>\n","protected":false},"excerpt":{"rendered":"<p>(Actualis\u00e9 par l\u2019accord n\u00b084 du 11 f\u00e9vrier 2010) Pour pourvoir un emploi vacant ou nouvellement cr\u00e9\u00e9, le chef d&rsquo;entreprise fera appel de pr\u00e9f\u00e9rence aux cadres occupant dans l&rsquo;entreprise une fonction similaire ou inf\u00e9rieure et qu&rsquo;il reconna\u00eetrait aptes \u00e0 occuper le poste vacant ou cr\u00e9\u00e9. Le &hellip; <\/p>\n","protected":false},"author":1,"featured_media":0,"parent":207,"menu_order":2,"comment_status":"closed","ping_status":"closed","template":"","meta":{"footnotes":""},"class_list":["post-258","page","type-page","status-publish","hentry"],"_links":{"self":[{"href":"https:\/\/ccn-pale.org\/index.php\/wp-json\/wp\/v2\/pages\/258","targetHints":{"allow":["GET"]}}],"collection":[{"href":"https:\/\/ccn-pale.org\/index.php\/wp-json\/wp\/v2\/pages"}],"about":[{"href":"https:\/\/ccn-pale.org\/index.php\/wp-json\/wp\/v2\/types\/page"}],"author":[{"embeddable":true,"href":"https:\/\/ccn-pale.org\/index.php\/wp-json\/wp\/v2\/users\/1"}],"replies":[{"embeddable":true,"href":"https:\/\/ccn-pale.org\/index.php\/wp-json\/wp\/v2\/comments?post=258"}],"version-history":[{"count":3,"href":"https:\/\/ccn-pale.org\/index.php\/wp-json\/wp\/v2\/pages\/258\/revisions"}],"predecessor-version":[{"id":685,"href":"https:\/\/ccn-pale.org\/index.php\/wp-json\/wp\/v2\/pages\/258\/revisions\/685"}],"up":[{"embeddable":true,"href":"https:\/\/ccn-pale.org\/index.php\/wp-json\/wp\/v2\/pages\/207"}],"wp:attachment":[{"href":"https:\/\/ccn-pale.org\/index.php\/wp-json\/wp\/v2\/media?parent=258"}],"curies":[{"name":"wp","href":"https:\/\/api.w.org\/{rel}","templated":true}]}}