{"id":252,"date":"2021-06-04T18:46:33","date_gmt":"2021-06-04T16:46:33","guid":{"rendered":"https:\/\/ccn-pale.org\/?page_id=252"},"modified":"2021-06-25T17:07:13","modified_gmt":"2021-06-25T15:07:13","slug":"article-9-delegues-du-personnel","status":"publish","type":"page","link":"https:\/\/ccn-pale.org\/index.php\/dispositions-generales\/article-9-delegues-du-personnel\/","title":{"rendered":"Article 9 &#8211; D\u00e9l\u00e9gu\u00e9s du personnel"},"content":{"rendered":"\n<p>Dans chaque \u00e9tablissement occupant habituellement plus de cinq salari\u00e9s, il est institu\u00e9 des d\u00e9l\u00e9gu\u00e9s du personnel titulaires et suppl\u00e9ants, conform\u00e9ment \u00e0 la l\u00e9gislation en vigueur.<\/p>\n\n\n\n<p>A l\u2019occasion de leur r\u00e9union, le chef d\u2019\u00e9tablissement met un local appropri\u00e9 \u00e0 la disposition des d\u00e9l\u00e9gu\u00e9s du personnel.<\/p>\n\n\n\n<div class=\"wp-block-buttons is-layout-flex wp-block-buttons-is-layout-flex\">\n<div class=\"wp-block-button\"><a class=\"wp-block-button__link has-background\" href=\"https:\/\/ccn-pale.org\/index.php\/dispositions-generales\/article-8-conges-de-formation-economique-sociale-ou-syndicale\/\" style=\"background-color:#037878\">Article pr\u00e9c\u00e9dent<\/a><\/div>\n\n\n\n<div class=\"wp-block-button is-style-outline is-style-outline--1\"><a class=\"wp-block-button__link has-text-color\" href=\"https:\/\/ccn-pale.org\/index.php\/dispositions-generales\/dg10\/\" style=\"color:#037878\">Article suivant<\/a><\/div>\n<\/div>\n\n\n\n<p><\/p>\n","protected":false},"excerpt":{"rendered":"<p>Dans chaque \u00e9tablissement occupant habituellement plus de cinq salari\u00e9s, il est institu\u00e9 des d\u00e9l\u00e9gu\u00e9s du personnel titulaires et suppl\u00e9ants, conform\u00e9ment \u00e0 la l\u00e9gislation en vigueur. A l\u2019occasion de leur r\u00e9union, le chef d\u2019\u00e9tablissement met un local appropri\u00e9 \u00e0 la disposition des d\u00e9l\u00e9gu\u00e9s du personnel.<\/p>\n","protected":false},"author":1,"featured_media":0,"parent":138,"menu_order":9,"comment_status":"closed","ping_status":"closed","template":"","meta":{"footnotes":""},"class_list":["post-252","page","type-page","status-publish","hentry"],"_links":{"self":[{"href":"https:\/\/ccn-pale.org\/index.php\/wp-json\/wp\/v2\/pages\/252","targetHints":{"allow":["GET"]}}],"collection":[{"href":"https:\/\/ccn-pale.org\/index.php\/wp-json\/wp\/v2\/pages"}],"about":[{"href":"https:\/\/ccn-pale.org\/index.php\/wp-json\/wp\/v2\/types\/page"}],"author":[{"embeddable":true,"href":"https:\/\/ccn-pale.org\/index.php\/wp-json\/wp\/v2\/users\/1"}],"replies":[{"embeddable":true,"href":"https:\/\/ccn-pale.org\/index.php\/wp-json\/wp\/v2\/comments?post=252"}],"version-history":[{"count":6,"href":"https:\/\/ccn-pale.org\/index.php\/wp-json\/wp\/v2\/pages\/252\/revisions"}],"predecessor-version":[{"id":575,"href":"https:\/\/ccn-pale.org\/index.php\/wp-json\/wp\/v2\/pages\/252\/revisions\/575"}],"up":[{"embeddable":true,"href":"https:\/\/ccn-pale.org\/index.php\/wp-json\/wp\/v2\/pages\/138"}],"wp:attachment":[{"href":"https:\/\/ccn-pale.org\/index.php\/wp-json\/wp\/v2\/media?parent=252"}],"curies":[{"name":"wp","href":"https:\/\/api.w.org\/{rel}","templated":true}]}}