{"id":248,"date":"2021-06-04T18:42:11","date_gmt":"2021-06-04T16:42:11","guid":{"rendered":"https:\/\/ccn-pale.org\/?page_id=248"},"modified":"2021-06-25T17:06:23","modified_gmt":"2021-06-25T15:06:23","slug":"article-8-conges-de-formation-economique-sociale-ou-syndicale","status":"publish","type":"page","link":"https:\/\/ccn-pale.org\/index.php\/dispositions-generales\/article-8-conges-de-formation-economique-sociale-ou-syndicale\/","title":{"rendered":"Article 8 &#8211; Cong\u00e9s de formation \u00e9conomique, sociale ou syndicale"},"content":{"rendered":"\n<p>Des autorisations d\u2019absence seront accord\u00e9es au personnel appel\u00e9 \u00e0 participer \u00e0 des sessions d\u2019\u00e9tudes et de formation sociale ou \u00e9conomique, sur pr\u00e9sentation de la convocation.<\/p>\n\n\n\n<p>Afin que ces absences ne puissent apporter de g\u00eane sensible dans la production, la demande \u00e9crite d\u2019autorisation sera pr\u00e9sent\u00e9e quinze jours au moins \u00e0 l\u2019avance. Par ailleurs, et en vue de r\u00e9soudre les difficult\u00e9s \u00e9ventuelles qui pourraient r\u00e9sulter de ces absences, la direction de l\u2019entreprise et les repr\u00e9sentants des organisations syndicales repr\u00e9sentatives se consulteront et apporteront une solution favorable aux deux parties.<\/p>\n\n\n\n<p>Ces cong\u00e9s ne viendront pas en d\u00e9duction de la p\u00e9riode de r\u00e9f\u00e9rence servant de base \u00e0 la d\u00e9termination du cong\u00e9 annuel.<\/p>\n\n\n\n<div class=\"wp-block-buttons is-layout-flex wp-block-buttons-is-layout-flex\">\n<div class=\"wp-block-button\"><a class=\"wp-block-button__link has-background\" href=\"https:\/\/ccn-pale.org\/index.php\/dispositions-generales\/article-7-exercice-du-droit-syndical\/\" style=\"background-color:#037878\">Article pr\u00e9c\u00e9dent<\/a><\/div>\n\n\n\n<div class=\"wp-block-button is-style-outline is-style-outline--1\"><a class=\"wp-block-button__link has-text-color\" href=\"https:\/\/ccn-pale.org\/index.php\/dispositions-generales\/article-9-delegues-du-personnel\/\" style=\"color:#037878\">Article suivant<\/a><\/div>\n<\/div>\n\n\n\n<p class=\"has-text-color\" style=\"color:#037878\"><\/p>\n","protected":false},"excerpt":{"rendered":"<p>Des autorisations d\u2019absence seront accord\u00e9es au personnel appel\u00e9 \u00e0 participer \u00e0 des sessions d\u2019\u00e9tudes et de formation sociale ou \u00e9conomique, sur pr\u00e9sentation de la convocation. Afin que ces absences ne puissent apporter de g\u00eane sensible dans la production, la demande \u00e9crite d\u2019autorisation sera pr\u00e9sent\u00e9e quinze &hellip; <\/p>\n","protected":false},"author":1,"featured_media":0,"parent":138,"menu_order":8,"comment_status":"closed","ping_status":"closed","template":"","meta":{"footnotes":""},"class_list":["post-248","page","type-page","status-publish","hentry"],"_links":{"self":[{"href":"https:\/\/ccn-pale.org\/index.php\/wp-json\/wp\/v2\/pages\/248","targetHints":{"allow":["GET"]}}],"collection":[{"href":"https:\/\/ccn-pale.org\/index.php\/wp-json\/wp\/v2\/pages"}],"about":[{"href":"https:\/\/ccn-pale.org\/index.php\/wp-json\/wp\/v2\/types\/page"}],"author":[{"embeddable":true,"href":"https:\/\/ccn-pale.org\/index.php\/wp-json\/wp\/v2\/users\/1"}],"replies":[{"embeddable":true,"href":"https:\/\/ccn-pale.org\/index.php\/wp-json\/wp\/v2\/comments?post=248"}],"version-history":[{"count":5,"href":"https:\/\/ccn-pale.org\/index.php\/wp-json\/wp\/v2\/pages\/248\/revisions"}],"predecessor-version":[{"id":574,"href":"https:\/\/ccn-pale.org\/index.php\/wp-json\/wp\/v2\/pages\/248\/revisions\/574"}],"up":[{"embeddable":true,"href":"https:\/\/ccn-pale.org\/index.php\/wp-json\/wp\/v2\/pages\/138"}],"wp:attachment":[{"href":"https:\/\/ccn-pale.org\/index.php\/wp-json\/wp\/v2\/media?parent=248"}],"curies":[{"name":"wp","href":"https:\/\/api.w.org\/{rel}","templated":true}]}}