{"id":245,"date":"2021-06-04T18:38:26","date_gmt":"2021-06-04T16:38:26","guid":{"rendered":"https:\/\/ccn-pale.org\/?page_id=245"},"modified":"2021-06-25T17:05:44","modified_gmt":"2021-06-25T15:05:44","slug":"article-7-exercice-du-droit-syndical","status":"publish","type":"page","link":"https:\/\/ccn-pale.org\/index.php\/dispositions-generales\/article-7-exercice-du-droit-syndical\/","title":{"rendered":"Article 7 &#8211; Exercice du droit syndical"},"content":{"rendered":"\n<p>L\u2019exercice du droit syndical ne doit pas avoir pour cons\u00e9quence des actes contraires aux lois, il a pour condition une stricte neutralit\u00e9 des lieux de travail.<\/p>\n\n\n\n<p>Le r\u00f4le du d\u00e9l\u00e9gu\u00e9 syndical est celui reconnu par la loi.<\/p>\n\n\n\n<p>Pour l\u2019exercice de ce droit, le d\u00e9l\u00e9gu\u00e9 syndical peut, dans les \u00e9tablissements de plus de 500 salari\u00e9s, avoir un suppl\u00e9ant dont le nom est \u00e9galement port\u00e9 par \u00e9crit \u00e0 la connaissance du chef d\u2019\u00e9tablissement. Ce d\u00e9l\u00e9gu\u00e9 suppl\u00e9ant b\u00e9n\u00e9ficie de la m\u00eame protection que le d\u00e9l\u00e9gu\u00e9 syndical titulaire. Celui-ci peut se faire remplacer par son suppl\u00e9ant avec imputation sur son cr\u00e9dit d\u2019heures.<\/p>\n\n\n\n<p>Conform\u00e9ment aux dispositions r\u00e9glementaires en vigueur, chaque d\u00e9l\u00e9gu\u00e9 syndical dispose, pour assurer ses fonctions, d&rsquo;un cr\u00e9dit d&rsquo;heures de :<\/p>\n\n\n\n<ul class=\"wp-block-list\"><li>10 heures par mois dans les entreprises ou les \u00e9tablissements dont l&rsquo;effectif se situe entre 50 et 150 salari\u00e9s ;<\/li><li>15 heures par mois lorsque l&rsquo;effectif se situe entre 151 et 500 salari\u00e9s ;<\/li><li>20 heures lorsque l&rsquo;effectif est sup\u00e9rieur \u00e0 500 salari\u00e9s.<\/li><\/ul>\n\n\n\n<p>La libert\u00e9 de diffusion de la presse syndicale et des tracts syndicaux est assur\u00e9e dans l\u2019entreprise aux heures d\u2019entr\u00e9e et de sortie du travail et dans un lieu abrit\u00e9 \u00e0 proximit\u00e9 des panneaux d\u2019affichage ou dans tout autre lieu d\u00e9termin\u00e9 en accord avec la direction.<\/p>\n\n\n\n<p>La collecte des cotisations syndicales est autoris\u00e9e \u00e0 l\u2019int\u00e9rieur des \u00e9tablissements, \u00e9tant pr\u00e9cis\u00e9 qu\u2019elle se fait sous la responsabilit\u00e9 du d\u00e9l\u00e9gu\u00e9 syndical et qu\u2019elle ne doit entra\u00eener aucune perturbation.<\/p>\n\n\n\n<p>Le d\u00e9l\u00e9gu\u00e9 syndical utilise un local appropri\u00e9 mis \u00e0 sa disposition, qui peut \u00eatre celui des d\u00e9l\u00e9gu\u00e9s du personnel et des membres du comit\u00e9 d\u2019entreprise, ou celui de la d\u00e9l\u00e9gation unique du personnel.<\/p>\n\n\n\n<p>Dans les&nbsp; entreprises ou \u00e9tablissements o\u00f9 sont occup\u00e9s plus de 200 salari\u00e9s un local doit \u00eatre mis \u00e0 la disposition des d\u00e9l\u00e9gu\u00e9s syndicaux pour leur usage exclusif.<\/p>\n\n\n\n<p>Les modalit\u00e9s d\u2019am\u00e9nagement et d\u2019utilisation de ce local sont fix\u00e9es par accord avec le chef d\u2019entreprise.<\/p>\n\n\n\n<p>En outre, le d\u00e9l\u00e9gu\u00e9 syndical peut r\u00e9unir les adh\u00e9rents de sa section syndicale une fois par mois dans l&rsquo;entreprise ; ces r\u00e9unions ont lieu en dehors des heures de travail dans un lieu fix\u00e9 en accord avec la direction.<\/p>\n\n\n\n<p>Les sections syndicales peuvent inviter des personnalit\u00e9s syndicales ext\u00e9rieures \u00e0 l&rsquo;entreprise \u00e0 participer \u00e0 des r\u00e9unions organis\u00e9es par elles dans les locaux vis\u00e9s par la r\u00e9glementation en vigueur, ou, avec l&rsquo;accord du chef d&rsquo;entreprise, dans les locaux mis \u00e0 leur disposition.<\/p>\n\n\n\n<p>Des personnalit\u00e9s ext\u00e9rieures autres que syndicales peuvent \u00eatre invit\u00e9es, sous r\u00e9serve de l&rsquo;accord du chef d&rsquo;entreprise, par les sections syndicales, \u00e0 participer \u00e0 une r\u00e9union.<\/p>\n\n\n\n<p>Ces r\u00e9unions ont lieu en dehors du temps de travail des participants.<\/p>\n\n\n\n<p>Dans chaque \u00e9tablissement, des panneaux d&rsquo;affichage en nombre suffisant et plac\u00e9s \u00e0 des endroits permettant une information effective du personnel sont mis \u00e0 la disposition des d\u00e9l\u00e9gu\u00e9s syndicaux. Les documents \u00e9dit\u00e9s par les organisations syndicales sont affich\u00e9s avec indication d&rsquo;origine sous la responsabilit\u00e9 desdites organisations. Le contenu de ces affiches, publications et tracts, est librement d\u00e9termin\u00e9 par l&rsquo;organisation syndicale sous r\u00e9serve de l&rsquo;application des dispositions relatives \u00e0 la presse. Tous les documents affich\u00e9s doivent faire l&rsquo;objet d&rsquo;une communication simultan\u00e9e \u00e0 la direction.<\/p>\n\n\n\n<p>D\u2019autre part, les salari\u00e9s exer\u00e7ant des fonctions statutaires dans les organisations syndicales b\u00e9n\u00e9ficient d\u2019autorisations d\u2019absences accord\u00e9es, apr\u00e8s pr\u00e9avis d\u2019au moins une semaine, pour assister aux r\u00e9unions statutaires desdites organisations syndicales, sur pr\u00e9sentation d\u2019un document \u00e9crit \u00e9manant de celles-ci et ce, \u00e0 condition que ces absences n\u2019apportent pas de g\u00eane sensible \u00e0 la production. Elles ne viennent pas en d\u00e9duction du cong\u00e9 annuel.<\/p>\n\n\n\n<div class=\"wp-block-buttons is-layout-flex wp-block-buttons-is-layout-flex\">\n<div class=\"wp-block-button\"><a class=\"wp-block-button__link has-background\" href=\"https:\/\/ccn-pale.org\/index.php\/dispositions-generales\/article-6-libertes-syndicales-et-dopinion\/\" style=\"background-color:#037878\">Article pr\u00e9c\u00e9dent<\/a><\/div>\n\n\n\n<div class=\"wp-block-button is-style-outline is-style-outline--1\"><a class=\"wp-block-button__link has-text-color\" href=\"https:\/\/ccn-pale.org\/index.php\/dispositions-generales\/article-8-conges-de-formation-economique-sociale-ou-syndicale\/\" style=\"color:#037878\">Article suivant<\/a><\/div>\n<\/div>\n","protected":false},"excerpt":{"rendered":"<p>L\u2019exercice du droit syndical ne doit pas avoir pour cons\u00e9quence des actes contraires aux lois, il a pour condition une stricte neutralit\u00e9 des lieux de travail. Le r\u00f4le du d\u00e9l\u00e9gu\u00e9 syndical est celui reconnu par la loi. Pour l\u2019exercice de ce droit, le d\u00e9l\u00e9gu\u00e9 syndical &hellip; <\/p>\n","protected":false},"author":1,"featured_media":0,"parent":138,"menu_order":7,"comment_status":"closed","ping_status":"closed","template":"","meta":{"footnotes":""},"class_list":["post-245","page","type-page","status-publish","hentry"],"_links":{"self":[{"href":"https:\/\/ccn-pale.org\/index.php\/wp-json\/wp\/v2\/pages\/245","targetHints":{"allow":["GET"]}}],"collection":[{"href":"https:\/\/ccn-pale.org\/index.php\/wp-json\/wp\/v2\/pages"}],"about":[{"href":"https:\/\/ccn-pale.org\/index.php\/wp-json\/wp\/v2\/types\/page"}],"author":[{"embeddable":true,"href":"https:\/\/ccn-pale.org\/index.php\/wp-json\/wp\/v2\/users\/1"}],"replies":[{"embeddable":true,"href":"https:\/\/ccn-pale.org\/index.php\/wp-json\/wp\/v2\/comments?post=245"}],"version-history":[{"count":8,"href":"https:\/\/ccn-pale.org\/index.php\/wp-json\/wp\/v2\/pages\/245\/revisions"}],"predecessor-version":[{"id":573,"href":"https:\/\/ccn-pale.org\/index.php\/wp-json\/wp\/v2\/pages\/245\/revisions\/573"}],"up":[{"embeddable":true,"href":"https:\/\/ccn-pale.org\/index.php\/wp-json\/wp\/v2\/pages\/138"}],"wp:attachment":[{"href":"https:\/\/ccn-pale.org\/index.php\/wp-json\/wp\/v2\/media?parent=245"}],"curies":[{"name":"wp","href":"https:\/\/api.w.org\/{rel}","templated":true}]}}