{"id":211,"date":"2021-06-04T17:22:17","date_gmt":"2021-06-04T15:22:17","guid":{"rendered":"https:\/\/ccn-pale.org\/?page_id=211"},"modified":"2026-04-17T14:26:59","modified_gmt":"2026-04-17T12:26:59","slug":"autres-accords","status":"publish","type":"page","link":"https:\/\/ccn-pale.org\/index.php\/autres-accords\/","title":{"rendered":"Autres accords"},"content":{"rendered":"\n<p><a href=\"https:\/\/adepaletest.sharepoint.com\/:b:\/s\/SocialFormation\/EVYlmv7Qz8NAqAnXD4LQ5BMB5WghxMXhIEtxWL6C3Jiexg?e=DkjYrM\" target=\"_blank\" rel=\"noreferrer noopener\">Accord national relatif \u00e0 la retraite compl\u00e9mentaire<\/a><\/p>\n\n\n\n<p><a rel=\"noreferrer noopener\" href=\"https:\/\/ccn-pale.org\/wp-content\/uploads\/2021\/06\/001-ACCORD-N\u00b046-RTT-37-HEURES-1.pdf\" target=\"_blank\">Avenant n\u00b046 du 2\/12\/98 \u2013 relatif \u00e0 la RTT \u00e0 une moyenne annuelle de 37 heures hebdomadaires<\/a><\/p>\n\n\n\n<p><a rel=\"noreferrer noopener\" href=\"https:\/\/ccn-pale.org\/wp-content\/uploads\/2021\/06\/002ACCORD-N\u00b047.pdf\" target=\"_blank\">Accord n\u00b047 du 2\/12\/98 relatif \u00e0 la RTT des entreprises d\u00e9pourvues de d\u00e9l\u00e9gu\u00e9s syndicaux<\/a><\/p>\n\n\n\n<p><a rel=\"noreferrer noopener\" href=\"https:\/\/ccn-pale.org\/wp-content\/uploads\/2021\/06\/003ACCORD-N\u00b048.pdf\" target=\"_blank\">Accord n\u00b0 48 du 1\/12\/98 relatif \u00e0 la RTT \u00e0 35 heures ou moins en contreparties de recrutement avec ou sans aides gouvernementales<\/a><\/p>\n\n\n\n<p><a rel=\"noreferrer noopener\" href=\"https:\/\/ccn-pale.org\/wp-content\/uploads\/2021\/06\/004Accord-N\u00b062.pdf\" target=\"_blank\">Accord n\u00b062 du 24\/04\/02 relatif aux mesures d\u2019encadrement du travail de nuit des travailleurs de nuit<\/a><\/p>\n\n\n\n<p><a rel=\"noreferrer noopener\" href=\"https:\/\/ccn-pale.org\/wp-content\/uploads\/2021\/06\/005Accord-N\u00b067.pdf\" target=\"_blank\">Accord n\u00b067 du 04\/12\/03 relatif au r\u00e9gime de pr\u00e9voyance<\/a><\/p>\n\n\n\n<p><a rel=\"noreferrer noopener\" href=\"https:\/\/ccn-pale.org\/wp-content\/uploads\/2021\/06\/006Avenant-N\u00b070.pdf\" target=\"_blank\">Accord n\u00b070 du 17\/12\/04 relatif \u00e0 l\u2019actualisation des dispositions de la convention collective (Reprise partielle)<\/a><\/p>\n\n\n\n<p><a rel=\"noreferrer noopener\" href=\"https:\/\/ccn-pale.org\/wp-content\/uploads\/2021\/06\/007Avenant-N\u00b071.pdf\" target=\"_blank\">Accord n\u00b071 du 17\/12\/04 relatif au r\u00e9gime de pr\u00e9voyance (Reprise partielle)<\/a><\/p>\n\n\n\n<p><a rel=\"noreferrer noopener\" href=\"https:\/\/ccn-pale.org\/wp-content\/uploads\/2021\/06\/009Accord74-Senior.pdf\" data-type=\"URL\" data-id=\"https:\/\/ccn-pale.org\/wp-content\/uploads\/2021\/06\/009Accord74-Senior.pdf\" target=\"_blank\">Accord n\u00b074 du 21 juin 2007 relatif \u00e0 l\u2019emploi des seniors<\/a><\/p>\n\n\n\n<p><a rel=\"noreferrer noopener\" href=\"https:\/\/ccn-pale.org\/wp-content\/uploads\/2021\/06\/010Accord76HandicapActua20080328.pdf\" data-type=\"URL\" data-id=\"https:\/\/ccn-pale.org\/wp-content\/uploads\/2021\/06\/010Accord76HandicapActua20080328.pdf\" target=\"_blank\">Accord n\u00b076 du 31 octobre 2007 relatif \u00e0 l\u2019insertion et au maintien dans l\u2019emploi des personnes handicap\u00e9e<\/a>s<\/p>\n\n\n\n<p><a rel=\"noreferrer noopener\" href=\"https:\/\/ccn-pale.org\/wp-content\/uploads\/2021\/09\/011_20091026_-ACCORD-GPEC.pdf\" data-type=\"URL\" data-id=\"https:\/\/ccn-pale.org\/wp-content\/uploads\/2021\/09\/011_20091026_-ACCORD-GPEC.pdf\" target=\"_blank\">Accord du 26 octobre 2009 pour le d\u00e9veloppement de la GPEC dans les industries alimentaires<\/a><\/p>\n\n\n\n<p><a rel=\"noreferrer noopener\" href=\"https:\/\/ccn-pale.org\/wp-content\/uploads\/2021\/06\/012Accord-n83-PostesRepere.pdf\" target=\"_blank\">Accord n\u00b083 du 26 novembre 2009 relatif aux postes rep\u00e8res<\/a><\/p>\n\n\n\n<p><a rel=\"noreferrer noopener\" href=\"https:\/\/ccn-pale.org\/wp-content\/uploads\/2021\/06\/014_Accord-n90Egalite-hommes-femmes.pdf\" target=\"_blank\">Accord n\u00b090 du 22 septembre 2010 relatif \u00e0 l\u2019\u00e9galit\u00e9 et la mixit\u00e9 entre les hommes et les femmes<\/a><\/p>\n\n\n\n<p><a rel=\"noreferrer noopener\" href=\"https:\/\/ccn-pale.org\/wp-content\/uploads\/2021\/06\/015Accord-n93-relatif-a-lexperimentation-du-CDD-a-objet-defini.pdf\" target=\"_blank\">Accord n\u00b093 du 20 septembre 2011 relatif \u00e0 l\u2019exp\u00e9rimentation du contrat \u00e0 objet d\u00e9fini<\/a><\/p>\n\n\n\n<p><a rel=\"noreferrer noopener\" href=\"https:\/\/ccn-pale.org\/wp-content\/uploads\/2021\/09\/017_Accord-interbranches-ComplementaireSante.pdf\" data-type=\"URL\" data-id=\"https:\/\/ccn-pale.org\/wp-content\/uploads\/2021\/09\/017_Accord-interbranches-ComplementaireSante.pdf\" target=\"_blank\">Accord du 18 novembre 2014 relatif \u00e0 la mise en place de garanties compl\u00e9mentaires de frais de sant\u00e9 dans la coop\u00e9ration agricole et dans des branches des industries agro-alimentaire et ses avenants<\/a><\/p>\n\n\n\n<p><a rel=\"noreferrer noopener\" href=\"https:\/\/ccn-pale.org\/wp-content\/uploads\/2021\/06\/018_Acc103-Remb_-Frais.pdf\" target=\"_blank\">Accord n\u00b0103 du 12 octobre 2016 relatif au remboursement des frais des commissaires salari\u00e9s<\/a><\/p>\n\n\n\n<p><a rel=\"noreferrer noopener\" href=\"https:\/\/ccn-pale.org\/wp-content\/uploads\/2021\/06\/020_Acc104_Prevoyance.pdf\" target=\"_blank\">Accord n\u00b0104 du 16 d\u00e9cembre 2016 relatif au r\u00e9gime de pr\u00e9voyance<\/a><\/p>\n\n\n\n<p><a rel=\"noreferrer noopener\" href=\"https:\/\/ccn-pale.org\/wp-content\/uploads\/2021\/06\/021_Acc105_Saisonniers.pdf\" target=\"_blank\">Accord n\u00b0 105 du 24 f\u00e9vrier 2017 relatif \u00e0 la reconduction des contrats saisonniers<\/a><\/p>\n\n\n\n<p><a href=\"https:\/\/ccn-pale.org\/wp-content\/uploads\/2022\/09\/022_Accordn\u00b0108_ConvForfaits.pdf\">Accord n\u00b0108 du 13 d\u00e9cembre 2017 relatif aux conventions de forfait annuel en heures ou en jours<\/a><\/p>\n\n\n\n<p><a rel=\"noreferrer noopener\" href=\"https:\/\/ccn-pale.org\/wp-content\/uploads\/2021\/09\/024_Accord-n\u00b0110-du-14-juin-2018-Regime-de-prevoyance-conventionnelle-ADEPALE.pdf\" data-type=\"URL\" data-id=\"https:\/\/ccn-pale.org\/wp-content\/uploads\/2021\/09\/024_Accord-n\u00b0110-du-14-juin-2018-Regime-de-prevoyance-conventionnelle-ADEPALE.pdf\" target=\"_blank\">Accord n\u00b0110 du 14 juin 2018 relatif au r\u00e9gime de pr\u00e9voyance<\/a><\/p>\n\n\n\n<p><a rel=\"noreferrer noopener\" href=\"https:\/\/ccn-pale.org\/wp-content\/uploads\/2021\/09\/025_Accord-n\u00b0112-du-28-fevrier-2020-Salaires-minimaavenant.pdf\" data-type=\"URL\" data-id=\"https:\/\/ccn-pale.org\/wp-content\/uploads\/2021\/09\/025_Accord-n\u00b0112-du-28-fevrier-2020-Salaires-minimaavenant.pdf\" target=\"_blank\">Accord n\u00b0112 relatif aux salaires minima 2020<\/a><\/p>\n\n\n\n<p><a href=\"https:\/\/adepaletest.sharepoint.com\/:b:\/s\/CRM\/Ebwf1GeFAsFPnIQ1oKjhCOgBmx5vttJllfkJSxFR7wa3jg?e=de1a70\" data-type=\"URL\" data-id=\"https:\/\/adepaletest.sharepoint.com\/:b:\/s\/CRM\/Ebwf1GeFAsFPnIQ1oKjhCOgBmx5vttJllfkJSxFR7wa3jg?e=de1a70\" target=\"_blank\" rel=\"noreferrer noopener\">Accord n\u00b0113 relatif aux salaires minima 2022<\/a><\/p>\n\n\n\n<p><a href=\"https:\/\/ccn-pale.org\/wp-content\/uploads\/2023\/03\/2-ADEPALE-Accord-de-salaires-n\u00b0114-du-11-janvier-2023.pdf\" data-type=\"URL\" data-id=\"https:\/\/ccn-pale.org\/wp-content\/uploads\/2023\/03\/2-ADEPALE-Accord-de-salaires-n\u00b0114-du-11-janvier-2023.pdf\">Accord n\u00b0114 relatif aux salaires minima 2023<\/a><\/p>\n\n\n\n<p><a href=\"https:\/\/ccn-pale.org\/wp-content\/uploads\/2024\/01\/ADEPALE-Accord-n\u00b0115-du-3-novembre-2023-signe.pdf\" target=\"_blank\" rel=\"noreferrer noopener\">Accord n\u00b0115 du 3 novembre 2023 relatif au r\u00e9gime de pr\u00e9voyance<\/a> <em>(modifi\u00e9 par l&rsquo;accord n\u00b0122 &#8211; <a href=\"https:\/\/ccn-pale.org\/wp-content\/uploads\/2026\/02\/029.1_20231103_-Accn\u00b0115_TauxReferenceVF-Mod_Acc122.pdf\" data-type=\"attachment\" data-id=\"1222\" target=\"_blank\" rel=\"noreferrer noopener\">Version modifi\u00e9e<\/a>)<\/em><\/p>\n\n\n\n<p><a href=\"https:\/\/ccn-pale.org\/wp-content\/uploads\/2024\/12\/032_20230530_Accord-Epargne_-VDEF.pdf\" data-type=\"attachment\" data-id=\"1172\" target=\"_blank\" rel=\"noreferrer noopener\">Accord interbranches du 30 mai 2023 portant am\u00e9lioration du dispositif d&rsquo;\u00e9pargne salariale<\/a> <em>(Accord agr\u00e9\u00e9 par arr\u00eat\u00e9 du 18 janvier 2024) <\/em><\/p>\n\n\n\n<p><a href=\"https:\/\/ccn-pale.org\/wp-content\/uploads\/2024\/02\/030_Accord-n\u00b0116-du-17-janvier-2024-salaires-minima-signe.pdf\" target=\"_blank\" rel=\"noreferrer noopener\">Accord n\u00b0116 du 17 janvier 2024 relatif aux salaires minima 2024<\/a> <em>(Etendu par<\/em> <em>arr\u00eat\u00e9 du 25\/03\/2024) <\/em><\/p>\n\n\n\n<p><a href=\"https:\/\/ccn-pale.org\/wp-content\/uploads\/2024\/02\/031_20240117_Accord117_-Assiette_Prime_Anciennete-signe.pdf\" target=\"_blank\" rel=\"noreferrer noopener\">Accord n\u00b0117 du 17 janvier 2024 relatif \u00e0 l&rsquo;assiette de la prime d&rsquo;anciennet\u00e9 des ouvriers \/ employ\u00e9s<\/a> <em>(Etendu par arr\u00eat\u00e9 du 15\/04\/2024)<\/em><\/p>\n\n\n\n<p><a href=\"https:\/\/ccn-pale.org\/wp-content\/uploads\/2024\/05\/20240404_Accord-n\u00b0118-Articles36-Signe.pdf\" target=\"_blank\" rel=\"noreferrer noopener\">Accord n\u00b0118 du 4 avril 2024 relatif au r\u00e9gime de pr\u00e9voyance des TAM, ing\u00e9nieurs et cadres<\/a> <em>(Etendu par arr\u00eat\u00e9 du 4 juin 2024)<\/em><\/p>\n\n\n\n<p><a href=\"https:\/\/ccn-pale.org\/wp-content\/uploads\/2025\/02\/033_20250124_Accord-n\u00b0119_Salaires_minima.pdf\" data-type=\"attachment\" data-id=\"1183\" target=\"_blank\" rel=\"noreferrer noopener\">Accord n\u00b0119 du 24 janvier 2025 relatif aux salaires minima 2025<\/a> <em>(Etendu par arr\u00eat\u00e9 du 27 mai 2025)<\/em><\/p>\n\n\n\n<p><a href=\"https:\/\/ccn-pale.org\/wp-content\/uploads\/2025\/07\/20250617_-Acc_n\u00b0120_PostesReperes-signe.pdf\" data-type=\"attachment\" data-id=\"1198\" target=\"_blank\" rel=\"noreferrer noopener\">Accord n\u00b0120 du 17 juin 2025 relatif aux postes rep\u00e8res<\/a> <em>(Etendu par arr\u00eat\u00e9 du 18 septembre 2025)<\/em><\/p>\n\n\n\n<p><a href=\"https:\/\/ccn-pale.org\/wp-content\/uploads\/2026\/02\/035_2025090_Accn\u00b0121_FIPU_Signe.pdf\" data-type=\"attachment\" data-id=\"1211\" target=\"_blank\" rel=\"noreferrer noopener\">Accord n\u00b0121 du 9 septembre 2025 relatif aux m\u00e9tiers particuli\u00e8rement expos\u00e9s aux facteurs de risques ergonomiques<\/a><em>(Extension en cours)<\/em><\/p>\n\n\n\n<p><a href=\"https:\/\/ccn-pale.org\/wp-content\/uploads\/2026\/02\/036_Acc-N122-Frais-Obseques-Signe.pdf\" data-type=\"attachment\" data-id=\"1212\" target=\"_blank\" rel=\"noreferrer noopener\">Accord n\u00b0122 du 18 d\u00e9cembre 2025 relatif au r\u00e9gime de pr\u00e9voyance<\/a> <em>(Etendu par arr\u00eat\u00e9 du 18 mars 2026 )<\/em><\/p>\n\n\n\n<p><a href=\"https:\/\/ccn-pale.org\/wp-content\/uploads\/2026\/02\/037_Accn\u00b0123_SalairesMinima2026.pdf\" data-type=\"attachment\" data-id=\"1213\" target=\"_blank\" rel=\"noreferrer noopener\">Accord n\u00b0123 du 30 janvier 2026 relatif aux salaires minima<\/a> <em>(Etendu par arr\u00eat\u00e9 du 8 avril 2026)<\/em><\/p>\n\n\n\n<p><\/p>\n","protected":false},"excerpt":{"rendered":"<p>Accord national relatif \u00e0 la retraite compl\u00e9mentaire Avenant n\u00b046 du 2\/12\/98 \u2013 relatif \u00e0 la RTT \u00e0 une moyenne annuelle de 37 heures hebdomadaires Accord n\u00b047 du 2\/12\/98 relatif \u00e0 la RTT des entreprises d\u00e9pourvues de d\u00e9l\u00e9gu\u00e9s syndicaux Accord n\u00b0 48 du 1\/12\/98 relatif \u00e0 &hellip; <\/p>\n","protected":false},"author":1,"featured_media":0,"parent":0,"menu_order":0,"comment_status":"closed","ping_status":"closed","template":"","meta":{"footnotes":""},"class_list":["post-211","page","type-page","status-publish","hentry"],"_links":{"self":[{"href":"https:\/\/ccn-pale.org\/index.php\/wp-json\/wp\/v2\/pages\/211","targetHints":{"allow":["GET"]}}],"collection":[{"href":"https:\/\/ccn-pale.org\/index.php\/wp-json\/wp\/v2\/pages"}],"about":[{"href":"https:\/\/ccn-pale.org\/index.php\/wp-json\/wp\/v2\/types\/page"}],"author":[{"embeddable":true,"href":"https:\/\/ccn-pale.org\/index.php\/wp-json\/wp\/v2\/users\/1"}],"replies":[{"embeddable":true,"href":"https:\/\/ccn-pale.org\/index.php\/wp-json\/wp\/v2\/comments?post=211"}],"version-history":[{"count":63,"href":"https:\/\/ccn-pale.org\/index.php\/wp-json\/wp\/v2\/pages\/211\/revisions"}],"predecessor-version":[{"id":1233,"href":"https:\/\/ccn-pale.org\/index.php\/wp-json\/wp\/v2\/pages\/211\/revisions\/1233"}],"wp:attachment":[{"href":"https:\/\/ccn-pale.org\/index.php\/wp-json\/wp\/v2\/media?parent=211"}],"curies":[{"name":"wp","href":"https:\/\/api.w.org\/{rel}","templated":true}]}}