{"id":209,"date":"2021-06-04T17:21:25","date_gmt":"2021-06-04T15:21:25","guid":{"rendered":"https:\/\/ccn-pale.org\/?page_id=209"},"modified":"2021-09-22T16:37:45","modified_gmt":"2021-09-22T14:37:45","slug":"classifications","status":"publish","type":"page","link":"https:\/\/ccn-pale.org\/index.php\/classifications\/","title":{"rendered":"Classifications"},"content":{"rendered":"\n<p>Les classifications des postes de travail dans les Industries de la Conserve sont r\u00e9gies par&nbsp;:<\/p>\n\n\n\n<p>1 &#8211; les conditions g\u00e9n\u00e9rales de l&rsquo;accord de classification des postes du 19 juin 1991 des diverses branches des industries agricoles et alimentaires sign\u00e9 entre<\/p>\n\n\n\n<ul class=\"wp-block-list\"><li>les organisations syndicales patronales des Industries Agricoles et Alimentaires dont la liste figure en annexe I de l&rsquo;accord<\/li><\/ul>\n\n\n\n<p>et<\/p>\n\n\n\n<ul class=\"wp-block-list\"><li>la F\u00e9d\u00e9ration G\u00e9n\u00e9rale Agro-Alimentaire \u2013 CFDT<\/li><li>la F\u00e9d\u00e9ration Nationale de l&rsquo;Alimentation et des Prestations de service FNSASPS \u2013 CFTC<\/li><li>la F\u00e9d\u00e9ration G\u00e9n\u00e9rale des Travailleurs de l&rsquo;Agriculture; de l&rsquo;Alimentation et des Secteurs connexes \u2013 FO<\/li><li>la F\u00e9d\u00e9ration Agro-Alimentaire CFE-CGC<\/li><\/ul>\n\n\n\n<p>2 &#8211; l&rsquo;annexe \u00e0 l&rsquo;accord de classification des postes du 19-06-1991 dans diverses branches des industries agricoles et alimentaires : Accord national de classification des postes de travail dans les industries de la conserve,<\/p>\n\n\n\n<p>3 &#8211;&nbsp; et le \u00ab Guide d&rsquo;entretien et son mode d&#8217;emploi \u00bb, sign\u00e9s entre<\/p>\n\n\n\n<ul class=\"wp-block-list\"><li>la Chambre Syndicale Nationale des industries de la conserve,<\/li><li>la F\u00e9d\u00e9ration Nationale des Syndicats de confituriers et conserveurs de fruits,<\/li><\/ul>\n\n\n\n<p>d&rsquo;une part et<\/p>\n\n\n\n<ul class=\"wp-block-list\"><li>les centrales syndicales signataires ci-dessous&nbsp;:<\/li><li>la F\u00e9d\u00e9ration G\u00e9n\u00e9rale Agro-Alimentaire \u2013 CFDT<\/li><li>la F\u00e9d\u00e9ration Nationale des Syndicats de l&rsquo;Alimentation et des Prestations de Services&nbsp; FNSASPS &#8211; CFTC<\/li><li>la F\u00e9d\u00e9ration G\u00e9n\u00e9rale des Travailleurs de l&rsquo;Agriculture, de l&rsquo;Alimentation et des Secteurs connexes \u2013 FO<\/li><li>la F\u00e9d\u00e9ration Agro-Alimentaire CFE-CGC<\/li><\/ul>\n\n\n\n<p>d&rsquo;autre part.<\/p>\n\n\n\n<p><\/p>\n","protected":false},"excerpt":{"rendered":"<p>Les classifications des postes de travail dans les Industries de la Conserve sont r\u00e9gies par&nbsp;: 1 &#8211; les conditions g\u00e9n\u00e9rales de l&rsquo;accord de classification des postes du 19 juin 1991 des diverses branches des industries agricoles et alimentaires sign\u00e9 entre les organisations syndicales patronales des &hellip; <\/p>\n","protected":false},"author":1,"featured_media":0,"parent":0,"menu_order":1,"comment_status":"closed","ping_status":"closed","template":"","meta":{"footnotes":""},"class_list":["post-209","page","type-page","status-publish","hentry"],"_links":{"self":[{"href":"https:\/\/ccn-pale.org\/index.php\/wp-json\/wp\/v2\/pages\/209","targetHints":{"allow":["GET"]}}],"collection":[{"href":"https:\/\/ccn-pale.org\/index.php\/wp-json\/wp\/v2\/pages"}],"about":[{"href":"https:\/\/ccn-pale.org\/index.php\/wp-json\/wp\/v2\/types\/page"}],"author":[{"embeddable":true,"href":"https:\/\/ccn-pale.org\/index.php\/wp-json\/wp\/v2\/users\/1"}],"replies":[{"embeddable":true,"href":"https:\/\/ccn-pale.org\/index.php\/wp-json\/wp\/v2\/comments?post=209"}],"version-history":[{"count":3,"href":"https:\/\/ccn-pale.org\/index.php\/wp-json\/wp\/v2\/pages\/209\/revisions"}],"predecessor-version":[{"id":999,"href":"https:\/\/ccn-pale.org\/index.php\/wp-json\/wp\/v2\/pages\/209\/revisions\/999"}],"wp:attachment":[{"href":"https:\/\/ccn-pale.org\/index.php\/wp-json\/wp\/v2\/media?parent=209"}],"curies":[{"name":"wp","href":"https:\/\/api.w.org\/{rel}","templated":true}]}}