{"id":203,"date":"2021-06-04T17:10:38","date_gmt":"2021-06-04T15:10:38","guid":{"rendered":"https:\/\/ccn-pale.org\/?page_id=203"},"modified":"2021-06-25T18:01:33","modified_gmt":"2021-06-25T16:01:33","slug":"article-1-champ-dapplication","status":"publish","type":"page","link":"https:\/\/ccn-pale.org\/index.php\/tam\/article-1-champ-dapplication\/","title":{"rendered":"Article 1 &#8211; Champ d&rsquo;application"},"content":{"rendered":"\n<p>Outre les dispositions g\u00e9n\u00e9rales, la pr\u00e9sente annexe fixe les conditions particuli\u00e8res de travail des salari\u00e9s appartenant \u00e0 la cat\u00e9gorie TAM[1] et occupant les divers emplois d\u00e9finis dans la classification \u00ab Techniciens \u00bb et \u00ab Agents de ma\u00eetrise \u00bb de l&rsquo;accord d&rsquo;harmonisation des classifications d&#8217;emplois dans les diverses branches des industries agricoles et alimentaires.<\/p>\n\n\n\n<hr class=\"wp-block-separator\"\/>\n\n\n\n<p><em>[1] &#8211; Les techniciens assimil\u00e9s mentionn\u00e9s dans les textes ant\u00e9rieurs sont compris dans la pr\u00e9sente cat\u00e9gorie.<\/em><\/p>\n\n\n\n<div class=\"wp-block-buttons is-layout-flex wp-block-buttons-is-layout-flex\">\n<div class=\"wp-block-button is-style-outline is-style-outline--1\"><a class=\"wp-block-button__link has-white-background-color has-text-color has-background\" href=\"https:\/\/ccn-pale.org\/index.php\/tam\/article-2-periode-dessai\/\" style=\"color:#037878\">Article suivant<\/a><\/div>\n<\/div>\n\n\n\n<p><\/p>\n","protected":false},"excerpt":{"rendered":"<p>Outre les dispositions g\u00e9n\u00e9rales, la pr\u00e9sente annexe fixe les conditions particuli\u00e8res de travail des salari\u00e9s appartenant \u00e0 la cat\u00e9gorie TAM[1] et occupant les divers emplois d\u00e9finis dans la classification \u00ab Techniciens \u00bb et \u00ab Agents de ma\u00eetrise \u00bb de l&rsquo;accord d&rsquo;harmonisation des classifications d&#8217;emplois dans &hellip; <\/p>\n","protected":false},"author":1,"featured_media":0,"parent":230,"menu_order":1,"comment_status":"closed","ping_status":"closed","template":"","meta":{"footnotes":""},"class_list":["post-203","page","type-page","status-publish","hentry"],"_links":{"self":[{"href":"https:\/\/ccn-pale.org\/index.php\/wp-json\/wp\/v2\/pages\/203","targetHints":{"allow":["GET"]}}],"collection":[{"href":"https:\/\/ccn-pale.org\/index.php\/wp-json\/wp\/v2\/pages"}],"about":[{"href":"https:\/\/ccn-pale.org\/index.php\/wp-json\/wp\/v2\/types\/page"}],"author":[{"embeddable":true,"href":"https:\/\/ccn-pale.org\/index.php\/wp-json\/wp\/v2\/users\/1"}],"replies":[{"embeddable":true,"href":"https:\/\/ccn-pale.org\/index.php\/wp-json\/wp\/v2\/comments?post=203"}],"version-history":[{"count":2,"href":"https:\/\/ccn-pale.org\/index.php\/wp-json\/wp\/v2\/pages\/203\/revisions"}],"predecessor-version":[{"id":616,"href":"https:\/\/ccn-pale.org\/index.php\/wp-json\/wp\/v2\/pages\/203\/revisions\/616"}],"up":[{"embeddable":true,"href":"https:\/\/ccn-pale.org\/index.php\/wp-json\/wp\/v2\/pages\/230"}],"wp:attachment":[{"href":"https:\/\/ccn-pale.org\/index.php\/wp-json\/wp\/v2\/media?parent=203"}],"curies":[{"name":"wp","href":"https:\/\/api.w.org\/{rel}","templated":true}]}}