{"id":199,"date":"2021-06-04T17:04:50","date_gmt":"2021-06-04T15:04:50","guid":{"rendered":"https:\/\/ccn-pale.org\/?page_id=199"},"modified":"2021-08-03T15:17:56","modified_gmt":"2021-08-03T13:17:56","slug":"article-4-etablissements-a-activites-multiples","status":"publish","type":"page","link":"https:\/\/ccn-pale.org\/index.php\/dispositions-generales\/article-4-etablissements-a-activites-multiples\/","title":{"rendered":"Article 4 &#8211; \u00c9tablissements \u00e0 activit\u00e9s multiples"},"content":{"rendered":"\n<p>Les \u00e9tablissements \u00e0 activit\u00e9s multiples rel\u00e8vent en principe de la convention collective applicable \u00e0 l\u2019activit\u00e9 principale.<\/p>\n\n\n\n<div class=\"wp-block-buttons is-layout-flex wp-block-buttons-is-layout-flex\">\n<div class=\"wp-block-button\"><a class=\"wp-block-button__link has-background\" href=\"https:\/\/ccn-pale.org\/index.php\/dispositions-generales\/article-3-determination-de-lanciennete\/\" style=\"background-color:#037878\">Article pr\u00e9c\u00e9dent<\/a><\/div>\n\n\n\n<div class=\"wp-block-button is-style-outline is-style-outline--1\"><a class=\"wp-block-button__link has-text-color\" href=\"https:\/\/ccn-pale.org\/index.php\/dispositions-generales\/article-5-duree-revision-denonciation\/\" style=\"color:#037878\">Article suivant<\/a><\/div>\n<\/div>\n\n\n\n<p><\/p>\n","protected":false},"excerpt":{"rendered":"<p>Les \u00e9tablissements \u00e0 activit\u00e9s multiples rel\u00e8vent en principe de la convention collective applicable \u00e0 l\u2019activit\u00e9 principale.<\/p>\n","protected":false},"author":1,"featured_media":0,"parent":138,"menu_order":4,"comment_status":"closed","ping_status":"closed","template":"","meta":{"footnotes":""},"class_list":["post-199","page","type-page","status-publish","hentry"],"_links":{"self":[{"href":"https:\/\/ccn-pale.org\/index.php\/wp-json\/wp\/v2\/pages\/199","targetHints":{"allow":["GET"]}}],"collection":[{"href":"https:\/\/ccn-pale.org\/index.php\/wp-json\/wp\/v2\/pages"}],"about":[{"href":"https:\/\/ccn-pale.org\/index.php\/wp-json\/wp\/v2\/types\/page"}],"author":[{"embeddable":true,"href":"https:\/\/ccn-pale.org\/index.php\/wp-json\/wp\/v2\/users\/1"}],"replies":[{"embeddable":true,"href":"https:\/\/ccn-pale.org\/index.php\/wp-json\/wp\/v2\/comments?post=199"}],"version-history":[{"count":7,"href":"https:\/\/ccn-pale.org\/index.php\/wp-json\/wp\/v2\/pages\/199\/revisions"}],"predecessor-version":[{"id":947,"href":"https:\/\/ccn-pale.org\/index.php\/wp-json\/wp\/v2\/pages\/199\/revisions\/947"}],"up":[{"embeddable":true,"href":"https:\/\/ccn-pale.org\/index.php\/wp-json\/wp\/v2\/pages\/138"}],"wp:attachment":[{"href":"https:\/\/ccn-pale.org\/index.php\/wp-json\/wp\/v2\/media?parent=199"}],"curies":[{"name":"wp","href":"https:\/\/api.w.org\/{rel}","templated":true}]}}