{"id":196,"date":"2021-06-04T16:57:38","date_gmt":"2021-06-04T14:57:38","guid":{"rendered":"https:\/\/ccn-pale.org\/?page_id=196"},"modified":"2021-06-18T11:12:50","modified_gmt":"2021-06-18T09:12:50","slug":"article-3-determination-de-lanciennete","status":"publish","type":"page","link":"https:\/\/ccn-pale.org\/index.php\/dispositions-generales\/article-3-determination-de-lanciennete\/","title":{"rendered":"Article 3 &#8211; D\u00e9termination de l&rsquo;anciennet\u00e9"},"content":{"rendered":"\n<p class=\"has-text-color\" style=\"color:#037878\"><em>(Actualis\u00e9 par l\u2019accord n\u00b090 du 22 septembre 2010)<\/em><\/p>\n\n\n\n<p>Pour l\u2019application des dispositions de la pr\u00e9sente convention qui sont subordonn\u00e9es \u00e0 une certaine anciennet\u00e9, on d\u00e9terminera celle-ci en tenant compte :<\/p>\n\n\n\n<p>a) De la \u00ab pr\u00e9sence continue \u00bb dans l\u2019entreprise, c\u2019est-\u00e0-dire du temps \u00e9coul\u00e9 depuis la date d\u2019engagement du contrat de travail en cours, sans que soient exclues les p\u00e9riodes pendant lesquelles le contrat a \u00e9t\u00e9 suspendu, telles que :<\/p>\n\n\n\n<ul class=\"wp-block-list\"><li>P\u00e9riodes de maladie ou d\u2019accident ;<\/li><li>P\u00e9riodes militaires obligatoires ;<\/li><li>P\u00e9riodes de cong\u00e9 de maternit\u00e9, de cong\u00e9 de paternit\u00e9 et cong\u00e9 d\u2019adoption pr\u00e9vues par l\u2019article 36 ci-apr\u00e8s ;<\/li><li>Cong\u00e9s de formation professionnelle telle que pr\u00e9vue par l\u2019article L. 6322-1 du code du travail&nbsp;;<\/li><li>Cong\u00e9s de formation \u00e9conomique, sociale ou syndicale obtenus dans le cadre de l\u2019article 8 ci-apr\u00e8s&nbsp;;<\/li><li>D\u00e9lais accord\u00e9s dans certains cas par l\u2019employeur aux immigr\u00e9s pour faciliter leurs cong\u00e9s dans leurs pays d\u2019origine ;<\/li><li>Autres autorisations d\u2019absences pr\u00e9vues par la convention collective ;<\/li><li>De la p\u00e9riode comprise entre le d\u00e9part au service militaire obligatoire et la r\u00e9int\u00e9gration dans l\u2019entreprise, lorsque l\u2019int\u00e9ress\u00e9 avait au moins un an de pr\u00e9sence au moment de son d\u00e9part et qu\u2019il a pu \u00eatre r\u00e9int\u00e9gr\u00e9 apr\u00e8s voir fait conna\u00eetre \u00e0 l\u2019employeur, au plus tard dans le mois suivant sa lib\u00e9ration, son d\u00e9sir de reprendre imm\u00e9diatement son emploi ;<\/li><li>Cong\u00e9 parental d\u2019\u00e9ducation et du cong\u00e9 de pr\u00e9sence parentale. Ces cong\u00e9s sont pris en compte dans leur totalit\u00e9 pour la d\u00e9termination de l&rsquo;anciennet\u00e9.<\/li><\/ul>\n\n\n\n<p>b) De la dur\u00e9e des contrats ant\u00e9rieurs dans l\u2019entreprise, \u00e0 l\u2019exclusion toutefois de ceux qui auraient \u00e9t\u00e9 rompus pour faute grave ou lourde.<\/p>\n\n\n\n<div class=\"wp-block-buttons is-layout-flex wp-block-buttons-is-layout-flex\">\n<div class=\"wp-block-button\"><a class=\"wp-block-button__link has-background\" href=\"https:\/\/ccn-pale.org\/index.php\/dispositions-generales\/article-2-conventions-collectives\/\" style=\"background-color:#037878\">Article pr\u00e9c\u00e9dent<\/a><\/div>\n\n\n\n<div class=\"wp-block-button is-style-outline is-style-outline--1\"><a class=\"wp-block-button__link has-text-color\" href=\"https:\/\/ccn-pale.org\/index.php\/dispositions-generales\/article-4-etablissements-a-activites-multiples\/\" style=\"color:#037878\">Article suivant<\/a><\/div>\n<\/div>\n\n\n\n<p><\/p>\n","protected":false},"excerpt":{"rendered":"<p>(Actualis\u00e9 par l\u2019accord n\u00b090 du 22 septembre 2010) Pour l\u2019application des dispositions de la pr\u00e9sente convention qui sont subordonn\u00e9es \u00e0 une certaine anciennet\u00e9, on d\u00e9terminera celle-ci en tenant compte : a) De la \u00ab pr\u00e9sence continue \u00bb dans l\u2019entreprise, c\u2019est-\u00e0-dire du temps \u00e9coul\u00e9 depuis la &hellip; <\/p>\n","protected":false},"author":1,"featured_media":0,"parent":138,"menu_order":2,"comment_status":"closed","ping_status":"closed","template":"","meta":{"footnotes":""},"class_list":["post-196","page","type-page","status-publish","hentry"],"_links":{"self":[{"href":"https:\/\/ccn-pale.org\/index.php\/wp-json\/wp\/v2\/pages\/196","targetHints":{"allow":["GET"]}}],"collection":[{"href":"https:\/\/ccn-pale.org\/index.php\/wp-json\/wp\/v2\/pages"}],"about":[{"href":"https:\/\/ccn-pale.org\/index.php\/wp-json\/wp\/v2\/types\/page"}],"author":[{"embeddable":true,"href":"https:\/\/ccn-pale.org\/index.php\/wp-json\/wp\/v2\/users\/1"}],"replies":[{"embeddable":true,"href":"https:\/\/ccn-pale.org\/index.php\/wp-json\/wp\/v2\/comments?post=196"}],"version-history":[{"count":3,"href":"https:\/\/ccn-pale.org\/index.php\/wp-json\/wp\/v2\/pages\/196\/revisions"}],"predecessor-version":[{"id":519,"href":"https:\/\/ccn-pale.org\/index.php\/wp-json\/wp\/v2\/pages\/196\/revisions\/519"}],"up":[{"embeddable":true,"href":"https:\/\/ccn-pale.org\/index.php\/wp-json\/wp\/v2\/pages\/138"}],"wp:attachment":[{"href":"https:\/\/ccn-pale.org\/index.php\/wp-json\/wp\/v2\/media?parent=196"}],"curies":[{"name":"wp","href":"https:\/\/api.w.org\/{rel}","templated":true}]}}