{"id":168,"date":"2021-06-01T18:07:40","date_gmt":"2021-06-01T16:07:40","guid":{"rendered":"https:\/\/ccn-pale.org\/?page_id=168"},"modified":"2021-06-28T08:58:32","modified_gmt":"2021-06-28T06:58:32","slug":"article-2-conventions-collectives","status":"publish","type":"page","link":"https:\/\/ccn-pale.org\/index.php\/dispositions-generales\/article-2-conventions-collectives\/","title":{"rendered":"Article 2 &#8211; Conventions collectives"},"content":{"rendered":"\n<p>La pr\u00e9sente Convention et ses conventions annexes se substitueront \u00e0 la date de leur mise en vigueur \u00e0 toutes les conventions collectives nationales, r\u00e9gionales ou locales. Toutefois elles ne peuvent \u00eatre la cause de restrictions d\u2019avantages acquis dans les entreprises, soit individuellement, soit collectivement.<\/p>\n\n\n\n<div class=\"wp-block-buttons is-layout-flex wp-block-buttons-is-layout-flex\">\n<div class=\"wp-block-button\"><a class=\"wp-block-button__link has-background\" href=\"https:\/\/ccn-pale.org\/index.php\/dispositions-generales\/article-1-champ-dapplication\/\" style=\"background-color:#037878\">Article pr\u00e9c\u00e9dent<\/a><\/div>\n\n\n\n<div class=\"wp-block-button is-style-outline is-style-outline--1\"><a class=\"wp-block-button__link has-text-color\" href=\"https:\/\/ccn-pale.org\/index.php\/dispositions-generales\/article-3-determination-de-lanciennete\/\" style=\"color:#037878\">Article suivant<\/a><\/div>\n<\/div>\n\n\n\n<p><\/p>\n","protected":false},"excerpt":{"rendered":"<p>La pr\u00e9sente Convention et ses conventions annexes se substitueront \u00e0 la date de leur mise en vigueur \u00e0 toutes les conventions collectives nationales, r\u00e9gionales ou locales. Toutefois elles ne peuvent \u00eatre la cause de restrictions d\u2019avantages acquis dans les entreprises, soit individuellement, soit collectivement.<\/p>\n","protected":false},"author":1,"featured_media":0,"parent":138,"menu_order":2,"comment_status":"closed","ping_status":"closed","template":"","meta":{"footnotes":""},"class_list":["post-168","page","type-page","status-publish","hentry"],"_links":{"self":[{"href":"https:\/\/ccn-pale.org\/index.php\/wp-json\/wp\/v2\/pages\/168","targetHints":{"allow":["GET"]}}],"collection":[{"href":"https:\/\/ccn-pale.org\/index.php\/wp-json\/wp\/v2\/pages"}],"about":[{"href":"https:\/\/ccn-pale.org\/index.php\/wp-json\/wp\/v2\/types\/page"}],"author":[{"embeddable":true,"href":"https:\/\/ccn-pale.org\/index.php\/wp-json\/wp\/v2\/users\/1"}],"replies":[{"embeddable":true,"href":"https:\/\/ccn-pale.org\/index.php\/wp-json\/wp\/v2\/comments?post=168"}],"version-history":[{"count":8,"href":"https:\/\/ccn-pale.org\/index.php\/wp-json\/wp\/v2\/pages\/168\/revisions"}],"predecessor-version":[{"id":518,"href":"https:\/\/ccn-pale.org\/index.php\/wp-json\/wp\/v2\/pages\/168\/revisions\/518"}],"up":[{"embeddable":true,"href":"https:\/\/ccn-pale.org\/index.php\/wp-json\/wp\/v2\/pages\/138"}],"wp:attachment":[{"href":"https:\/\/ccn-pale.org\/index.php\/wp-json\/wp\/v2\/media?parent=168"}],"curies":[{"name":"wp","href":"https:\/\/api.w.org\/{rel}","templated":true}]}}